{"id":1115,"date":"2023-10-27T10:21:14","date_gmt":"2023-10-27T10:21:14","guid":{"rendered":"https:\/\/wp.mittelschule-regenstauf.de\/?page_id=1115"},"modified":"2026-02-26T09:13:52","modified_gmt":"2026-02-26T09:13:52","slug":"projekte-2","status":"publish","type":"page","link":"https:\/\/mittelschule-regenstauf.de\/?page_id=1115","title":{"rendered":"Projekte"},"content":{"rendered":"\t\t<div data-elementor-type=\"wp-page\" data-elementor-id=\"1115\" class=\"elementor elementor-1115\">\n\t\t\t\t<div class=\"elementor-element elementor-element-57d8124 e-flex e-con-boxed e-con e-parent\" data-id=\"57d8124\" data-element_type=\"container\" data-e-type=\"container\">\n\t\t\t\t\t<div class=\"e-con-inner\">\n\t\t\t\t<div class=\"elementor-element elementor-element-35a74cc elementor-widget elementor-widget-heading\" data-id=\"35a74cc\" data-element_type=\"widget\" data-e-type=\"widget\" data-widget_type=\"heading.default\">\n\t\t\t\t<div class=\"elementor-widget-container\">\n\t\t\t\t\t<h2 class=\"elementor-heading-title elementor-size-large\">Projekte  <\/h2>\t\t\t\t<\/div>\n\t\t\t\t<\/div>\n\t\t\t\t\t<\/div>\n\t\t\t\t<\/div>\n\t\t<div class=\"elementor-element elementor-element-1086426 e-flex e-con-boxed e-con e-parent\" data-id=\"1086426\" data-element_type=\"container\" data-e-type=\"container\">\n\t\t\t\t\t<div class=\"e-con-inner\">\n\t\t\t\t<div class=\"elementor-element elementor-element-48d61b3 elementor-widget-divider--view-line elementor-widget elementor-widget-divider\" data-id=\"48d61b3\" data-element_type=\"widget\" data-e-type=\"widget\" data-widget_type=\"divider.default\">\n\t\t\t\t<div class=\"elementor-widget-container\">\n\t\t\t\t\t\t\t<div class=\"elementor-divider\">\n\t\t\t<span class=\"elementor-divider-separator\">\n\t\t\t\t\t\t<\/span>\n\t\t<\/div>\n\t\t\t\t\t\t<\/div>\n\t\t\t\t<\/div>\n\t\t\t\t\t<\/div>\n\t\t\t\t<\/div>\n\t\t<div class=\"elementor-element elementor-element-926a0f9 e-flex e-con-boxed e-con e-parent\" data-id=\"926a0f9\" data-element_type=\"container\" data-e-type=\"container\">\n\t\t\t\t\t<div class=\"e-con-inner\">\n\t\t\t\t<div class=\"elementor-element elementor-element-c5a22c3 elementor-widget elementor-widget-text-editor\" data-id=\"c5a22c3\" data-element_type=\"widget\" data-e-type=\"widget\" data-widget_type=\"text-editor.default\">\n\t\t\t\t<div class=\"elementor-widget-container\">\n\t\t\t\t\t\t\t\t\t<p>Wir als Schulfamilie sind sehr stolz, Teil vieler Projekte und Kooperationen zu sein. Diese Projekte dienen der Berufsorientierung bzw. Berufsvorbereitung und f\u00f6rdern den Erwerb grundlegender Kompetenzen. Folgend eine kleine Auswahl:\u00a0<\/p>\t\t\t\t\t\t\t\t<\/div>\n\t\t\t\t<\/div>\n\t\t\t\t\t<\/div>\n\t\t\t\t<\/div>\n\t\t<div class=\"elementor-element elementor-element-83fd54b e-flex e-con-boxed e-con e-parent\" data-id=\"83fd54b\" data-element_type=\"container\" data-e-type=\"container\">\n\t\t\t\t\t<div class=\"e-con-inner\">\n\t\t\t\t<div class=\"elementor-element elementor-element-960017f elementor-widget elementor-widget-toggle\" data-id=\"960017f\" data-element_type=\"widget\" data-e-type=\"widget\" data-widget_type=\"toggle.default\">\n\t\t\t\t<div class=\"elementor-widget-container\">\n\t\t\t\t\t\t\t<div class=\"elementor-toggle\">\n\t\t\t\t\t\t\t<div class=\"elementor-toggle-item\">\n\t\t\t\t\t<div id=\"elementor-tab-title-1571\" class=\"elementor-tab-title\" data-tab=\"1\" role=\"button\" aria-controls=\"elementor-tab-content-1571\" aria-expanded=\"false\">\n\t\t\t\t\t\t\t\t\t\t\t\t<span class=\"elementor-toggle-icon elementor-toggle-icon-left\" aria-hidden=\"true\">\n\t\t\t\t\t\t\t\t\t\t\t\t\t\t\t<span class=\"elementor-toggle-icon-closed\"><i class=\"fas fa-caret-right\"><\/i><\/span>\n\t\t\t\t\t\t\t\t<span class=\"elementor-toggle-icon-opened\"><i class=\"elementor-toggle-icon-opened fas fa-caret-up\"><\/i><\/span>\n\t\t\t\t\t\t\t\t\t\t\t\t\t<\/span>\n\t\t\t\t\t\t\t\t\t\t\t\t<a class=\"elementor-toggle-title\" tabindex=\"0\">Alltagskompetenzen <\/a>\n\t\t\t\t\t<\/div>\n\n\t\t\t\t\t<div id=\"elementor-tab-content-1571\" class=\"elementor-tab-content elementor-clearfix\" data-tab=\"1\" role=\"region\" aria-labelledby=\"elementor-tab-title-1571\"><p><strong>Das Projekt &#8222;Alltagskompetenzen &#8211; Schule f\u00fcrs Leben&#8220; umfasst die sechs Handlungsfeldern Ern\u00e4hrung, Gesundheit, Haushaltsf\u00fchrung, Umweltverhalten, Selbstbestimmtes Verbraucherverhalten und Digital handeln.\u00a0<\/strong><\/p><p>Die Sch\u00fclerinnen und Sch\u00fcler der 7. Jahrgangsstufe lernen hier f\u00e4cher\u00fcbergreifend, lebensnah sowie anwendungsbezogen und erwerben wichtige Kompetenzen f\u00fcr den Alltag. Diese werden im Privat- und im Erwerbsleben ben\u00f6tigt, um das eigene Leben selbstst\u00e4ndig und sinnvoll zu gestalten.<\/p><p>Das Herzst\u00fcck des Konzepts bildet die Projektwoche, die durch externe Kooperationspartner unterst\u00fctzt werden.\u00a0<\/p><p>Die Projektwoche des Schuljahres 2025\/2026 findet voraussichtlich im Mai 2025 statt und sieht folgenden Ablauf vor:\u00a0<\/p><p>Montag: Erste Hilfe Schulung durch unsere Schulsanit\u00e4ter\u00a0 \u00a0<\/p><p>Dienstag: Workshop &#8222;Kinder und Jugendliche online&#8220; zum Thema &#8222;Hate Speech und Fake News&#8220;<\/p><p>Mittwoch: Besuch des Freilandmuseums Oberpfalz<\/p><p>Donnerstag: Ramadama &#8211; M\u00fcll sammeln und verwerten in der Region\u00a0<\/p><p>Freitag: Gesunde Ern\u00e4hrung\u00a0<\/p><\/div>\n\t\t\t\t<\/div>\n\t\t\t\t\t\t\t<div class=\"elementor-toggle-item\">\n\t\t\t\t\t<div id=\"elementor-tab-title-1572\" class=\"elementor-tab-title\" data-tab=\"2\" role=\"button\" aria-controls=\"elementor-tab-content-1572\" aria-expanded=\"false\">\n\t\t\t\t\t\t\t\t\t\t\t\t<span class=\"elementor-toggle-icon elementor-toggle-icon-left\" aria-hidden=\"true\">\n\t\t\t\t\t\t\t\t\t\t\t\t\t\t\t<span class=\"elementor-toggle-icon-closed\"><i class=\"fas fa-caret-right\"><\/i><\/span>\n\t\t\t\t\t\t\t\t<span class=\"elementor-toggle-icon-opened\"><i class=\"elementor-toggle-icon-opened fas fa-caret-up\"><\/i><\/span>\n\t\t\t\t\t\t\t\t\t\t\t\t\t<\/span>\n\t\t\t\t\t\t\t\t\t\t\t\t<a class=\"elementor-toggle-title\" tabindex=\"0\">Ern\u00e4hrung macht Schule <\/a>\n\t\t\t\t\t<\/div>\n\n\t\t\t\t\t<div id=\"elementor-tab-content-1572\" class=\"elementor-tab-content elementor-clearfix\" data-tab=\"2\" role=\"region\" aria-labelledby=\"elementor-tab-title-1572\"><p><strong>\u201eErn\u00e4hrungshandwerk erleben \u2013 Ern\u00e4hrung macht Schule\u201c macht regionaltypische Produkte aus Bayern mit allen Sinnen erlebbar.<\/strong><\/p><p>Hierbei treffen M\u00fcller, B\u00e4cker, Konditoren, Fleischer, Brauer und M\u00e4lzer, Winzer, K\u00e4ser sowie K\u00f6che auf 7. bis 9. Klassen bayerischer Mittel- und Realschulen. Die Schulklassen besuchen Ern\u00e4hrungshandwerker an ihrem Arbeitsplatz und werfen einen Blick hinter die Kulissen. Durch die aktive Teilnahme am Herstellungsprozess von Lebensmitteln erfahren Sch\u00fclerinnen und Sch\u00fcler, was Handwerkskunst in der Lebensmittelproduktion bedeutet.<\/p><p>Die Mittelschule Regenstauf besucht in diesem Zusammenhang mit der M7b voraussichtlich im Februar einen Gastronomiebetrieb\u00a0 in Regensburg.\u00a0<\/p><p>Link zum Artikel \u00fcber einen bereits erfolgten, sehr erfolgreichen Besuch:\u00a0<a href=\"https:\/\/www.nachrichten-oberpfalz.de\/ernaehrungshandwerk-erleben-ernaehrung-macht-schule\/\">https:\/\/www.nachrichten-oberpfalz.de\/ernaehrungshandwerk-erleben-ernaehrung-macht-schule\/<\/a><\/p><\/div>\n\t\t\t\t<\/div>\n\t\t\t\t\t\t\t<div class=\"elementor-toggle-item\">\n\t\t\t\t\t<div id=\"elementor-tab-title-1573\" class=\"elementor-tab-title\" data-tab=\"3\" role=\"button\" aria-controls=\"elementor-tab-content-1573\" aria-expanded=\"false\">\n\t\t\t\t\t\t\t\t\t\t\t\t<span class=\"elementor-toggle-icon elementor-toggle-icon-left\" aria-hidden=\"true\">\n\t\t\t\t\t\t\t\t\t\t\t\t\t\t\t<span class=\"elementor-toggle-icon-closed\"><i class=\"fas fa-caret-right\"><\/i><\/span>\n\t\t\t\t\t\t\t\t<span class=\"elementor-toggle-icon-opened\"><i class=\"elementor-toggle-icon-opened fas fa-caret-up\"><\/i><\/span>\n\t\t\t\t\t\t\t\t\t\t\t\t\t<\/span>\n\t\t\t\t\t\t\t\t\t\t\t\t<a class=\"elementor-toggle-title\" tabindex=\"0\">Tag des Handwerkes <\/a>\n\t\t\t\t\t<\/div>\n\n\t\t\t\t\t<div id=\"elementor-tab-content-1573\" class=\"elementor-tab-content elementor-clearfix\" data-tab=\"3\" role=\"region\" aria-labelledby=\"elementor-tab-title-1573\"><p><strong>Mit dem Tag des Handwerks bietet unsere Schule&nbsp; die M\u00f6glichkeit, Handwerk auszuprobieren und live zu erleben.<\/strong><\/p>\n<div class=\"tdh-carousel-content swiper-slide swiper-slide-active\" role=\"group\" aria-label=\"1 \/ 6\" data-swiper-slide-index=\"0\">\n<div class=\"tdh-carousel-subtitle\">Handwerk hat mit den H\u00e4nden zu tun. Am Tag des Handwerks k\u00f6nnen unsere Sch\u00fclerinnen und Sch\u00fcler der 8. Jahrgangsstufe&nbsp; in die Welt des Handwerks eintauchen, die Vielfalt der T\u00e4tigkeiten an verschiedenen Stationen entdecken und &#8222;einfach mal machen&#8220;.&nbsp;&nbsp;<\/div>\n<\/div><\/div>\n\t\t\t\t<\/div>\n\t\t\t\t\t\t\t<div class=\"elementor-toggle-item\">\n\t\t\t\t\t<div id=\"elementor-tab-title-1574\" class=\"elementor-tab-title\" data-tab=\"4\" role=\"button\" aria-controls=\"elementor-tab-content-1574\" aria-expanded=\"false\">\n\t\t\t\t\t\t\t\t\t\t\t\t<span class=\"elementor-toggle-icon elementor-toggle-icon-left\" aria-hidden=\"true\">\n\t\t\t\t\t\t\t\t\t\t\t\t\t\t\t<span class=\"elementor-toggle-icon-closed\"><i class=\"fas fa-caret-right\"><\/i><\/span>\n\t\t\t\t\t\t\t\t<span class=\"elementor-toggle-icon-opened\"><i class=\"elementor-toggle-icon-opened fas fa-caret-up\"><\/i><\/span>\n\t\t\t\t\t\t\t\t\t\t\t\t\t<\/span>\n\t\t\t\t\t\t\t\t\t\t\t\t<a class=\"elementor-toggle-title\" tabindex=\"0\">AusbildungsScouts <\/a>\n\t\t\t\t\t<\/div>\n\n\t\t\t\t\t<div id=\"elementor-tab-content-1574\" class=\"elementor-tab-content elementor-clearfix\" data-tab=\"4\" role=\"region\" aria-labelledby=\"elementor-tab-title-1574\"><p><strong>IHK-Ausbildungsscouts besuchen Sch\u00fclerinnen und Sch\u00fcler an der Mittelschule am Schlossberg Regenstauf!<\/strong><\/p>\n<p>AusbildungsScouts sind Auszubildende aller Ausbildungsberufe im Zust\u00e4ndigkeitsbereich der IHK, die ihre Berufe in Vorabgangsklassen allgemein bildender Schulen vorstellen und den Sch\u00fclerinnen und Sch\u00fclern die Berufsausbildung n\u00e4herbringen. Glaubw\u00fcrdigere Botschafter f\u00fcr die duale Berufsausbildung gibt es nicht!<\/p>\n<p>Auch im Schuljahr 2024\/2025 waren die Scouts bei uns konnten in den 8. sowie 9. Klassen gewinnbringend \u00fcber ihre Ausbildung berichten.&nbsp;<\/p><\/div>\n\t\t\t\t<\/div>\n\t\t\t\t\t\t\t<div class=\"elementor-toggle-item\">\n\t\t\t\t\t<div id=\"elementor-tab-title-1575\" class=\"elementor-tab-title\" data-tab=\"5\" role=\"button\" aria-controls=\"elementor-tab-content-1575\" aria-expanded=\"false\">\n\t\t\t\t\t\t\t\t\t\t\t\t<span class=\"elementor-toggle-icon elementor-toggle-icon-left\" aria-hidden=\"true\">\n\t\t\t\t\t\t\t\t\t\t\t\t\t\t\t<span class=\"elementor-toggle-icon-closed\"><i class=\"fas fa-caret-right\"><\/i><\/span>\n\t\t\t\t\t\t\t\t<span class=\"elementor-toggle-icon-opened\"><i class=\"elementor-toggle-icon-opened fas fa-caret-up\"><\/i><\/span>\n\t\t\t\t\t\t\t\t\t\t\t\t\t<\/span>\n\t\t\t\t\t\t\t\t\t\t\t\t<a class=\"elementor-toggle-title\" tabindex=\"0\">Praxis am Mittelschulen<\/a>\n\t\t\t\t\t<\/div>\n\n\t\t\t\t\t<div id=\"elementor-tab-content-1575\" class=\"elementor-tab-content elementor-clearfix\" data-tab=\"5\" role=\"region\" aria-labelledby=\"elementor-tab-title-1575\"><p><strong>In Kooperation mit au\u00dferschulischen Fachkr\u00e4ften erstellen Sch\u00fclerinnen und Sch\u00fcler im Rahmen eines berufsrelevanten handwerklichen, k\u00fcnstlerischen, musischen, sozialen oder hauswirtschaftlichen Projektes ein vorzeigbares Produkt oder eine Dienstleistung.<\/strong><\/p>\n<p>Im Schuljahr 2024\/2025 kooperierten interessierte Sch\u00fcler der Ganztagesklasse 8 mit Schneidermeisterin Frau Beier. Es wurden eigene Tragetaschen gestaltet und geschneidert.&nbsp;<\/p><\/div>\n\t\t\t\t<\/div>\n\t\t\t\t\t\t\t<div class=\"elementor-toggle-item\">\n\t\t\t\t\t<div id=\"elementor-tab-title-1576\" class=\"elementor-tab-title\" data-tab=\"6\" role=\"button\" aria-controls=\"elementor-tab-content-1576\" aria-expanded=\"false\">\n\t\t\t\t\t\t\t\t\t\t\t\t<span class=\"elementor-toggle-icon elementor-toggle-icon-left\" aria-hidden=\"true\">\n\t\t\t\t\t\t\t\t\t\t\t\t\t\t\t<span class=\"elementor-toggle-icon-closed\"><i class=\"fas fa-caret-right\"><\/i><\/span>\n\t\t\t\t\t\t\t\t<span class=\"elementor-toggle-icon-opened\"><i class=\"elementor-toggle-icon-opened fas fa-caret-up\"><\/i><\/span>\n\t\t\t\t\t\t\t\t\t\t\t\t\t<\/span>\n\t\t\t\t\t\t\t\t\t\t\t\t<a class=\"elementor-toggle-title\" tabindex=\"0\">Berufsorientierung an der Handwerkskammer <\/a>\n\t\t\t\t\t<\/div>\n\n\t\t\t\t\t<div id=\"elementor-tab-content-1576\" class=\"elementor-tab-content elementor-clearfix\" data-tab=\"6\" role=\"region\" aria-labelledby=\"elementor-tab-title-1576\"><p><strong>Auf der Suche nach dem richtigen Beruf? Die Bildungszentren der Handwerkskammer \u00f6ffnen Ihre Werkst\u00e4tten f\u00fcr unsere Sch\u00fclerinnen und Sch\u00fcler.\u00a0<\/strong><\/p><p>Die Sch\u00fclerinnen und Sch\u00fcler lernen unter Leitung der erfahrenen Ausbilder unterschiedliche handwerkliche T\u00e4tigkeiten. Die eingesetzten Ausbilder der Handwerkskammer verf\u00fcgen \u00fcber eine langj\u00e4hrige Erfahrung in der handwerklichen Ausbildung von Lehrlingen und im p\u00e4dagogischen Umgang mit Jugendlichen. Sie k\u00f6nnen nicht nur bei der Feststellung von individuellen handwerklichen Kompetenzen helfen, sondern auch Fragen zum Berufsbild beantworten.<\/p><p>Ziel ist, den Sch\u00fclerinnen und Sch\u00fclern erste Einblicke in die einzelnen Berufsfelder zu geben und einen Eindruck in die Arbeitswelt zu vermitteln. Die Erfahrungen aus dem Berufsorientierungspraktikum sollen die Sch\u00fclerinnen Sch\u00fcler bei der Berufswahl unterst\u00fctzen.<\/p><p>Diese Werkstattwochen finden jedes Jahr f\u00fcr unsere 8. Klassen statt.\u00a0<\/p><\/div>\n\t\t\t\t<\/div>\n\t\t\t\t\t\t\t<div class=\"elementor-toggle-item\">\n\t\t\t\t\t<div id=\"elementor-tab-title-1577\" class=\"elementor-tab-title\" data-tab=\"7\" role=\"button\" aria-controls=\"elementor-tab-content-1577\" aria-expanded=\"false\">\n\t\t\t\t\t\t\t\t\t\t\t\t<span class=\"elementor-toggle-icon elementor-toggle-icon-left\" aria-hidden=\"true\">\n\t\t\t\t\t\t\t\t\t\t\t\t\t\t\t<span class=\"elementor-toggle-icon-closed\"><i class=\"fas fa-caret-right\"><\/i><\/span>\n\t\t\t\t\t\t\t\t<span class=\"elementor-toggle-icon-opened\"><i class=\"elementor-toggle-icon-opened fas fa-caret-up\"><\/i><\/span>\n\t\t\t\t\t\t\t\t\t\t\t\t\t<\/span>\n\t\t\t\t\t\t\t\t\t\t\t\t<a class=\"elementor-toggle-title\" tabindex=\"0\">Berufsorientierung in Waldm\u00fcnchen <\/a>\n\t\t\t\t\t<\/div>\n\n\t\t\t\t\t<div id=\"elementor-tab-content-1577\" class=\"elementor-tab-content elementor-clearfix\" data-tab=\"7\" role=\"region\" aria-labelledby=\"elementor-tab-title-1577\"><p><strong>Eine Woche Berufsorientierung und Berufsvorbereitung pur!<\/strong>\u00a0<\/p><p>In der 8. Jahrgangsstufe besuchen unsere Sch\u00fcler f\u00fcr eine ganze Woche die Jugendbildungsst\u00e4tte Waldm\u00fcnchen, um sich dort n\u00e4her mit ihrer beruflichen Zukunft auseinanderzusetzen.<\/p><p>Es werden dabei die eigenen St\u00e4rken und F\u00e4higkeiten herausgefiltert, Berufsprofilpr\u00e4sentationen mit Videofeedback erstellt und die Sozialkompetenz mithilfe diverser Teambildungsspiele trainiert.<\/p><p>Au\u00dferdem wird auf Herausforderungen und Aufgaben aus der Zeit nach dem Schulabschluss vorbereitet. Schlie\u00dflich werden in Waldm\u00fcnchen auch Vorstellungsgespr\u00e4che geprobt und im Anschluss reflektiert.<\/p><\/div>\n\t\t\t\t<\/div>\n\t\t\t\t\t\t\t<div class=\"elementor-toggle-item\">\n\t\t\t\t\t<div id=\"elementor-tab-title-1578\" class=\"elementor-tab-title\" data-tab=\"8\" role=\"button\" aria-controls=\"elementor-tab-content-1578\" aria-expanded=\"false\">\n\t\t\t\t\t\t\t\t\t\t\t\t<span class=\"elementor-toggle-icon elementor-toggle-icon-left\" aria-hidden=\"true\">\n\t\t\t\t\t\t\t\t\t\t\t\t\t\t\t<span class=\"elementor-toggle-icon-closed\"><i class=\"fas fa-caret-right\"><\/i><\/span>\n\t\t\t\t\t\t\t\t<span class=\"elementor-toggle-icon-opened\"><i class=\"elementor-toggle-icon-opened fas fa-caret-up\"><\/i><\/span>\n\t\t\t\t\t\t\t\t\t\t\t\t\t<\/span>\n\t\t\t\t\t\t\t\t\t\t\t\t<a class=\"elementor-toggle-title\" tabindex=\"0\">Praxis nach 1 <\/a>\n\t\t\t\t\t<\/div>\n\n\t\t\t\t\t<div id=\"elementor-tab-content-1578\" class=\"elementor-tab-content elementor-clearfix\" data-tab=\"8\" role=\"region\" aria-labelledby=\"elementor-tab-title-1578\"><p><strong>Praxis nach 1 &#8211; mehr Berufsvorbereitung geht nicht!<\/strong><\/p><p>Im Rahmen unseres schuleigenen Projektes &#8222;Praxis nach 1&#8220; suchen sich die Sch\u00fclerinnen und Sch\u00fcler der Ganztagesklassen 8 und 9 einen Kooperationsbetrieb. In diesem Betrieb arbeiten die Sch\u00fclerinnen und Sch\u00fcler f\u00fcr die gesamte Zeit der 8. Klasse sowie bis zum Halbjahr der 9. Klasse jeweils einen Nachmittag in der Woche.\u00a0<\/p><p>Dies bietet f\u00fcr alle Seiten nur Vorteile. Die Sch\u00fclerinnen und Sch\u00fcler k\u00f6nnen \u00fcber eine l\u00e4ngere Zeit in das Berufsleben hineinwachsen. Die Betriebe lernen die Praktikanten auf diese Weise genau kennen und sch\u00e4tzen. Viele unserer Sch\u00fclerinnen und Sch\u00fcler beginnen ihre Ausbildung in einem der im Zuge des Projektes &#8222;Praxis nach 1&#8220; besuchten Betriebe.\u00a0<\/p><\/div>\n\t\t\t\t<\/div>\n\t\t\t\t\t\t\t<div class=\"elementor-toggle-item\">\n\t\t\t\t\t<div id=\"elementor-tab-title-1579\" class=\"elementor-tab-title\" data-tab=\"9\" role=\"button\" aria-controls=\"elementor-tab-content-1579\" aria-expanded=\"false\">\n\t\t\t\t\t\t\t\t\t\t\t\t<span class=\"elementor-toggle-icon elementor-toggle-icon-left\" aria-hidden=\"true\">\n\t\t\t\t\t\t\t\t\t\t\t\t\t\t\t<span class=\"elementor-toggle-icon-closed\"><i class=\"fas fa-caret-right\"><\/i><\/span>\n\t\t\t\t\t\t\t\t<span class=\"elementor-toggle-icon-opened\"><i class=\"elementor-toggle-icon-opened fas fa-caret-up\"><\/i><\/span>\n\t\t\t\t\t\t\t\t\t\t\t\t\t<\/span>\n\t\t\t\t\t\t\t\t\t\t\t\t<a class=\"elementor-toggle-title\" tabindex=\"0\">Ausbildungsoffensive <\/a>\n\t\t\t\t\t<\/div>\n\n\t\t\t\t\t<div id=\"elementor-tab-content-1579\" class=\"elementor-tab-content elementor-clearfix\" data-tab=\"9\" role=\"region\" aria-labelledby=\"elementor-tab-title-1579\"><p><strong>Berufsorientierung in der Schule zu<\/strong><strong>\u00a0Ausbildungsm\u00f6glichkeiten in der bayerischen Metall- und Elektro-Industrie<\/strong><\/p><p>Die Informationskampagne stellt unseren Lehrerinnen und Lehrern kostenlos ausf\u00fchrliche Informations- und Unterrichtsmaterialien zu den Themen Berufswahl, Ausbildung und duales Studium zur Verf\u00fcgung. Dar\u00fcber hinaus buchen wir an der Mittelschule am Schlossberg Regenstauf j\u00e4hrlich die Info-Teams der AusbildungsOffensive-Bayern f\u00fcr ihren Unterricht.<\/p><p>Im Rahmen einer Schulstunde berichten die Info-Teams \u00fcber das Ausbildungs- und Studienangebot in der bayerischen Metall- und Elektroindustrie und unterst\u00fctzen die Jugendlichen im Prozess der Berufsorientierung.<\/p><\/div>\n\t\t\t\t<\/div>\n\t\t\t\t\t\t\t<div class=\"elementor-toggle-item\">\n\t\t\t\t\t<div id=\"elementor-tab-title-15710\" class=\"elementor-tab-title\" data-tab=\"10\" role=\"button\" aria-controls=\"elementor-tab-content-15710\" aria-expanded=\"false\">\n\t\t\t\t\t\t\t\t\t\t\t\t<span class=\"elementor-toggle-icon elementor-toggle-icon-left\" aria-hidden=\"true\">\n\t\t\t\t\t\t\t\t\t\t\t\t\t\t\t<span class=\"elementor-toggle-icon-closed\"><i class=\"fas fa-caret-right\"><\/i><\/span>\n\t\t\t\t\t\t\t\t<span class=\"elementor-toggle-icon-opened\"><i class=\"elementor-toggle-icon-opened fas fa-caret-up\"><\/i><\/span>\n\t\t\t\t\t\t\t\t\t\t\t\t\t<\/span>\n\t\t\t\t\t\t\t\t\t\t\t\t<a class=\"elementor-toggle-title\" tabindex=\"0\">BO-Firmenbesuche <\/a>\n\t\t\t\t\t<\/div>\n\n\t\t\t\t\t<div id=\"elementor-tab-content-15710\" class=\"elementor-tab-content elementor-clearfix\" data-tab=\"10\" role=\"region\" aria-labelledby=\"elementor-tab-title-15710\"><p><strong>Firmenbesuche &#8211; gr\u00f6\u00dftm\u00f6gliche Individualisierung der Berufsorientierung\u00a0<\/strong><\/p><p>Ab dem Schuljahr 2024\/2025 finden an der Mittelschule Regenstauf monatliche Besuche regionaler Firmen und Ausbildungsbetriebe statt. Diese Besuche sind in den Stundenplan der Klassen 7 bis 9 eingebettet und bieten interessierten Sch\u00fclerinnen und Sch\u00fclern die M\u00f6glichkeit, w\u00e4hrend des Unterrichts im Fach WiB f\u00fcr 45 Minuten einen Vortrag unserer G\u00e4ste zu besuchen. Die Schule achtet darauf, Betriebe aus verschiedenen Berufsfeldern einzuladen. Die Freiwilligkeit des Angebotes sowie das breite Spektrum an Angeboten sorgt f\u00fcr eine ausgepr\u00e4gte und zielf\u00fchrende Individualisierung der Berufsorientierung an der Mittelschule am Schlossberg Regenstauf.\u00a0<\/p><\/div>\n\t\t\t\t<\/div>\n\t\t\t\t\t\t\t<div class=\"elementor-toggle-item\">\n\t\t\t\t\t<div id=\"elementor-tab-title-15711\" class=\"elementor-tab-title\" data-tab=\"11\" role=\"button\" aria-controls=\"elementor-tab-content-15711\" aria-expanded=\"false\">\n\t\t\t\t\t\t\t\t\t\t\t\t<span class=\"elementor-toggle-icon elementor-toggle-icon-left\" aria-hidden=\"true\">\n\t\t\t\t\t\t\t\t\t\t\t\t\t\t\t<span class=\"elementor-toggle-icon-closed\"><i class=\"fas fa-caret-right\"><\/i><\/span>\n\t\t\t\t\t\t\t\t<span class=\"elementor-toggle-icon-opened\"><i class=\"elementor-toggle-icon-opened fas fa-caret-up\"><\/i><\/span>\n\t\t\t\t\t\t\t\t\t\t\t\t\t<\/span>\n\t\t\t\t\t\t\t\t\t\t\t\t<a class=\"elementor-toggle-title\" tabindex=\"0\">BO-Elternabend <\/a>\n\t\t\t\t\t<\/div>\n\n\t\t\t\t\t<div id=\"elementor-tab-content-15711\" class=\"elementor-tab-content elementor-clearfix\" data-tab=\"11\" role=\"region\" aria-labelledby=\"elementor-tab-title-15711\"><p><strong>Eltern nehmen Teil an der schulischen Berufsorientierung<\/strong><\/p><p>Immer zum Ende des ersten Schulhalbjahres findet ein Informationsabend f\u00fcr Eltern statt. Hier k\u00f6nnen sich die Eltern allgemein \u00fcber den Inhalt der BO-Ma\u00dfnahmen und \u00fcber die weiteren M\u00f6glichkeiten der Ausbildungswege nach der 9. bzw. nach der 10. Klasse informieren. Sie k\u00f6nnen Fragen stellen und Anregungen geben. Ansprechpartner sind hier die Schulleitung und die Berufsberatung.<\/p><\/div>\n\t\t\t\t<\/div>\n\t\t\t\t\t\t\t\t<\/div>\n\t\t\t\t\t\t<\/div>\n\t\t\t\t<\/div>\n\t\t\t\t\t<\/div>\n\t\t\t\t<\/div>\n\t\t\t\t<\/div>\n\t\t","protected":false},"excerpt":{"rendered":"<p>Projekte Wir als Schulfamilie sind sehr stolz, Teil vieler Projekte und Kooperationen zu sein. Diese Projekte dienen der Berufsorientierung bzw. Berufsvorbereitung und f\u00f6rdern den Erwerb grundlegender Kompetenzen. Folgend eine kleine Auswahl:\u00a0 Alltagskompetenzen Das Projekt &#8222;Alltagskompetenzen &#8211; Schule f\u00fcrs Leben&#8220; umfasst die sechs Handlungsfeldern Ern\u00e4hrung, Gesundheit, Haushaltsf\u00fchrung, Umweltverhalten, Selbstbestimmtes Verbraucherverhalten und Digital handeln.\u00a0 Die Sch\u00fclerinnen und&hellip;&nbsp;<a href=\"https:\/\/mittelschule-regenstauf.de\/?page_id=1115\" rel=\"bookmark\">Weiterlesen &raquo;<span class=\"screen-reader-text\">Projekte<\/span><\/a><\/p>\n","protected":false},"author":1,"featured_media":0,"parent":0,"menu_order":0,"comment_status":"closed","ping_status":"closed","template":"page-templates\/template-pagebuilder-full-width.php","meta":{"neve_meta_sidebar":"","neve_meta_container":"","neve_meta_enable_content_width":"off","neve_meta_content_width":100,"neve_meta_title_alignment":"","neve_meta_author_avatar":"","neve_post_elements_order":"","neve_meta_disable_header":"","neve_meta_disable_footer":"","neve_meta_disable_title":"","footnotes":""},"class_list":["post-1115","page","type-page","status-publish","hentry"],"_links":{"self":[{"href":"https:\/\/mittelschule-regenstauf.de\/index.php?rest_route=\/wp\/v2\/pages\/1115","targetHints":{"allow":["GET"]}}],"collection":[{"href":"https:\/\/mittelschule-regenstauf.de\/index.php?rest_route=\/wp\/v2\/pages"}],"about":[{"href":"https:\/\/mittelschule-regenstauf.de\/index.php?rest_route=\/wp\/v2\/types\/page"}],"author":[{"embeddable":true,"href":"https:\/\/mittelschule-regenstauf.de\/index.php?rest_route=\/wp\/v2\/users\/1"}],"replies":[{"embeddable":true,"href":"https:\/\/mittelschule-regenstauf.de\/index.php?rest_route=%2Fwp%2Fv2%2Fcomments&post=1115"}],"version-history":[{"count":88,"href":"https:\/\/mittelschule-regenstauf.de\/index.php?rest_route=\/wp\/v2\/pages\/1115\/revisions"}],"predecessor-version":[{"id":3553,"href":"https:\/\/mittelschule-regenstauf.de\/index.php?rest_route=\/wp\/v2\/pages\/1115\/revisions\/3553"}],"wp:attachment":[{"href":"https:\/\/mittelschule-regenstauf.de\/index.php?rest_route=%2Fwp%2Fv2%2Fmedia&parent=1115"}],"curies":[{"name":"wp","href":"https:\/\/api.w.org\/{rel}","templated":true}]}}