{"id":1122,"date":"2023-10-27T10:28:36","date_gmt":"2023-10-27T10:28:36","guid":{"rendered":"https:\/\/wp.mittelschule-regenstauf.de\/?page_id=1122"},"modified":"2025-09-29T08:07:41","modified_gmt":"2025-09-29T08:07:41","slug":"wintergarten","status":"publish","type":"page","link":"https:\/\/mittelschule-regenstauf.de\/?page_id=1122","title":{"rendered":"Wintergarten"},"content":{"rendered":"\t\t<div data-elementor-type=\"wp-page\" data-elementor-id=\"1122\" class=\"elementor elementor-1122\">\n\t\t\t\t<div class=\"elementor-element elementor-element-4731166 e-flex e-con-boxed e-con e-parent\" data-id=\"4731166\" data-element_type=\"container\" data-e-type=\"container\">\n\t\t\t\t\t<div class=\"e-con-inner\">\n\t\t\t\t<div class=\"elementor-element elementor-element-a26a9ce elementor-widget elementor-widget-heading\" data-id=\"a26a9ce\" data-element_type=\"widget\" data-e-type=\"widget\" data-widget_type=\"heading.default\">\n\t\t\t\t<div class=\"elementor-widget-container\">\n\t\t\t\t\t<h2 class=\"elementor-heading-title elementor-size-large\">Wintergarten <\/h2>\t\t\t\t<\/div>\n\t\t\t\t<\/div>\n\t\t\t\t\t<\/div>\n\t\t\t\t<\/div>\n\t\t<div class=\"elementor-element elementor-element-f9d7ec5 e-flex e-con-boxed e-con e-parent\" data-id=\"f9d7ec5\" data-element_type=\"container\" data-e-type=\"container\">\n\t\t\t\t\t<div class=\"e-con-inner\">\n\t\t\t\t<div class=\"elementor-element elementor-element-8d3e48c elementor-widget-divider--view-line elementor-widget elementor-widget-divider\" data-id=\"8d3e48c\" data-element_type=\"widget\" data-e-type=\"widget\" data-widget_type=\"divider.default\">\n\t\t\t\t<div class=\"elementor-widget-container\">\n\t\t\t\t\t\t\t<div class=\"elementor-divider\">\n\t\t\t<span class=\"elementor-divider-separator\">\n\t\t\t\t\t\t<\/span>\n\t\t<\/div>\n\t\t\t\t\t\t<\/div>\n\t\t\t\t<\/div>\n\t\t\t\t\t<\/div>\n\t\t\t\t<\/div>\n\t\t<div class=\"elementor-element elementor-element-59406a5 e-flex e-con-boxed e-con e-parent\" data-id=\"59406a5\" data-element_type=\"container\" data-e-type=\"container\">\n\t\t\t\t\t<div class=\"e-con-inner\">\n\t\t\t\t<div class=\"elementor-element elementor-element-9d12dc9 elementor-widget elementor-widget-text-editor\" data-id=\"9d12dc9\" data-element_type=\"widget\" data-e-type=\"widget\" data-widget_type=\"text-editor.default\">\n\t\t\t\t<div class=\"elementor-widget-container\">\n\t\t\t\t\t\t\t\t\t<p>Zur Schulfamilie geh\u00f6rt auch der Wintergarten der Schule. Das ist ein Raum im Eingangsbereich, der f\u00fcr sich geschlossen, aber rundum einsehbar ist. Hier treffen sich die Sch\u00fcler, die gerade keinen Unterricht haben. Zu ihrer Betreuung hat der Markt Regenstauf zwei Kr\u00e4fte eingestellt, die sich im w\u00f6chentlichen Wechsel um die Sch\u00fcler k\u00fcmmern. F\u00fcr die Schule, insbesondere f\u00fcr die Sch\u00fcler, ist diese Einrichtung ein Segen, ist Schulleiterin Frau Rothhammer \u00fcberzeugt.<\/p><p>Bereits fr\u00fch am Morgen vor dem Unterricht, in der sogenannten Kommphase von 07:30 bis 07:45 Uhr, werden die Sch\u00fcler beaufsichtigt. Auch w\u00e4hrend des Schultages sind die Sch\u00fcler z.B. in Freistunden im Wintergarten bestens versorgt, ebenso nach Unterrichtsschluss, wenn sie noch auf ihren Bus warten m\u00fcssen.<\/p><p>Die Sch\u00fcler werden aber nicht nur beaufsichtigt, hier ist immer etwas los, deswegen kommen die Sch\u00fcler auch sehr gerne in den Wintergarten. Sie k\u00f6nnen sich mit ihren Mitsch\u00fclern austauschen oder auch einfach nur mal ausspannen. Es stehen mehrere PCs zur Verf\u00fcgung, die sch\u00fclergerecht eingerichtet sind und von den Sch\u00fclern nicht nur zum Zeitvertreib gerne genutzt werden, sondern z.B. auch zur Vorbereitung auf Referate. Wichtig sind diese PCs auch f\u00fcr Sch\u00fcler, die zu Hause kein Internet nutzen k\u00f6nnen und auch keinen eigenen Drucker haben. An den Tischen treffen sich oft Runden zum Spielen. Gisela Viehbacher und Tanja Heinrich haben eine Sammlung von Brett- und Kartenspielen im Angebot, die gerne genutzt werden. Besonders viel Spa\u00df macht es den Sch\u00fclern, wenn ihre Betreuungskr\u00e4fte mitspielen.<\/p><p>Im Wintergarten finden auch die Sch\u00fcler Aufnahme, die kleine Verletzungen haben, ein Pflaster brauchen oder einfach nur Zuwendung, weil sie Kopf- oder Bauchschmerzen haben oder ihnen \u00fcbel ist.<\/p><p>\u201eWir sind dem Markt Regenstauf und besonders B\u00fcrgermeister Josef Schindler sehr dankbar\u201c, betont Schulleiterin Frau Rothhammer. Nicht nur die Schule wei\u00df hier ihre Sch\u00fcler gut aufgehoben, auch f\u00fcr die Eltern sei es beruhigend zu wissen, dass ihr Kind gut betreut wird. Den Wintergarten nutzen nicht nur die Sch\u00fcler der Mittelschule, ebenso werden hier die Sch\u00fcler der Grundschule am Schlossberg betreut.<\/p>\t\t\t\t\t\t\t\t<\/div>\n\t\t\t\t<\/div>\n\t\t\t\t\t<\/div>\n\t\t\t\t<\/div>\n\t\t<div class=\"elementor-element elementor-element-48daf85 e-flex e-con-boxed e-con e-parent\" data-id=\"48daf85\" data-element_type=\"container\" data-e-type=\"container\">\n\t\t\t\t\t<div class=\"e-con-inner\">\n\t\t<div class=\"elementor-element elementor-element-84be574 e-con-full e-flex e-con e-child\" data-id=\"84be574\" data-element_type=\"container\" data-e-type=\"container\">\n\t\t\t\t<div class=\"elementor-element elementor-element-be2c5ab elementor-widget__width-initial elementor-widget elementor-widget-image\" data-id=\"be2c5ab\" data-element_type=\"widget\" data-e-type=\"widget\" data-widget_type=\"image.default\">\n\t\t\t\t<div class=\"elementor-widget-container\">\n\t\t\t\t\t\t\t\t\t\t\t\t<figure class=\"wp-caption\">\n\t\t\t\t\t\t\t\t\t\t<img fetchpriority=\"high\" decoding=\"async\" width=\"771\" height=\"1024\" src=\"https:\/\/mittelschule-regenstauf.de\/wp-content\/uploads\/2025\/09\/PXL_20250929_070116797-771x1024.jpg\" class=\"attachment-large size-large wp-image-3437\" alt=\"\" srcset=\"https:\/\/mittelschule-regenstauf.de\/wp-content\/uploads\/2025\/09\/PXL_20250929_070116797-771x1024.jpg 771w, https:\/\/mittelschule-regenstauf.de\/wp-content\/uploads\/2025\/09\/PXL_20250929_070116797-226x300.jpg 226w, https:\/\/mittelschule-regenstauf.de\/wp-content\/uploads\/2025\/09\/PXL_20250929_070116797-768x1020.jpg 768w, https:\/\/mittelschule-regenstauf.de\/wp-content\/uploads\/2025\/09\/PXL_20250929_070116797-1157x1536.jpg 1157w, https:\/\/mittelschule-regenstauf.de\/wp-content\/uploads\/2025\/09\/PXL_20250929_070116797-1542x2048.jpg 1542w, https:\/\/mittelschule-regenstauf.de\/wp-content\/uploads\/2025\/09\/PXL_20250929_070116797-scaled.jpg 1928w\" sizes=\"(max-width: 771px) 100vw, 771px\" \/>\t\t\t\t\t\t\t\t\t\t\t<figcaption class=\"widget-image-caption wp-caption-text\">Frau Tanja Heinrich <\/figcaption>\n\t\t\t\t\t\t\t\t\t\t<\/figure>\n\t\t\t\t\t\t\t\t\t<\/div>\n\t\t\t\t<\/div>\n\t\t\t\t<div class=\"elementor-element elementor-element-457ab03 elementor-widget__width-initial elementor-widget-mobile__width-initial elementor-widget elementor-widget-image\" data-id=\"457ab03\" data-element_type=\"widget\" data-e-type=\"widget\" data-widget_type=\"image.default\">\n\t\t\t\t<div class=\"elementor-widget-container\">\n\t\t\t\t\t\t\t\t\t\t\t\t<figure class=\"wp-caption\">\n\t\t\t\t\t\t\t\t\t\t<img decoding=\"async\" width=\"930\" height=\"620\" src=\"https:\/\/mittelschule-regenstauf.de\/wp-content\/uploads\/2024\/01\/IMG_6367-930x620.jpg\" class=\"attachment-neve-blog size-neve-blog wp-image-2103\" alt=\"\" \/>\t\t\t\t\t\t\t\t\t\t\t<figcaption class=\"widget-image-caption wp-caption-text\">Frau Gisela Viehbacher <\/figcaption>\n\t\t\t\t\t\t\t\t\t\t<\/figure>\n\t\t\t\t\t\t\t\t\t<\/div>\n\t\t\t\t<\/div>\n\t\t\t\t<\/div>\n\t\t<div class=\"elementor-element elementor-element-d968ee2 e-con-full e-flex e-con e-child\" data-id=\"d968ee2\" data-element_type=\"container\" data-e-type=\"container\">\n\t\t\t\t<div class=\"elementor-element elementor-element-320e43e elementor-widget__width-initial elementor-widget elementor-widget-image\" data-id=\"320e43e\" data-element_type=\"widget\" data-e-type=\"widget\" data-widget_type=\"image.default\">\n\t\t\t\t<div class=\"elementor-widget-container\">\n\t\t\t\t\t\t\t\t\t\t\t\t<figure class=\"wp-caption\">\n\t\t\t\t\t\t\t\t\t\t<img decoding=\"async\" width=\"930\" height=\"620\" src=\"https:\/\/mittelschule-regenstauf.de\/wp-content\/uploads\/2024\/01\/IMG_6377-930x620.jpg\" class=\"attachment-neve-blog size-neve-blog wp-image-2104\" alt=\"\" \/>\t\t\t\t\t\t\t\t\t\t\t<figcaption class=\"widget-image-caption wp-caption-text\">Sch\u00fclerinnen im Wintergarten<\/figcaption>\n\t\t\t\t\t\t\t\t\t\t<\/figure>\n\t\t\t\t\t\t\t\t\t<\/div>\n\t\t\t\t<\/div>\n\t\t\t\t<\/div>\n\t\t\t\t\t<\/div>\n\t\t\t\t<\/div>\n\t\t<div class=\"elementor-element elementor-element-8f3000a e-flex e-con-boxed e-con e-parent\" data-id=\"8f3000a\" data-element_type=\"container\" data-e-type=\"container\">\n\t\t\t\t\t<div class=\"e-con-inner\">\n\t\t\t\t\t<\/div>\n\t\t\t\t<\/div>\n\t\t\t\t<\/div>\n\t\t","protected":false},"excerpt":{"rendered":"<p>Wintergarten Zur Schulfamilie geh\u00f6rt auch der Wintergarten der Schule. Das ist ein Raum im Eingangsbereich, der f\u00fcr sich geschlossen, aber rundum einsehbar ist. Hier treffen sich die Sch\u00fcler, die gerade keinen Unterricht haben. Zu ihrer Betreuung hat der Markt Regenstauf zwei Kr\u00e4fte eingestellt, die sich im w\u00f6chentlichen Wechsel um die Sch\u00fcler k\u00fcmmern. F\u00fcr die Schule,&hellip;&nbsp;<a href=\"https:\/\/mittelschule-regenstauf.de\/?page_id=1122\" rel=\"bookmark\">Weiterlesen &raquo;<span class=\"screen-reader-text\">Wintergarten<\/span><\/a><\/p>\n","protected":false},"author":1,"featured_media":0,"parent":0,"menu_order":0,"comment_status":"closed","ping_status":"closed","template":"page-templates\/template-pagebuilder-full-width.php","meta":{"neve_meta_sidebar":"","neve_meta_container":"","neve_meta_enable_content_width":"off","neve_meta_content_width":100,"neve_meta_title_alignment":"","neve_meta_author_avatar":"","neve_post_elements_order":"","neve_meta_disable_header":"","neve_meta_disable_footer":"","neve_meta_disable_title":"","footnotes":""},"class_list":["post-1122","page","type-page","status-publish","hentry"],"_links":{"self":[{"href":"https:\/\/mittelschule-regenstauf.de\/index.php?rest_route=\/wp\/v2\/pages\/1122","targetHints":{"allow":["GET"]}}],"collection":[{"href":"https:\/\/mittelschule-regenstauf.de\/index.php?rest_route=\/wp\/v2\/pages"}],"about":[{"href":"https:\/\/mittelschule-regenstauf.de\/index.php?rest_route=\/wp\/v2\/types\/page"}],"author":[{"embeddable":true,"href":"https:\/\/mittelschule-regenstauf.de\/index.php?rest_route=\/wp\/v2\/users\/1"}],"replies":[{"embeddable":true,"href":"https:\/\/mittelschule-regenstauf.de\/index.php?rest_route=%2Fwp%2Fv2%2Fcomments&post=1122"}],"version-history":[{"count":91,"href":"https:\/\/mittelschule-regenstauf.de\/index.php?rest_route=\/wp\/v2\/pages\/1122\/revisions"}],"predecessor-version":[{"id":3446,"href":"https:\/\/mittelschule-regenstauf.de\/index.php?rest_route=\/wp\/v2\/pages\/1122\/revisions\/3446"}],"wp:attachment":[{"href":"https:\/\/mittelschule-regenstauf.de\/index.php?rest_route=%2Fwp%2Fv2%2Fmedia&parent=1122"}],"curies":[{"name":"wp","href":"https:\/\/api.w.org\/{rel}","templated":true}]}}