{"id":1526,"date":"2023-11-27T09:01:43","date_gmt":"2023-11-27T09:01:43","guid":{"rendered":"https:\/\/wp.mittelschule-regenstauf.de\/?page_id=1526"},"modified":"2024-01-14T10:18:57","modified_gmt":"2024-01-14T10:18:57","slug":"aktivitaeten","status":"publish","type":"page","link":"https:\/\/mittelschule-regenstauf.de\/?page_id=1526","title":{"rendered":"Aktivit\u00e4ten"},"content":{"rendered":"\t\t<div data-elementor-type=\"wp-page\" data-elementor-id=\"1526\" class=\"elementor elementor-1526\">\n\t\t\t\t<div class=\"elementor-element elementor-element-db4111e e-flex e-con-boxed e-con e-parent\" data-id=\"db4111e\" data-element_type=\"container\" data-e-type=\"container\">\n\t\t\t\t\t<div class=\"e-con-inner\">\n\t\t\t\t<div class=\"elementor-element elementor-element-535c540 elementor-widget elementor-widget-heading\" data-id=\"535c540\" data-element_type=\"widget\" data-e-type=\"widget\" data-widget_type=\"heading.default\">\n\t\t\t\t<div class=\"elementor-widget-container\">\n\t\t\t\t\t<h2 class=\"elementor-heading-title elementor-size-large\">Aktivit\u00e4ten <\/h2>\t\t\t\t<\/div>\n\t\t\t\t<\/div>\n\t\t\t\t\t<\/div>\n\t\t\t\t<\/div>\n\t\t<div class=\"elementor-element elementor-element-a683b4b e-flex e-con-boxed e-con e-parent\" data-id=\"a683b4b\" data-element_type=\"container\" data-e-type=\"container\">\n\t\t\t\t\t<div class=\"e-con-inner\">\n\t\t\t\t<div class=\"elementor-element elementor-element-8a8c2de elementor-widget-divider--view-line elementor-widget elementor-widget-divider\" data-id=\"8a8c2de\" data-element_type=\"widget\" data-e-type=\"widget\" data-widget_type=\"divider.default\">\n\t\t\t\t<div class=\"elementor-widget-container\">\n\t\t\t\t\t\t\t<div class=\"elementor-divider\">\n\t\t\t<span class=\"elementor-divider-separator\">\n\t\t\t\t\t\t<\/span>\n\t\t<\/div>\n\t\t\t\t\t\t<\/div>\n\t\t\t\t<\/div>\n\t\t\t\t\t<\/div>\n\t\t\t\t<\/div>\n\t\t<div class=\"elementor-element elementor-element-9f46092 e-flex e-con-boxed e-con e-parent\" data-id=\"9f46092\" data-element_type=\"container\" data-e-type=\"container\">\n\t\t\t\t\t<div class=\"e-con-inner\">\n\t\t<div class=\"elementor-element elementor-element-cd9c64f e-flex e-con-boxed e-con e-child\" data-id=\"cd9c64f\" data-element_type=\"container\" data-e-type=\"container\">\n\t\t\t\t\t<div class=\"e-con-inner\">\n\t\t\t\t<div class=\"elementor-element elementor-element-3ec82ad elementor-widget elementor-widget-heading\" data-id=\"3ec82ad\" data-element_type=\"widget\" data-e-type=\"widget\" data-widget_type=\"heading.default\">\n\t\t\t\t<div class=\"elementor-widget-container\">\n\t\t\t\t\t<h2 class=\"elementor-heading-title elementor-size-medium\">Adventsmarkt 2022<\/h2>\t\t\t\t<\/div>\n\t\t\t\t<\/div>\n\t\t\t\t\t<\/div>\n\t\t\t\t<\/div>\n\t\t<div class=\"elementor-element elementor-element-f4b14ad e-flex e-con-boxed e-con e-child\" data-id=\"f4b14ad\" data-element_type=\"container\" data-e-type=\"container\">\n\t\t\t\t\t<div class=\"e-con-inner\">\n\t\t\t\t<div class=\"elementor-element elementor-element-a0bd3e6 elementor-widget__width-initial elementor-widget elementor-widget-text-editor\" data-id=\"a0bd3e6\" data-element_type=\"widget\" data-e-type=\"widget\" data-widget_type=\"text-editor.default\">\n\t\t\t\t<div class=\"elementor-widget-container\">\n\t\t\t\t\t\t\t\t\t<p>Musikalisch umrahmt von unserer Sch\u00fclerInnen-LehrerInnen-Band konnten sich die Sch\u00fclerInnen mit Leckereien, kleinen Geschenken und Basteleien eindecken.<\/p><p>\u00a0<\/p>\t\t\t\t\t\t\t\t<\/div>\n\t\t\t\t<\/div>\n\t\t\t\t<div class=\"elementor-element elementor-element-10324e6 elementor-arrows-position-inside elementor-pagination-position-outside elementor-widget elementor-widget-image-carousel\" data-id=\"10324e6\" data-element_type=\"widget\" data-e-type=\"widget\" data-settings=\"{&quot;navigation&quot;:&quot;both&quot;,&quot;autoplay&quot;:&quot;yes&quot;,&quot;pause_on_hover&quot;:&quot;yes&quot;,&quot;pause_on_interaction&quot;:&quot;yes&quot;,&quot;autoplay_speed&quot;:5000,&quot;infinite&quot;:&quot;yes&quot;,&quot;speed&quot;:500}\" data-widget_type=\"image-carousel.default\">\n\t\t\t\t<div class=\"elementor-widget-container\">\n\t\t\t\t\t\t\t<div class=\"elementor-image-carousel-wrapper swiper\" role=\"region\" aria-roledescription=\"carousel\" aria-label=\"Bild Karussell\" dir=\"ltr\">\n\t\t\t<div class=\"elementor-image-carousel swiper-wrapper\" aria-live=\"off\">\n\t\t\t\t\t\t\t\t<div class=\"swiper-slide\" role=\"group\" aria-roledescription=\"slide\" aria-label=\"1 von 11\"><figure class=\"swiper-slide-inner\"><img decoding=\"async\" class=\"swiper-slide-image\" src=\"https:\/\/mittelschule-regenstauf.de\/wp-content\/uploads\/2023\/11\/20221221_093548-768x576.jpg\" alt=\"20221221_093548\" \/><\/figure><\/div><div class=\"swiper-slide\" role=\"group\" aria-roledescription=\"slide\" aria-label=\"2 von 11\"><figure class=\"swiper-slide-inner\"><img decoding=\"async\" class=\"swiper-slide-image\" src=\"https:\/\/mittelschule-regenstauf.de\/wp-content\/uploads\/2023\/11\/20221221_093622-768x576.jpg\" alt=\"20221221_093622\" \/><\/figure><\/div><div class=\"swiper-slide\" role=\"group\" aria-roledescription=\"slide\" aria-label=\"3 von 11\"><figure class=\"swiper-slide-inner\"><img decoding=\"async\" class=\"swiper-slide-image\" src=\"https:\/\/mittelschule-regenstauf.de\/wp-content\/uploads\/2023\/11\/20221221_093711-768x576.jpg\" alt=\"20221221_093711\" \/><\/figure><\/div><div class=\"swiper-slide\" role=\"group\" aria-roledescription=\"slide\" aria-label=\"4 von 11\"><figure class=\"swiper-slide-inner\"><img decoding=\"async\" class=\"swiper-slide-image\" src=\"https:\/\/mittelschule-regenstauf.de\/wp-content\/uploads\/2023\/11\/20221221_093735-768x576.jpg\" alt=\"20221221_093735\" \/><\/figure><\/div><div class=\"swiper-slide\" role=\"group\" aria-roledescription=\"slide\" aria-label=\"5 von 11\"><figure class=\"swiper-slide-inner\"><img decoding=\"async\" class=\"swiper-slide-image\" src=\"https:\/\/mittelschule-regenstauf.de\/wp-content\/uploads\/2023\/11\/20221221_111538-768x576.jpg\" alt=\"20221221_111538\" \/><\/figure><\/div><div class=\"swiper-slide\" role=\"group\" aria-roledescription=\"slide\" aria-label=\"6 von 11\"><figure class=\"swiper-slide-inner\"><img decoding=\"async\" class=\"swiper-slide-image\" src=\"https:\/\/mittelschule-regenstauf.de\/wp-content\/uploads\/2023\/11\/20221221_093745-768x576.jpg\" alt=\"20221221_093745\" \/><\/figure><\/div><div class=\"swiper-slide\" role=\"group\" aria-roledescription=\"slide\" aria-label=\"7 von 11\"><figure class=\"swiper-slide-inner\"><img decoding=\"async\" class=\"swiper-slide-image\" src=\"https:\/\/mittelschule-regenstauf.de\/wp-content\/uploads\/2023\/11\/20221221_093757-768x576.jpg\" alt=\"20221221_093757\" \/><\/figure><\/div><div class=\"swiper-slide\" role=\"group\" aria-roledescription=\"slide\" aria-label=\"8 von 11\"><figure class=\"swiper-slide-inner\"><img decoding=\"async\" class=\"swiper-slide-image\" src=\"https:\/\/mittelschule-regenstauf.de\/wp-content\/uploads\/2023\/11\/20221221_093956-768x576.jpg\" alt=\"20221221_093956\" \/><\/figure><\/div><div class=\"swiper-slide\" role=\"group\" aria-roledescription=\"slide\" aria-label=\"9 von 11\"><figure class=\"swiper-slide-inner\"><img decoding=\"async\" class=\"swiper-slide-image\" src=\"https:\/\/mittelschule-regenstauf.de\/wp-content\/uploads\/2023\/11\/20221221_094019-768x576.jpg\" alt=\"20221221_094019\" \/><\/figure><\/div><div class=\"swiper-slide\" role=\"group\" aria-roledescription=\"slide\" aria-label=\"10 von 11\"><figure class=\"swiper-slide-inner\"><img decoding=\"async\" class=\"swiper-slide-image\" src=\"https:\/\/mittelschule-regenstauf.de\/wp-content\/uploads\/2023\/11\/20221221_094102-768x576.jpg\" alt=\"20221221_094102\" \/><\/figure><\/div><div class=\"swiper-slide\" role=\"group\" aria-roledescription=\"slide\" aria-label=\"11 von 11\"><figure class=\"swiper-slide-inner\"><img decoding=\"async\" class=\"swiper-slide-image\" src=\"https:\/\/mittelschule-regenstauf.de\/wp-content\/uploads\/2023\/11\/20221221_094154-768x576.jpg\" alt=\"20221221_094154\" \/><\/figure><\/div>\t\t\t<\/div>\n\t\t\t\t\t\t\t\t\t\t\t\t<div class=\"elementor-swiper-button elementor-swiper-button-prev\" role=\"button\" tabindex=\"0\">\n\t\t\t\t\t\t<i aria-hidden=\"true\" class=\"fas fa-caret-left\"><\/i>\t\t\t\t\t<\/div>\n\t\t\t\t\t<div class=\"elementor-swiper-button elementor-swiper-button-next\" role=\"button\" tabindex=\"0\">\n\t\t\t\t\t\t<i aria-hidden=\"true\" class=\"fas fa-caret-right\"><\/i>\t\t\t\t\t<\/div>\n\t\t\t\t\n\t\t\t\t\t\t\t\t\t<div class=\"swiper-pagination\"><\/div>\n\t\t\t\t\t\t\t\t\t<\/div>\n\t\t\t\t\t\t<\/div>\n\t\t\t\t<\/div>\n\t\t\t\t<div class=\"elementor-element elementor-element-484f162 elementor-widget__width-initial elementor-widget elementor-widget-text-editor\" data-id=\"484f162\" data-element_type=\"widget\" data-e-type=\"widget\" data-widget_type=\"text-editor.default\">\n\t\t\t\t<div class=\"elementor-widget-container\">\n\t\t\t\t\t\t\t\t\t<p>Die Ganztagsklasse 5 \u00fcberraschte alle mit einer besonderen Weihnachst\u00fcre. Wichtel und Engel begr\u00fc\u00dften Besucher, die sich trauten, an die T\u00fcre zu klopfen und empfingen diese mit W\u00fcnschen, Spr\u00fcchen oder einem kleinen Weihnachtslied!<\/p>\t\t\t\t\t\t\t\t<\/div>\n\t\t\t\t<\/div>\n\t\t\t\t\t<\/div>\n\t\t\t\t<\/div>\n\t\t\t\t<div class=\"elementor-element elementor-element-ee22c23 elementor-widget elementor-widget-image-gallery\" data-id=\"ee22c23\" data-element_type=\"widget\" data-e-type=\"widget\" data-widget_type=\"image-gallery.default\">\n\t\t\t\t<div class=\"elementor-widget-container\">\n\t\t\t\t\t\t\t<div class=\"elementor-image-gallery\">\n\t\t\t<div id='gallery-1' class='gallery galleryid-1526 gallery-columns-2 gallery-size-medium_large'><figure class='gallery-item'>\n\t\t\t<div class='gallery-icon landscape'>\n\t\t\t\t<a data-elementor-open-lightbox=\"yes\" data-elementor-lightbox-slideshow=\"ee22c23\" data-elementor-lightbox-title=\"20221221_111538\" data-e-action-hash=\"#elementor-action%3Aaction%3Dlightbox%26settings%3DeyJpZCI6MTU0NiwidXJsIjoiaHR0cHM6XC9cL21pdHRlbHNjaHVsZS1yZWdlbnN0YXVmLmRlXC93cC1jb250ZW50XC91cGxvYWRzXC8yMDIzXC8xMVwvMjAyMjEyMjFfMTExNTM4LTEtc2NhbGVkLmpwZyIsInNsaWRlc2hvdyI6ImVlMjJjMjMifQ%3D%3D\" href='https:\/\/mittelschule-regenstauf.de\/wp-content\/uploads\/2023\/11\/20221221_111538-1-scaled.jpg'><img fetchpriority=\"high\" decoding=\"async\" width=\"768\" height=\"576\" src=\"https:\/\/mittelschule-regenstauf.de\/wp-content\/uploads\/2023\/11\/20221221_111538-1-768x576.jpg\" class=\"attachment-medium_large size-medium_large\" alt=\"\" srcset=\"https:\/\/mittelschule-regenstauf.de\/wp-content\/uploads\/2023\/11\/20221221_111538-1-768x576.jpg 768w, https:\/\/mittelschule-regenstauf.de\/wp-content\/uploads\/2023\/11\/20221221_111538-1-300x225.jpg 300w, https:\/\/mittelschule-regenstauf.de\/wp-content\/uploads\/2023\/11\/20221221_111538-1-1024x768.jpg 1024w, https:\/\/mittelschule-regenstauf.de\/wp-content\/uploads\/2023\/11\/20221221_111538-1-1536x1152.jpg 1536w, https:\/\/mittelschule-regenstauf.de\/wp-content\/uploads\/2023\/11\/20221221_111538-1-2048x1536.jpg 2048w\" sizes=\"(max-width: 768px) 100vw, 768px\" \/><\/a>\n\t\t\t<\/div><\/figure><figure class='gallery-item'>\n\t\t\t<div class='gallery-icon landscape'>\n\t\t\t\t<a data-elementor-open-lightbox=\"yes\" data-elementor-lightbox-slideshow=\"ee22c23\" data-elementor-lightbox-title=\"20221221_095707\" data-e-action-hash=\"#elementor-action%3Aaction%3Dlightbox%26settings%3DeyJpZCI6MTU0NSwidXJsIjoiaHR0cHM6XC9cL21pdHRlbHNjaHVsZS1yZWdlbnN0YXVmLmRlXC93cC1jb250ZW50XC91cGxvYWRzXC8yMDIzXC8xMVwvMjAyMjEyMjFfMDk1NzA3LXNjYWxlZC5qcGciLCJzbGlkZXNob3ciOiJlZTIyYzIzIn0%3D\" href='https:\/\/mittelschule-regenstauf.de\/wp-content\/uploads\/2023\/11\/20221221_095707-scaled.jpg'><img decoding=\"async\" width=\"768\" height=\"576\" src=\"https:\/\/mittelschule-regenstauf.de\/wp-content\/uploads\/2023\/11\/20221221_095707-768x576.jpg\" class=\"attachment-medium_large size-medium_large\" alt=\"\" srcset=\"https:\/\/mittelschule-regenstauf.de\/wp-content\/uploads\/2023\/11\/20221221_095707-768x576.jpg 768w, https:\/\/mittelschule-regenstauf.de\/wp-content\/uploads\/2023\/11\/20221221_095707-300x225.jpg 300w, https:\/\/mittelschule-regenstauf.de\/wp-content\/uploads\/2023\/11\/20221221_095707-1024x768.jpg 1024w, https:\/\/mittelschule-regenstauf.de\/wp-content\/uploads\/2023\/11\/20221221_095707-1536x1152.jpg 1536w, https:\/\/mittelschule-regenstauf.de\/wp-content\/uploads\/2023\/11\/20221221_095707-2048x1536.jpg 2048w\" sizes=\"(max-width: 768px) 100vw, 768px\" \/><\/a>\n\t\t\t<\/div><\/figure>\n\t\t<\/div>\n\t\t<\/div>\n\t\t\t\t\t\t<\/div>\n\t\t\t\t<\/div>\n\t\t\t\t\t<\/div>\n\t\t\t\t<\/div>\n\t\t<div class=\"elementor-element elementor-element-c327ebe e-flex e-con-boxed e-con e-parent\" data-id=\"c327ebe\" data-element_type=\"container\" data-e-type=\"container\">\n\t\t\t\t\t<div class=\"e-con-inner\">\n\t\t\t\t<div class=\"elementor-element elementor-element-b74d8f2 elementor-widget__width-initial elementor-widget elementor-widget-text-editor\" data-id=\"b74d8f2\" data-element_type=\"widget\" data-e-type=\"widget\" data-widget_type=\"text-editor.default\">\n\t\t\t\t<div class=\"elementor-widget-container\">\n\t\t\t\t\t\t\t\t\t<p>Es wurde gebacken, gebraten, gekocht, dekoriert und serviert:<br \/>Eindr\u00fccke aus den Probeprojekten &#8222;Soziales&#8220; der 9. und 10. Klassen zum Thema &#8222;Weihnachten&#8220;:<\/p>\t\t\t\t\t\t\t\t<\/div>\n\t\t\t\t<\/div>\n\t\t\t\t\t<\/div>\n\t\t\t\t<\/div>\n\t\t<div class=\"elementor-element elementor-element-f290cde e-flex e-con-boxed e-con e-parent\" data-id=\"f290cde\" data-element_type=\"container\" data-e-type=\"container\">\n\t\t\t\t\t<div class=\"e-con-inner\">\n\t\t\t\t<div class=\"elementor-element elementor-element-f7d02b6 elementor-arrows-position-inside elementor-pagination-position-outside elementor-widget elementor-widget-image-carousel\" data-id=\"f7d02b6\" data-element_type=\"widget\" data-e-type=\"widget\" data-settings=\"{&quot;navigation&quot;:&quot;both&quot;,&quot;autoplay&quot;:&quot;yes&quot;,&quot;pause_on_hover&quot;:&quot;yes&quot;,&quot;pause_on_interaction&quot;:&quot;yes&quot;,&quot;autoplay_speed&quot;:5000,&quot;infinite&quot;:&quot;yes&quot;,&quot;speed&quot;:500}\" data-widget_type=\"image-carousel.default\">\n\t\t\t\t<div class=\"elementor-widget-container\">\n\t\t\t\t\t\t\t<div class=\"elementor-image-carousel-wrapper swiper\" role=\"region\" aria-roledescription=\"carousel\" aria-label=\"Bild Karussell\" dir=\"ltr\">\n\t\t\t<div class=\"elementor-image-carousel swiper-wrapper\" aria-live=\"off\">\n\t\t\t\t\t\t\t\t<div class=\"swiper-slide\" role=\"group\" aria-roledescription=\"slide\" aria-label=\"1 von 6\"><figure class=\"swiper-slide-inner\"><img decoding=\"async\" class=\"swiper-slide-image\" src=\"https:\/\/mittelschule-regenstauf.de\/wp-content\/uploads\/2023\/11\/SozialesProjekt.jpg\" alt=\"SozialesProjekt\" \/><\/figure><\/div><div class=\"swiper-slide\" role=\"group\" aria-roledescription=\"slide\" aria-label=\"2 von 6\"><figure class=\"swiper-slide-inner\"><img decoding=\"async\" class=\"swiper-slide-image\" src=\"https:\/\/mittelschule-regenstauf.de\/wp-content\/uploads\/2023\/11\/SozialesProjekt2.jpg\" alt=\"SozialesProjekt2\" \/><\/figure><\/div><div class=\"swiper-slide\" role=\"group\" aria-roledescription=\"slide\" aria-label=\"3 von 6\"><figure class=\"swiper-slide-inner\"><img decoding=\"async\" class=\"swiper-slide-image\" src=\"https:\/\/mittelschule-regenstauf.de\/wp-content\/uploads\/2023\/11\/SozialesProjekt5.jpg\" alt=\"SozialesProjekt5\" \/><\/figure><\/div><div class=\"swiper-slide\" role=\"group\" aria-roledescription=\"slide\" aria-label=\"4 von 6\"><figure class=\"swiper-slide-inner\"><img decoding=\"async\" class=\"swiper-slide-image\" src=\"https:\/\/mittelschule-regenstauf.de\/wp-content\/uploads\/2023\/11\/SozialesProjekt7.jpg\" alt=\"SozialesProjekt7\" \/><\/figure><\/div><div class=\"swiper-slide\" role=\"group\" aria-roledescription=\"slide\" aria-label=\"5 von 6\"><figure class=\"swiper-slide-inner\"><img decoding=\"async\" class=\"swiper-slide-image\" src=\"https:\/\/mittelschule-regenstauf.de\/wp-content\/uploads\/2023\/11\/SozialesProjekt8.jpg\" alt=\"SozialesProjekt8\" \/><\/figure><\/div><div class=\"swiper-slide\" role=\"group\" aria-roledescription=\"slide\" aria-label=\"6 von 6\"><figure class=\"swiper-slide-inner\"><img decoding=\"async\" class=\"swiper-slide-image\" src=\"https:\/\/mittelschule-regenstauf.de\/wp-content\/uploads\/2023\/11\/SozialesProjekt9.jpg\" alt=\"SozialesProjekt9\" \/><\/figure><\/div>\t\t\t<\/div>\n\t\t\t\t\t\t\t\t\t\t\t\t<div class=\"elementor-swiper-button elementor-swiper-button-prev\" role=\"button\" tabindex=\"0\">\n\t\t\t\t\t\t<i aria-hidden=\"true\" class=\"fas fa-caret-left\"><\/i>\t\t\t\t\t<\/div>\n\t\t\t\t\t<div class=\"elementor-swiper-button elementor-swiper-button-next\" role=\"button\" tabindex=\"0\">\n\t\t\t\t\t\t<i aria-hidden=\"true\" class=\"fas fa-caret-right\"><\/i>\t\t\t\t\t<\/div>\n\t\t\t\t\n\t\t\t\t\t\t\t\t\t<div class=\"swiper-pagination\"><\/div>\n\t\t\t\t\t\t\t\t\t<\/div>\n\t\t\t\t\t\t<\/div>\n\t\t\t\t<\/div>\n\t\t\t\t\t<\/div>\n\t\t\t\t<\/div>\n\t\t\t\t<\/div>\n\t\t","protected":false},"excerpt":{"rendered":"<p>Aktivit\u00e4ten Adventsmarkt 2022 Musikalisch umrahmt von unserer Sch\u00fclerInnen-LehrerInnen-Band konnten sich die Sch\u00fclerInnen mit Leckereien, kleinen Geschenken und Basteleien eindecken. \u00a0 Die Ganztagsklasse 5 \u00fcberraschte alle mit einer besonderen Weihnachst\u00fcre. Wichtel und Engel begr\u00fc\u00dften Besucher, die sich trauten, an die T\u00fcre zu klopfen und empfingen diese mit W\u00fcnschen, Spr\u00fcchen oder einem kleinen Weihnachtslied! Es wurde gebacken,&hellip;&nbsp;<a href=\"https:\/\/mittelschule-regenstauf.de\/?page_id=1526\" rel=\"bookmark\">Weiterlesen &raquo;<span class=\"screen-reader-text\">Aktivit\u00e4ten<\/span><\/a><\/p>\n","protected":false},"author":1,"featured_media":0,"parent":0,"menu_order":0,"comment_status":"closed","ping_status":"closed","template":"page-templates\/template-pagebuilder-full-width.php","meta":{"neve_meta_sidebar":"","neve_meta_container":"","neve_meta_enable_content_width":"off","neve_meta_content_width":100,"neve_meta_title_alignment":"","neve_meta_author_avatar":"","neve_post_elements_order":"","neve_meta_disable_header":"","neve_meta_disable_footer":"","neve_meta_disable_title":"","footnotes":""},"class_list":["post-1526","page","type-page","status-publish","hentry"],"_links":{"self":[{"href":"https:\/\/mittelschule-regenstauf.de\/index.php?rest_route=\/wp\/v2\/pages\/1526","targetHints":{"allow":["GET"]}}],"collection":[{"href":"https:\/\/mittelschule-regenstauf.de\/index.php?rest_route=\/wp\/v2\/pages"}],"about":[{"href":"https:\/\/mittelschule-regenstauf.de\/index.php?rest_route=\/wp\/v2\/types\/page"}],"author":[{"embeddable":true,"href":"https:\/\/mittelschule-regenstauf.de\/index.php?rest_route=\/wp\/v2\/users\/1"}],"replies":[{"embeddable":true,"href":"https:\/\/mittelschule-regenstauf.de\/index.php?rest_route=%2Fwp%2Fv2%2Fcomments&post=1526"}],"version-history":[{"count":34,"href":"https:\/\/mittelschule-regenstauf.de\/index.php?rest_route=\/wp\/v2\/pages\/1526\/revisions"}],"predecessor-version":[{"id":2313,"href":"https:\/\/mittelschule-regenstauf.de\/index.php?rest_route=\/wp\/v2\/pages\/1526\/revisions\/2313"}],"wp:attachment":[{"href":"https:\/\/mittelschule-regenstauf.de\/index.php?rest_route=%2Fwp%2Fv2%2Fmedia&parent=1526"}],"curies":[{"name":"wp","href":"https:\/\/api.w.org\/{rel}","templated":true}]}}