{"id":2061,"date":"2024-01-09T08:06:23","date_gmt":"2024-01-09T08:06:23","guid":{"rendered":"https:\/\/wp.mittelschule-regenstauf.de\/?page_id=2061"},"modified":"2025-04-28T08:50:25","modified_gmt":"2025-04-28T08:50:25","slug":"kooperationspartner","status":"publish","type":"page","link":"https:\/\/mittelschule-regenstauf.de\/?page_id=2061","title":{"rendered":"Kooperationspartner"},"content":{"rendered":"\t\t<div data-elementor-type=\"wp-page\" data-elementor-id=\"2061\" class=\"elementor elementor-2061\">\n\t\t\t\t<div class=\"elementor-element elementor-element-d49f9f2 e-flex e-con-boxed e-con e-parent\" data-id=\"d49f9f2\" data-element_type=\"container\" data-e-type=\"container\">\n\t\t\t\t\t<div class=\"e-con-inner\">\n\t\t\t\t<div class=\"elementor-element elementor-element-1c7e289 elementor-widget elementor-widget-heading\" data-id=\"1c7e289\" data-element_type=\"widget\" data-e-type=\"widget\" data-widget_type=\"heading.default\">\n\t\t\t\t<div class=\"elementor-widget-container\">\n\t\t\t\t\t<h2 class=\"elementor-heading-title elementor-size-large\">Kooperationen<\/h2>\t\t\t\t<\/div>\n\t\t\t\t<\/div>\n\t\t\t\t\t<\/div>\n\t\t\t\t<\/div>\n\t\t<div class=\"elementor-element elementor-element-66e870a e-flex e-con-boxed e-con e-parent\" data-id=\"66e870a\" data-element_type=\"container\" data-e-type=\"container\">\n\t\t\t\t\t<div class=\"e-con-inner\">\n\t\t\t\t<div class=\"elementor-element elementor-element-c3b9867 elementor-widget-divider--view-line elementor-widget elementor-widget-divider\" data-id=\"c3b9867\" data-element_type=\"widget\" data-e-type=\"widget\" data-widget_type=\"divider.default\">\n\t\t\t\t<div class=\"elementor-widget-container\">\n\t\t\t\t\t\t\t<div class=\"elementor-divider\">\n\t\t\t<span class=\"elementor-divider-separator\">\n\t\t\t\t\t\t<\/span>\n\t\t<\/div>\n\t\t\t\t\t\t<\/div>\n\t\t\t\t<\/div>\n\t\t\t\t\t<\/div>\n\t\t\t\t<\/div>\n\t\t<div class=\"elementor-element elementor-element-c2bb08e e-flex e-con-boxed e-con e-parent\" data-id=\"c2bb08e\" data-element_type=\"container\" data-e-type=\"container\">\n\t\t\t\t\t<div class=\"e-con-inner\">\n\t\t\t\t<div class=\"elementor-element elementor-element-ceaa3a2 elementor-widget elementor-widget-text-editor\" data-id=\"ceaa3a2\" data-element_type=\"widget\" data-e-type=\"widget\" data-widget_type=\"text-editor.default\">\n\t\t\t\t<div class=\"elementor-widget-container\">\n\t\t\t\t\t\t\t\t\t<p><strong>Mit folgenden Firmen bestehen feste Kooperationen:<\/strong><\/p>\t\t\t\t\t\t\t\t<\/div>\n\t\t\t\t<\/div>\n\t\t\t\t\t<\/div>\n\t\t\t\t<\/div>\n\t\t<div class=\"elementor-element elementor-element-93d139f e-flex e-con-boxed e-con e-parent\" data-id=\"93d139f\" data-element_type=\"container\" data-e-type=\"container\">\n\t\t\t\t\t<div class=\"e-con-inner\">\n\t\t<div class=\"elementor-element elementor-element-3ffdb82 e-con-full e-flex e-con e-child\" data-id=\"3ffdb82\" data-element_type=\"container\" data-e-type=\"container\">\n\t\t\t\t<div class=\"elementor-element elementor-element-6999182 elementor-widget__width-initial elementor-widget elementor-widget-image\" data-id=\"6999182\" data-element_type=\"widget\" data-e-type=\"widget\" data-widget_type=\"image.default\">\n\t\t\t\t<div class=\"elementor-widget-container\">\n\t\t\t\t\t\t\t\t\t\t\t\t<figure class=\"wp-caption\">\n\t\t\t\t\t\t\t\t\t\t<img decoding=\"async\" width=\"200\" height=\"200\" src=\"https:\/\/mittelschule-regenstauf.de\/wp-content\/uploads\/2024\/01\/aPcYtibGe5vRLpig.webp\" class=\"attachment-large size-large wp-image-2212\" alt=\"\" srcset=\"https:\/\/mittelschule-regenstauf.de\/wp-content\/uploads\/2024\/01\/aPcYtibGe5vRLpig.webp 200w, https:\/\/mittelschule-regenstauf.de\/wp-content\/uploads\/2024\/01\/aPcYtibGe5vRLpig-150x150.webp 150w\" sizes=\"(max-width: 200px) 100vw, 200px\" \/>\t\t\t\t\t\t\t\t\t\t\t<figcaption class=\"widget-image-caption wp-caption-text\">Andritz Fiedler<\/figcaption>\n\t\t\t\t\t\t\t\t\t\t<\/figure>\n\t\t\t\t\t\t\t\t\t<\/div>\n\t\t\t\t<\/div>\n\t\t\t\t<\/div>\n\t\t<div class=\"elementor-element elementor-element-8bdb724 e-con-full e-flex e-con e-child\" data-id=\"8bdb724\" data-element_type=\"container\" data-e-type=\"container\">\n\t\t\t\t<div class=\"elementor-element elementor-element-710b02c elementor-widget__width-initial elementor-widget-tablet__width-initial elementor-widget-mobile__width-initial elementor-widget elementor-widget-image\" data-id=\"710b02c\" data-element_type=\"widget\" data-e-type=\"widget\" data-widget_type=\"image.default\">\n\t\t\t\t<div class=\"elementor-widget-container\">\n\t\t\t\t\t\t\t\t\t\t\t\t<figure class=\"wp-caption\">\n\t\t\t\t\t\t\t\t\t\t<img fetchpriority=\"high\" decoding=\"async\" width=\"367\" height=\"137\" src=\"https:\/\/mittelschule-regenstauf.de\/wp-content\/uploads\/2025\/04\/Norma.png\" class=\"attachment-large size-large wp-image-3302\" alt=\"\" srcset=\"https:\/\/mittelschule-regenstauf.de\/wp-content\/uploads\/2025\/04\/Norma.png 367w, https:\/\/mittelschule-regenstauf.de\/wp-content\/uploads\/2025\/04\/Norma-300x112.png 300w\" sizes=\"(max-width: 367px) 100vw, 367px\" \/>\t\t\t\t\t\t\t\t\t\t\t<figcaption class=\"widget-image-caption wp-caption-text\">Norma<\/figcaption>\n\t\t\t\t\t\t\t\t\t\t<\/figure>\n\t\t\t\t\t\t\t\t\t<\/div>\n\t\t\t\t<\/div>\n\t\t\t\t<\/div>\n\t\t<div class=\"elementor-element elementor-element-f35e608 e-con-full e-flex e-con e-child\" data-id=\"f35e608\" data-element_type=\"container\" data-e-type=\"container\">\n\t\t\t\t<div class=\"elementor-element elementor-element-2f21130 elementor-widget__width-initial elementor-widget-tablet__width-initial elementor-widget-mobile__width-initial elementor-widget elementor-widget-image\" data-id=\"2f21130\" data-element_type=\"widget\" data-e-type=\"widget\" data-widget_type=\"image.default\">\n\t\t\t\t<div class=\"elementor-widget-container\">\n\t\t\t\t\t\t\t\t\t\t\t\t<figure class=\"wp-caption\">\n\t\t\t\t\t\t\t\t\t\t<img decoding=\"async\" width=\"400\" height=\"400\" src=\"https:\/\/mittelschule-regenstauf.de\/wp-content\/uploads\/2024\/01\/edf97de0-6872-4c5c-8ab5-e75f4c5c14a8-original.jpg\" class=\"attachment-large size-large wp-image-2214\" alt=\"\" srcset=\"https:\/\/mittelschule-regenstauf.de\/wp-content\/uploads\/2024\/01\/edf97de0-6872-4c5c-8ab5-e75f4c5c14a8-original.jpg 400w, https:\/\/mittelschule-regenstauf.de\/wp-content\/uploads\/2024\/01\/edf97de0-6872-4c5c-8ab5-e75f4c5c14a8-original-300x300.jpg 300w, https:\/\/mittelschule-regenstauf.de\/wp-content\/uploads\/2024\/01\/edf97de0-6872-4c5c-8ab5-e75f4c5c14a8-original-150x150.jpg 150w\" sizes=\"(max-width: 400px) 100vw, 400px\" \/>\t\t\t\t\t\t\t\t\t\t\t<figcaption class=\"widget-image-caption wp-caption-text\">Druckerei Hofmann<\/figcaption>\n\t\t\t\t\t\t\t\t\t\t<\/figure>\n\t\t\t\t\t\t\t\t\t<\/div>\n\t\t\t\t<\/div>\n\t\t\t\t<\/div>\n\t\t\t\t\t<\/div>\n\t\t\t\t<\/div>\n\t\t<div class=\"elementor-element elementor-element-e88eca9 e-flex e-con-boxed e-con e-parent\" data-id=\"e88eca9\" data-element_type=\"container\" data-e-type=\"container\">\n\t\t\t\t\t<div class=\"e-con-inner\">\n\t\t\t\t<div class=\"elementor-element elementor-element-318c903 elementor-widget elementor-widget-text-editor\" data-id=\"318c903\" data-element_type=\"widget\" data-e-type=\"widget\" data-widget_type=\"text-editor.default\">\n\t\t\t\t<div class=\"elementor-widget-container\">\n\t\t\t\t\t\t\t\t\t<p>Es findet ein regelm\u00e4\u00dfiger Austausch in Form von Betriebserkundungen, Praktika, Diskussionsrunden sowie Austausch zwischen Azubi und unseren Sch\u00fclerinnen und Sch\u00fclern statt. Die Erfahrungen aus den Firmenbesuchen werden in Form einer Pr\u00e4sentation in der unteren Jahrgangsstufe vorgestellt. Somit erhalten j\u00fcngere Sch\u00fclerinnen und Sch\u00fcler ebenfalls Einblicke in die Berufswelt und gegebenenfalls Anregungen f\u00fcr ihre Praktikumswahl im kommenden Schuljahr.<\/p><p>\u00a0<\/p><p><strong>Mit folgenden Bildungseinrichtungen bestehen Kooperationen:<\/strong>\u00a0<\/p><p>Kooperation mit dem Staatlichen Berufsschulzentrum Regensburg Land<\/p><ul><li>Austausch der Lehrkr\u00e4fte der Mittelschule mit dem staatlichen Berufsschulzentrum<\/li><li>Durchf\u00fchrung gegenseitiger Besuche<\/li><li>Besuch der einzelnen Berufsfelder und Ausbildungsm\u00f6glichkeiten (<strong>Unterrichtsfahrten je nach Neigung und Interesse<\/strong>)<\/li><li>Direkter Austausch von Berufsfachsch\u00fcler mit unseren Sch\u00fclern an der Mittelschule<\/li><\/ul><p>\u00a0<\/p><p>Kooperation mit der IHK Regensburg<\/p><p>J\u00e4hrlich besuchen sogenannte AusbildungsScouts unsere 8. Und 9. Klassen, informieren \u00fcber ihre Ausbildungsberufe, Erfahrungen, wesentliche Schl\u00fcsselqualifikationen und stehen zur Diskussion mit unseren Sch\u00fclern bereit.<\/p>\t\t\t\t\t\t\t\t<\/div>\n\t\t\t\t<\/div>\n\t\t\t\t\t<\/div>\n\t\t\t\t<\/div>\n\t\t\t\t<\/div>\n\t\t","protected":false},"excerpt":{"rendered":"<p>Kooperationen Mit folgenden Firmen bestehen feste Kooperationen: Andritz Fiedler Norma Druckerei Hofmann Es findet ein regelm\u00e4\u00dfiger Austausch in Form von Betriebserkundungen, Praktika, Diskussionsrunden sowie Austausch zwischen Azubi und unseren Sch\u00fclerinnen und Sch\u00fclern statt. Die Erfahrungen aus den Firmenbesuchen werden in Form einer Pr\u00e4sentation in der unteren Jahrgangsstufe vorgestellt. Somit erhalten j\u00fcngere Sch\u00fclerinnen und Sch\u00fcler ebenfalls&hellip;&nbsp;<a href=\"https:\/\/mittelschule-regenstauf.de\/?page_id=2061\" rel=\"bookmark\">Weiterlesen &raquo;<span class=\"screen-reader-text\">Kooperationspartner<\/span><\/a><\/p>\n","protected":false},"author":1,"featured_media":0,"parent":0,"menu_order":0,"comment_status":"closed","ping_status":"closed","template":"page-templates\/template-pagebuilder-full-width.php","meta":{"neve_meta_sidebar":"","neve_meta_container":"","neve_meta_enable_content_width":"off","neve_meta_content_width":100,"neve_meta_title_alignment":"","neve_meta_author_avatar":"","neve_post_elements_order":"","neve_meta_disable_header":"","neve_meta_disable_footer":"","neve_meta_disable_title":"","footnotes":""},"class_list":["post-2061","page","type-page","status-publish","hentry"],"_links":{"self":[{"href":"https:\/\/mittelschule-regenstauf.de\/index.php?rest_route=\/wp\/v2\/pages\/2061","targetHints":{"allow":["GET"]}}],"collection":[{"href":"https:\/\/mittelschule-regenstauf.de\/index.php?rest_route=\/wp\/v2\/pages"}],"about":[{"href":"https:\/\/mittelschule-regenstauf.de\/index.php?rest_route=\/wp\/v2\/types\/page"}],"author":[{"embeddable":true,"href":"https:\/\/mittelschule-regenstauf.de\/index.php?rest_route=\/wp\/v2\/users\/1"}],"replies":[{"embeddable":true,"href":"https:\/\/mittelschule-regenstauf.de\/index.php?rest_route=%2Fwp%2Fv2%2Fcomments&post=2061"}],"version-history":[{"count":91,"href":"https:\/\/mittelschule-regenstauf.de\/index.php?rest_route=\/wp\/v2\/pages\/2061\/revisions"}],"predecessor-version":[{"id":3311,"href":"https:\/\/mittelschule-regenstauf.de\/index.php?rest_route=\/wp\/v2\/pages\/2061\/revisions\/3311"}],"wp:attachment":[{"href":"https:\/\/mittelschule-regenstauf.de\/index.php?rest_route=%2Fwp%2Fv2%2Fmedia&parent=2061"}],"curies":[{"name":"wp","href":"https:\/\/api.w.org\/{rel}","templated":true}]}}