{"id":413,"date":"2023-10-11T11:19:53","date_gmt":"2023-10-11T11:19:53","guid":{"rendered":"https:\/\/wp.mittelschule-regenstauf.de\/?page_id=413"},"modified":"2024-01-15T11:04:10","modified_gmt":"2024-01-15T11:04:10","slug":"ogts","status":"publish","type":"page","link":"https:\/\/mittelschule-regenstauf.de\/?page_id=413","title":{"rendered":"OGTS"},"content":{"rendered":"\t\t<div data-elementor-type=\"wp-page\" data-elementor-id=\"413\" class=\"elementor elementor-413\">\n\t\t\t\t<div class=\"elementor-element elementor-element-1b6269e e-flex e-con-boxed e-con e-parent\" data-id=\"1b6269e\" data-element_type=\"container\" data-e-type=\"container\">\n\t\t\t\t\t<div class=\"e-con-inner\">\n\t\t\t\t<div class=\"elementor-element elementor-element-27fc7e4 elementor-widget elementor-widget-heading\" data-id=\"27fc7e4\" data-element_type=\"widget\" data-e-type=\"widget\" data-widget_type=\"heading.default\">\n\t\t\t\t<div class=\"elementor-widget-container\">\n\t\t\t\t\t<h2 class=\"elementor-heading-title elementor-size-large\">Offene Ganztagsschule <\/h2>\t\t\t\t<\/div>\n\t\t\t\t<\/div>\n\t\t\t\t\t<\/div>\n\t\t\t\t<\/div>\n\t\t<div class=\"elementor-element elementor-element-7346271 e-flex e-con-boxed e-con e-parent\" data-id=\"7346271\" data-element_type=\"container\" data-e-type=\"container\">\n\t\t\t\t\t<div class=\"e-con-inner\">\n\t\t\t\t<div class=\"elementor-element elementor-element-bc983d4 elementor-widget-divider--view-line elementor-widget elementor-widget-divider\" data-id=\"bc983d4\" data-element_type=\"widget\" data-e-type=\"widget\" data-widget_type=\"divider.default\">\n\t\t\t\t<div class=\"elementor-widget-container\">\n\t\t\t\t\t\t\t<div class=\"elementor-divider\">\n\t\t\t<span class=\"elementor-divider-separator\">\n\t\t\t\t\t\t<\/span>\n\t\t<\/div>\n\t\t\t\t\t\t<\/div>\n\t\t\t\t<\/div>\n\t\t\t\t\t<\/div>\n\t\t\t\t<\/div>\n\t\t<div class=\"elementor-element elementor-element-8cb0553 e-flex e-con-boxed e-con e-parent\" data-id=\"8cb0553\" data-element_type=\"container\" data-e-type=\"container\">\n\t\t\t\t\t<div class=\"e-con-inner\">\n\t\t\t\t<div class=\"elementor-element elementor-element-b05ac58 elementor-widget elementor-widget-text-editor\" data-id=\"b05ac58\" data-element_type=\"widget\" data-e-type=\"widget\" data-widget_type=\"text-editor.default\">\n\t\t\t\t<div class=\"elementor-widget-container\">\n\t\t\t\t\t\t\t\t\t<p><b>Leitung<\/b>\u00a0<\/p>\t\t\t\t\t\t\t\t<\/div>\n\t\t\t\t<\/div>\n\t\t\t\t\t<\/div>\n\t\t\t\t<\/div>\n\t\t<div class=\"elementor-element elementor-element-6aa57d9 e-flex e-con-boxed e-con e-parent\" data-id=\"6aa57d9\" data-element_type=\"container\" data-e-type=\"container\">\n\t\t\t\t\t<div class=\"e-con-inner\">\n\t\t<div class=\"elementor-element elementor-element-ad98704 e-con-full e-flex e-con e-child\" data-id=\"ad98704\" data-element_type=\"container\" data-e-type=\"container\">\n\t\t\t\t<div class=\"elementor-element elementor-element-caa9c5f elementor-widget__width-initial elementor-widget elementor-widget-image\" data-id=\"caa9c5f\" data-element_type=\"widget\" data-e-type=\"widget\" data-widget_type=\"image.default\">\n\t\t\t\t<div class=\"elementor-widget-container\">\n\t\t\t\t\t\t\t\t\t\t\t\t<figure class=\"wp-caption\">\n\t\t\t\t\t\t\t\t\t\t<img decoding=\"async\" width=\"179\" height=\"199\" src=\"https:\/\/mittelschule-regenstauf.de\/wp-content\/uploads\/2023\/10\/2.jpg\" class=\"attachment-2048x2048 size-2048x2048 wp-image-1090\" alt=\"\" \/>\t\t\t\t\t\t\t\t\t\t\t<figcaption class=\"widget-image-caption wp-caption-text\">Beate Kiefl, Dipl. Sozp\u00e4d. FH\/P\u00e4d. Univ<\/figcaption>\n\t\t\t\t\t\t\t\t\t\t<\/figure>\n\t\t\t\t\t\t\t\t\t<\/div>\n\t\t\t\t<\/div>\n\t\t\t\t<\/div>\n\t\t<div class=\"elementor-element elementor-element-f34c6e6 e-con-full e-flex e-con e-child\" data-id=\"f34c6e6\" data-element_type=\"container\" data-e-type=\"container\">\n\t\t\t\t<div class=\"elementor-element elementor-element-19cdcf0 elementor-widget__width-initial elementor-widget-tablet__width-initial elementor-widget elementor-widget-text-editor\" data-id=\"19cdcf0\" data-element_type=\"widget\" data-e-type=\"widget\" data-widget_type=\"text-editor.default\">\n\t\t\t\t<div class=\"elementor-widget-container\">\n\t\t\t\t\t\t\t\t\t<p><strong>Kontakt:\u00a0<\/strong><\/p><p>Telefon:\u00a0 0162 \/ 2 61 12 65 (von ca. 12:00 bis 16:30 Uhr)<br \/>Mail:\u00a0\u00a0<a href=\"mailto:gbregenstauf@ejsa-regensburg.de\" target=\"_blank\" rel=\"noopener\">gbregenstauf@ejsa-regensburg.de<\/a><\/p><p>\u00d6ffnungszeiten: Montag &#8211; Donnerstag von 13:00 bis 16:00 Uhr<\/p>\t\t\t\t\t\t\t\t<\/div>\n\t\t\t\t<\/div>\n\t\t\t\t<\/div>\n\t\t\t\t\t<\/div>\n\t\t\t\t<\/div>\n\t\t<div class=\"elementor-element elementor-element-e44f804 e-flex e-con-boxed e-con e-parent\" data-id=\"e44f804\" data-element_type=\"container\" data-e-type=\"container\">\n\t\t\t\t\t<div class=\"e-con-inner\">\n\t\t\t\t<div class=\"elementor-element elementor-element-7eb520f elementor-widget__width-initial elementor-widget-tablet__width-initial elementor-widget elementor-widget-text-editor\" data-id=\"7eb520f\" data-element_type=\"widget\" data-e-type=\"widget\" data-widget_type=\"text-editor.default\">\n\t\t\t\t<div class=\"elementor-widget-container\">\n\t\t\t\t\t\t\t\t\t<h4>Konzept des Offenen Ganztagsangebotes<\/h4><p>Die Offene Ganztagsschule ist ein freiwilliges schulisches Angebot der ganzt\u00e4gigen F\u00f6rderung und Betreuung von Sch\u00fclern der Jahrgangsstufen 5 bis 10.<\/p><p>Der Unterricht an Offenen Ganztagsschulen findet wie gewohnt \u00fcberwiegend am Vormittag im Klassenverband statt. Diejenigen Sch\u00fclerinnen und Sch\u00fcler, deren Eltern dies w\u00fcnschen, besuchen dann nach dem stundenplanm\u00e4\u00dfigen Unterricht die jeweiligen Ganztagsangebote.<\/p><p>Zur familiengerechten F\u00f6rderung und Betreuung geh\u00f6ren:<\/p><ul><li>Mittagsverpflegung<\/li><li>Hausaufgabenbetreuung und F\u00f6rderma\u00dfnahmen<\/li><li>Freizeitangebot mit sportlichen, musischen und gestalterischen Aktivit\u00e4ten<br \/><em>(Konzeption und Definition des Kultusministeriums)<\/em><\/li><\/ul><p><strong>Die EJSA fungiert dabei als Kooperationspartner der Schule und gestaltet den Ganztagsbetrieb im Anschluss an den regul\u00e4ren Unterricht.<\/strong>\u00a0<\/p><h4>Offenes Ganztagsangebot\u00a0an der Mittelschule am Schlossberg<\/h4><p>Mittagessen wie die \u201eGro\u00dfen\u201c \u2013 und doch im famili\u00e4ren Rahmen, geht das?\u00a0Ja, so meinen wir, denn auch in der neuen gro\u00dfen Mensa ist es m\u00f6glich, sich einerseits selbst um die Mahlzeit zu k\u00fcmmern, andererseits das Essen in meist selbstgew\u00e4hlten Kleingruppen zu genie\u00dfen.<\/p><p>Die Betreuerinnen haben jederzeit ein offenes Ohr f\u00fcr nahezu s\u00e4mtliche Angelegenheiten der Sch\u00fcler und Sch\u00fclerinnen.\u00a0Ganz nebenbei organisieren sie auch Aktionstage, sowie vielf\u00e4ltige, an den Interessen der Kinder ausgerichtete Projekte.<\/p><p>Bei den Hausaufgaben macht es nat\u00fcrlich mehr Spa\u00df, gemeinsam etwas zu erarbeiten oder sich gegenseitig abzufragen, deshalb kommt auch das sogenannte\u00a0\u201esoziale Lernen\u201c bei uns nicht zu kurz.<\/p><p>Es gibt bei uns t\u00e4glich einen kleinen Nachmittagssnack, der mittlerweile schon fest in den Tagesablauf integriert ist.<\/p><p>Auch in der Freizeit ist so einiges geboten, ein gro\u00dfes Bed\u00fcrfnis ist es, sich an der frischen Luft zu bewegen. Im Pausenhof ist es m\u00f6glich Tischtennis, Basketball und Fu\u00dfball zu spielen, aber auch Slackline und Federball erfreuen sich gro\u00dfer Beliebtheit. Indoor stehen neben verschiedenen Brett- und Kartenspielen, B\u00fcchern &amp; Co auch eine Wii (Wii-Sports, Just Dance und The Voice, Mario Kart) bereit um den Nachmittag interessant und abwechslungsreich zu gestalten.<\/p><p>Kurz gesagt \u2013 OGS-Regenstauf: ein Ort zum Wohlf\u00fchlen!<\/p>\t\t\t\t\t\t\t\t<\/div>\n\t\t\t\t<\/div>\n\t\t\t\t\t<\/div>\n\t\t\t\t<\/div>\n\t\t\t\t<\/div>\n\t\t","protected":false},"excerpt":{"rendered":"<p>Offene Ganztagsschule Leitung\u00a0 Beate Kiefl, Dipl. Sozp\u00e4d. FH\/P\u00e4d. Univ Kontakt:\u00a0 Telefon:\u00a0 0162 \/ 2 61 12 65 (von ca. 12:00 bis 16:30 Uhr)Mail:\u00a0\u00a0gbregenstauf@ejsa-regensburg.de \u00d6ffnungszeiten: Montag &#8211; Donnerstag von 13:00 bis 16:00 Uhr Konzept des Offenen Ganztagsangebotes Die Offene Ganztagsschule ist ein freiwilliges schulisches Angebot der ganzt\u00e4gigen F\u00f6rderung und Betreuung von Sch\u00fclern der Jahrgangsstufen 5 bis&hellip;&nbsp;<a href=\"https:\/\/mittelschule-regenstauf.de\/?page_id=413\" rel=\"bookmark\">Weiterlesen &raquo;<span class=\"screen-reader-text\">OGTS<\/span><\/a><\/p>\n","protected":false},"author":1,"featured_media":0,"parent":0,"menu_order":0,"comment_status":"closed","ping_status":"closed","template":"page-templates\/template-pagebuilder-full-width.php","meta":{"neve_meta_sidebar":"","neve_meta_container":"","neve_meta_enable_content_width":"off","neve_meta_content_width":100,"neve_meta_title_alignment":"","neve_meta_author_avatar":"","neve_post_elements_order":"","neve_meta_disable_header":"","neve_meta_disable_footer":"","neve_meta_disable_title":"","footnotes":""},"class_list":["post-413","page","type-page","status-publish","hentry"],"_links":{"self":[{"href":"https:\/\/mittelschule-regenstauf.de\/index.php?rest_route=\/wp\/v2\/pages\/413","targetHints":{"allow":["GET"]}}],"collection":[{"href":"https:\/\/mittelschule-regenstauf.de\/index.php?rest_route=\/wp\/v2\/pages"}],"about":[{"href":"https:\/\/mittelschule-regenstauf.de\/index.php?rest_route=\/wp\/v2\/types\/page"}],"author":[{"embeddable":true,"href":"https:\/\/mittelschule-regenstauf.de\/index.php?rest_route=\/wp\/v2\/users\/1"}],"replies":[{"embeddable":true,"href":"https:\/\/mittelschule-regenstauf.de\/index.php?rest_route=%2Fwp%2Fv2%2Fcomments&post=413"}],"version-history":[{"count":58,"href":"https:\/\/mittelschule-regenstauf.de\/index.php?rest_route=\/wp\/v2\/pages\/413\/revisions"}],"predecessor-version":[{"id":2665,"href":"https:\/\/mittelschule-regenstauf.de\/index.php?rest_route=\/wp\/v2\/pages\/413\/revisions\/2665"}],"wp:attachment":[{"href":"https:\/\/mittelschule-regenstauf.de\/index.php?rest_route=%2Fwp%2Fv2%2Fmedia&parent=413"}],"curies":[{"name":"wp","href":"https:\/\/api.w.org\/{rel}","templated":true}]}}