{"id":415,"date":"2023-10-11T11:20:11","date_gmt":"2023-10-11T11:20:11","guid":{"rendered":"https:\/\/wp.mittelschule-regenstauf.de\/?page_id=415"},"modified":"2024-01-14T10:14:36","modified_gmt":"2024-01-14T10:14:36","slug":"gebundener-ganztag","status":"publish","type":"page","link":"https:\/\/mittelschule-regenstauf.de\/?page_id=415","title":{"rendered":"Gebundener Ganztag"},"content":{"rendered":"\t\t<div data-elementor-type=\"wp-page\" data-elementor-id=\"415\" class=\"elementor elementor-415\">\n\t\t\t\t<div class=\"elementor-element elementor-element-5b3e5a9 e-flex e-con-boxed e-con e-parent\" data-id=\"5b3e5a9\" data-element_type=\"container\" data-e-type=\"container\">\n\t\t\t\t\t<div class=\"e-con-inner\">\n\t\t\t\t<div class=\"elementor-element elementor-element-d6861fa elementor-widget elementor-widget-heading\" data-id=\"d6861fa\" data-element_type=\"widget\" data-e-type=\"widget\" data-widget_type=\"heading.default\">\n\t\t\t\t<div class=\"elementor-widget-container\">\n\t\t\t\t\t<h2 class=\"elementor-heading-title elementor-size-large\">Ganztagsschule <\/h2>\t\t\t\t<\/div>\n\t\t\t\t<\/div>\n\t\t\t\t\t<\/div>\n\t\t\t\t<\/div>\n\t\t<div class=\"elementor-element elementor-element-a9282e4 e-flex e-con-boxed e-con e-parent\" data-id=\"a9282e4\" data-element_type=\"container\" data-e-type=\"container\">\n\t\t\t\t\t<div class=\"e-con-inner\">\n\t\t\t\t<div class=\"elementor-element elementor-element-42c6a87 elementor-widget-divider--view-line elementor-widget elementor-widget-divider\" data-id=\"42c6a87\" data-element_type=\"widget\" data-e-type=\"widget\" data-widget_type=\"divider.default\">\n\t\t\t\t<div class=\"elementor-widget-container\">\n\t\t\t\t\t\t\t<div class=\"elementor-divider\">\n\t\t\t<span class=\"elementor-divider-separator\">\n\t\t\t\t\t\t<\/span>\n\t\t<\/div>\n\t\t\t\t\t\t<\/div>\n\t\t\t\t<\/div>\n\t\t\t\t\t<\/div>\n\t\t\t\t<\/div>\n\t\t<div class=\"elementor-element elementor-element-fa50582 e-flex e-con-boxed e-con e-parent\" data-id=\"fa50582\" data-element_type=\"container\" data-e-type=\"container\">\n\t\t\t\t\t<div class=\"e-con-inner\">\n\t\t\t\t<div class=\"elementor-element elementor-element-33209eb elementor-widget elementor-widget-text-editor\" data-id=\"33209eb\" data-element_type=\"widget\" data-e-type=\"widget\" data-widget_type=\"text-editor.default\">\n\t\t\t\t<div class=\"elementor-widget-container\">\n\t\t\t\t\t\t\t\t\t<p>Im Schuljahr 2012\/2013 haben wir mit einer Ganztagsklasse begonnen. Mittlerweile gibt es 5 Ganztagsklassen. Die Teilnahme am Ganztagsklassenunterricht ist freiwillig und ist f\u00fcr ein ganzes Schuljahr bindend.<\/p><h4>Welche Vorteile bringt der Besuch einer Ganztagsklasse?<\/h4><ul><li>Mehr individuelle F\u00f6rderung durch zus\u00e4tzliche Lehrerstunden<\/li><li>Zeit f\u00fcr ein gemeinsames, kostenpflichtiges Mittagessen in der Klassengemeinschaft<\/li><li>Betreute Freizeit nach dem Mittagessen: Sport, Spiele, Entspannung<\/li><li>Zus\u00e4tzliche Freizeitangebote: sportliche, kreative und musikalische Aktivit\u00e4ten<\/li><li>Keine Kosten f\u00fcr das Zusatzangebot<\/li><li>Reduzierung des h\u00e4uslichen Schulstresses durch Wegfall der schriftlichen Hausaufgaben<\/li><\/ul><h5>\u00a0<\/h5><p><strong>Zus\u00e4tzliches Freizeitangebot, z.B.:<\/strong><\/p><ul><li>Selbstverteidigung<\/li><li>Volleyball<\/li><li>Sport und Spiel<\/li><li>Takt und Rhythmus<\/li><\/ul><div>\u00a0<\/div><h4>Was k\u00f6nnen Sie von der Ganztagsschule erwarten?<\/h4><ul><li>engagierte Lehrkr\u00e4fte mit Freude an der Aufgabe Ganztagsklasse<\/li><li>zuverl\u00e4ssige Betreuung der Sch\u00fcler auch am Nachmittag<\/li><li>gemeinsames, kostenpflichtiges Mittagessen<\/li><li>betreute Mittagspause<\/li><li>M\u00f6glichkeit, Schlie\u00dff\u00e4cher anzumieten<\/li><\/ul><h4>\u00a0<\/h4><h4>Was erwartet die Schule von einem Ganztagssch\u00fcler?<\/h4><ul><li>Interesse an der Schule<\/li><li>Bereitschaft, sich beim Lernen zu engagieren<\/li><li>Bereitschaft, sich in die Gruppe einzuf\u00fcgen und die Regeln zu akzeptieren<\/li><li>Bereitschaft, mit den zur Verf\u00fcgung gestellten Materialien sorgsam umzugehen<\/li><li>Teilnahme am Mittagessen und verantwortungsvoller Umgang mit dem Essen<\/li><\/ul><div>\u00a0<\/div><h4>Organisatorisches<\/h4><p><strong>Zeit:<\/strong><br \/>Der Schulbetrieb beginnt Montag bis Donnerstag um 8.00 Uhr und endet um 16.00 Uhr.<br \/>Freitags endet der Unterricht um 13.00 Uhr. An diesem Tag gibt es kein Mittagessen.<\/p><p><strong>Schulweg:<\/strong><br \/>Nach Beendigung des Unterrichts werden die Sch\u00fcler mit dem Schulbus in die Heimatorte gebracht.<\/p><p><strong>Anmeldung:<\/strong><br \/>Anmeldungsformulare erh\u00e4lt man im Sekretariat oder stehen auf der Homepage der Mittelschule Regenstauf zum\u00a0Download\u00a0bereit.<\/p><p><strong>Mittagsessen:<\/strong><br \/>Das Mittagsessen wird von der Metzgerei Brunner geliefert.<\/p>\t\t\t\t\t\t\t\t<\/div>\n\t\t\t\t<\/div>\n\t\t\t\t\t<\/div>\n\t\t\t\t<\/div>\n\t\t\t\t<\/div>\n\t\t","protected":false},"excerpt":{"rendered":"<p>Ganztagsschule Im Schuljahr 2012\/2013 haben wir mit einer Ganztagsklasse begonnen. Mittlerweile gibt es 5 Ganztagsklassen. Die Teilnahme am Ganztagsklassenunterricht ist freiwillig und ist f\u00fcr ein ganzes Schuljahr bindend. Welche Vorteile bringt der Besuch einer Ganztagsklasse? Mehr individuelle F\u00f6rderung durch zus\u00e4tzliche Lehrerstunden Zeit f\u00fcr ein gemeinsames, kostenpflichtiges Mittagessen in der Klassengemeinschaft Betreute Freizeit nach dem Mittagessen:&hellip;&nbsp;<a href=\"https:\/\/mittelschule-regenstauf.de\/?page_id=415\" rel=\"bookmark\">Weiterlesen &raquo;<span class=\"screen-reader-text\">Gebundener Ganztag<\/span><\/a><\/p>\n","protected":false},"author":1,"featured_media":0,"parent":0,"menu_order":0,"comment_status":"closed","ping_status":"closed","template":"page-templates\/template-pagebuilder-full-width.php","meta":{"neve_meta_sidebar":"","neve_meta_container":"","neve_meta_enable_content_width":"off","neve_meta_content_width":100,"neve_meta_title_alignment":"","neve_meta_author_avatar":"","neve_post_elements_order":"","neve_meta_disable_header":"","neve_meta_disable_footer":"","neve_meta_disable_title":"","footnotes":""},"class_list":["post-415","page","type-page","status-publish","hentry"],"_links":{"self":[{"href":"https:\/\/mittelschule-regenstauf.de\/index.php?rest_route=\/wp\/v2\/pages\/415","targetHints":{"allow":["GET"]}}],"collection":[{"href":"https:\/\/mittelschule-regenstauf.de\/index.php?rest_route=\/wp\/v2\/pages"}],"about":[{"href":"https:\/\/mittelschule-regenstauf.de\/index.php?rest_route=\/wp\/v2\/types\/page"}],"author":[{"embeddable":true,"href":"https:\/\/mittelschule-regenstauf.de\/index.php?rest_route=\/wp\/v2\/users\/1"}],"replies":[{"embeddable":true,"href":"https:\/\/mittelschule-regenstauf.de\/index.php?rest_route=%2Fwp%2Fv2%2Fcomments&post=415"}],"version-history":[{"count":28,"href":"https:\/\/mittelschule-regenstauf.de\/index.php?rest_route=\/wp\/v2\/pages\/415\/revisions"}],"predecessor-version":[{"id":2295,"href":"https:\/\/mittelschule-regenstauf.de\/index.php?rest_route=\/wp\/v2\/pages\/415\/revisions\/2295"}],"wp:attachment":[{"href":"https:\/\/mittelschule-regenstauf.de\/index.php?rest_route=%2Fwp%2Fv2%2Fmedia&parent=415"}],"curies":[{"name":"wp","href":"https:\/\/api.w.org\/{rel}","templated":true}]}}