{"id":417,"date":"2023-10-11T11:20:25","date_gmt":"2023-10-11T11:20:25","guid":{"rendered":"https:\/\/wp.mittelschule-regenstauf.de\/?page_id=417"},"modified":"2024-01-15T11:09:14","modified_gmt":"2024-01-15T11:09:14","slug":"beratung-2","status":"publish","type":"page","link":"https:\/\/mittelschule-regenstauf.de\/?page_id=417","title":{"rendered":"Berufsberatung"},"content":{"rendered":"\t\t<div data-elementor-type=\"wp-page\" data-elementor-id=\"417\" class=\"elementor elementor-417\">\n\t\t\t\t<div class=\"elementor-element elementor-element-a3b0908 e-flex e-con-boxed e-con e-parent\" data-id=\"a3b0908\" data-element_type=\"container\" data-e-type=\"container\">\n\t\t\t\t\t<div class=\"e-con-inner\">\n\t\t\t\t<div class=\"elementor-element elementor-element-f27ac59 elementor-widget elementor-widget-heading\" data-id=\"f27ac59\" data-element_type=\"widget\" data-e-type=\"widget\" data-widget_type=\"heading.default\">\n\t\t\t\t<div class=\"elementor-widget-container\">\n\t\t\t\t\t<h2 class=\"elementor-heading-title elementor-size-large\">Berufsberatung <\/h2>\t\t\t\t<\/div>\n\t\t\t\t<\/div>\n\t\t\t\t\t<\/div>\n\t\t\t\t<\/div>\n\t\t<div class=\"elementor-element elementor-element-213fc34 e-flex e-con-boxed e-con e-parent\" data-id=\"213fc34\" data-element_type=\"container\" data-e-type=\"container\">\n\t\t\t\t\t<div class=\"e-con-inner\">\n\t\t\t\t<div class=\"elementor-element elementor-element-89a16fc elementor-widget-divider--view-line elementor-widget elementor-widget-divider\" data-id=\"89a16fc\" data-element_type=\"widget\" data-e-type=\"widget\" data-widget_type=\"divider.default\">\n\t\t\t\t<div class=\"elementor-widget-container\">\n\t\t\t\t\t\t\t<div class=\"elementor-divider\">\n\t\t\t<span class=\"elementor-divider-separator\">\n\t\t\t\t\t\t<\/span>\n\t\t<\/div>\n\t\t\t\t\t\t<\/div>\n\t\t\t\t<\/div>\n\t\t\t\t\t<\/div>\n\t\t\t\t<\/div>\n\t\t<div class=\"elementor-element elementor-element-cde5621 e-flex e-con-boxed e-con e-parent\" data-id=\"cde5621\" data-element_type=\"container\" data-e-type=\"container\">\n\t\t\t\t\t<div class=\"e-con-inner\">\n\t\t<div class=\"elementor-element elementor-element-9d2bf4d e-flex e-con-boxed e-con e-child\" data-id=\"9d2bf4d\" data-element_type=\"container\" data-e-type=\"container\">\n\t\t\t\t\t<div class=\"e-con-inner\">\n\t\t<div class=\"elementor-element elementor-element-f4877cd e-con-full e-flex e-con e-child\" data-id=\"f4877cd\" data-element_type=\"container\" data-e-type=\"container\">\n\t\t\t\t<div class=\"elementor-element elementor-element-ad0318f elementor-widget__width-initial elementor-widget-tablet__width-initial elementor-widget elementor-widget-image\" data-id=\"ad0318f\" data-element_type=\"widget\" data-e-type=\"widget\" data-widget_type=\"image.default\">\n\t\t\t\t<div class=\"elementor-widget-container\">\n\t\t\t\t\t\t\t\t\t\t\t\t<figure class=\"wp-caption\">\n\t\t\t\t\t\t\t\t\t\t<img fetchpriority=\"high\" decoding=\"async\" width=\"1024\" height=\"1024\" src=\"https:\/\/mittelschule-regenstauf.de\/wp-content\/uploads\/2024\/01\/Theisinger-1024x1024.webp\" class=\"attachment-large size-large wp-image-1669\" alt=\"\" srcset=\"https:\/\/mittelschule-regenstauf.de\/wp-content\/uploads\/2024\/01\/Theisinger-1024x1024.webp 1024w, https:\/\/mittelschule-regenstauf.de\/wp-content\/uploads\/2024\/01\/Theisinger-300x300.webp 300w, https:\/\/mittelschule-regenstauf.de\/wp-content\/uploads\/2024\/01\/Theisinger-150x150.webp 150w, https:\/\/mittelschule-regenstauf.de\/wp-content\/uploads\/2024\/01\/Theisinger-768x768.webp 768w, https:\/\/mittelschule-regenstauf.de\/wp-content\/uploads\/2024\/01\/Theisinger-1536x1536.webp 1536w, https:\/\/mittelschule-regenstauf.de\/wp-content\/uploads\/2024\/01\/Theisinger.webp 1920w\" sizes=\"(max-width: 1024px) 100vw, 1024px\" \/>\t\t\t\t\t\t\t\t\t\t\t<figcaption class=\"widget-image-caption wp-caption-text\">Kerstin Theisinger, Berufsberatung<\/figcaption>\n\t\t\t\t\t\t\t\t\t\t<\/figure>\n\t\t\t\t\t\t\t\t\t<\/div>\n\t\t\t\t<\/div>\n\t\t\t\t<\/div>\n\t\t<div class=\"elementor-element elementor-element-03a43ac e-con-full e-flex e-con e-child\" data-id=\"03a43ac\" data-element_type=\"container\" data-e-type=\"container\">\n\t\t\t\t<div class=\"elementor-element elementor-element-ee5c5cf elementor-widget__width-initial elementor-widget-tablet__width-initial elementor-widget elementor-widget-text-editor\" data-id=\"ee5c5cf\" data-element_type=\"widget\" data-e-type=\"widget\" data-widget_type=\"text-editor.default\">\n\t\t\t\t<div class=\"elementor-widget-container\">\n\t\t\t\t\t\t\t\t\t<p><span style=\"text-align: var(--text-align); background-color: var(--nv-site-bg); letter-spacing: var(--bodyletterspacing); text-transform: var(--bodytexttransform);\">Mittelschule am Schlossberg<\/span><\/p><p>Hauzensteiner Str. 52<br \/>93128 Regenstauf<\/p><p><strong>Tel.:<\/strong> 0800 4555500<\/p><p><strong>E-Mail:<\/strong> regensburg.berufsberatung-152@arbeitsagentur.de<\/p><p><strong>Onlineauftritt:<\/strong>\u00a0<a href=\"https:\/\/www.arbeitsagentur.de\/vor-ort\/regensburg\/mittelschule-am-schlossberg-regenstauf\">https:\/\/www.arbeitsagentur.de\/vor-ort\/regensburg\/mittelschule-am-schlossberg-regenstauf<\/a><\/p>\t\t\t\t\t\t\t\t<\/div>\n\t\t\t\t<\/div>\n\t\t\t\t<\/div>\n\t\t\t\t\t<\/div>\n\t\t\t\t<\/div>\n\t\t\t\t\t<\/div>\n\t\t\t\t<\/div>\n\t\t<div class=\"elementor-element elementor-element-abf85f6 e-flex e-con-boxed e-con e-parent\" data-id=\"abf85f6\" data-element_type=\"container\" data-e-type=\"container\">\n\t\t\t\t\t<div class=\"e-con-inner\">\n\t\t\t\t<div class=\"elementor-element elementor-element-bc6a2de elementor-widget elementor-widget-text-editor\" data-id=\"bc6a2de\" data-element_type=\"widget\" data-e-type=\"widget\" data-widget_type=\"text-editor.default\">\n\t\t\t\t<div class=\"elementor-widget-container\">\n\t\t\t\t\t\t\t\t\t<p>Du strebst eine Ausbildung an, wei\u00dft aber noch nicht welche?<\/p><p>Du wei\u00dft \u00fcberhaupt noch nicht, was du nach der Schule machen willst?<\/p><p>Du hast schon einen Traumberuf im Visier, aber keine Ahnung wie du dein Berufsziel erreichen kannst?<\/p><p>Du hast schon viele Bewerbungen geschrieben, aber bisher ohne Erfolg?<\/p><p>Du fragst dich, welche Alternativen es zu deinem Traumberuf gibt?<\/p><p>Bei diesen und weiteren Fragen zur Berufswahl unterst\u00fctzt dich:\u00a0<strong><a href=\"https:\/\/www.arbeitsagentur.de\/vor-ort\/regensburg\/mittelschule-am-schlossberg-regenstauf\">Die Berufsberatung <\/a><\/strong><\/p>\t\t\t\t\t\t\t\t<\/div>\n\t\t\t\t<\/div>\n\t\t\t\t\t<\/div>\n\t\t\t\t<\/div>\n\t\t\t\t<\/div>\n\t\t","protected":false},"excerpt":{"rendered":"<p>Berufsberatung Kerstin Theisinger, Berufsberatung Mittelschule am Schlossberg Hauzensteiner Str. 5293128 Regenstauf Tel.: 0800 4555500 E-Mail: regensburg.berufsberatung-152@arbeitsagentur.de Onlineauftritt:\u00a0https:\/\/www.arbeitsagentur.de\/vor-ort\/regensburg\/mittelschule-am-schlossberg-regenstauf Du strebst eine Ausbildung an, wei\u00dft aber noch nicht welche? Du wei\u00dft \u00fcberhaupt noch nicht, was du nach der Schule machen willst? Du hast schon einen Traumberuf im Visier, aber keine Ahnung wie du dein Berufsziel erreichen kannst?&hellip;&nbsp;<a href=\"https:\/\/mittelschule-regenstauf.de\/?page_id=417\" rel=\"bookmark\">Weiterlesen &raquo;<span class=\"screen-reader-text\">Berufsberatung<\/span><\/a><\/p>\n","protected":false},"author":1,"featured_media":0,"parent":0,"menu_order":0,"comment_status":"closed","ping_status":"closed","template":"page-templates\/template-pagebuilder-full-width.php","meta":{"neve_meta_sidebar":"","neve_meta_container":"","neve_meta_enable_content_width":"off","neve_meta_content_width":100,"neve_meta_title_alignment":"","neve_meta_author_avatar":"","neve_post_elements_order":"","neve_meta_disable_header":"","neve_meta_disable_footer":"","neve_meta_disable_title":"","footnotes":""},"class_list":["post-417","page","type-page","status-publish","hentry"],"_links":{"self":[{"href":"https:\/\/mittelschule-regenstauf.de\/index.php?rest_route=\/wp\/v2\/pages\/417","targetHints":{"allow":["GET"]}}],"collection":[{"href":"https:\/\/mittelschule-regenstauf.de\/index.php?rest_route=\/wp\/v2\/pages"}],"about":[{"href":"https:\/\/mittelschule-regenstauf.de\/index.php?rest_route=\/wp\/v2\/types\/page"}],"author":[{"embeddable":true,"href":"https:\/\/mittelschule-regenstauf.de\/index.php?rest_route=\/wp\/v2\/users\/1"}],"replies":[{"embeddable":true,"href":"https:\/\/mittelschule-regenstauf.de\/index.php?rest_route=%2Fwp%2Fv2%2Fcomments&post=417"}],"version-history":[{"count":98,"href":"https:\/\/mittelschule-regenstauf.de\/index.php?rest_route=\/wp\/v2\/pages\/417\/revisions"}],"predecessor-version":[{"id":2674,"href":"https:\/\/mittelschule-regenstauf.de\/index.php?rest_route=\/wp\/v2\/pages\/417\/revisions\/2674"}],"wp:attachment":[{"href":"https:\/\/mittelschule-regenstauf.de\/index.php?rest_route=%2Fwp%2Fv2%2Fmedia&parent=417"}],"curies":[{"name":"wp","href":"https:\/\/api.w.org\/{rel}","templated":true}]}}