{"id":421,"date":"2023-10-11T11:20:56","date_gmt":"2023-10-11T11:20:56","guid":{"rendered":"https:\/\/wp.mittelschule-regenstauf.de\/?page_id=421"},"modified":"2025-10-30T09:47:06","modified_gmt":"2025-10-30T09:47:06","slug":"elternbeirat","status":"publish","type":"page","link":"https:\/\/mittelschule-regenstauf.de\/?page_id=421","title":{"rendered":"Elternbeirat"},"content":{"rendered":"\t\t<div data-elementor-type=\"wp-page\" data-elementor-id=\"421\" class=\"elementor elementor-421\">\n\t\t\t\t<div class=\"elementor-element elementor-element-060c225 e-flex e-con-boxed e-con e-parent\" data-id=\"060c225\" data-element_type=\"container\" data-e-type=\"container\">\n\t\t\t\t\t<div class=\"e-con-inner\">\n\t\t\t\t<div class=\"elementor-element elementor-element-cbf2d80 elementor-widget elementor-widget-heading\" data-id=\"cbf2d80\" data-element_type=\"widget\" data-e-type=\"widget\" data-widget_type=\"heading.default\">\n\t\t\t\t<div class=\"elementor-widget-container\">\n\t\t\t\t\t<h2 class=\"elementor-heading-title elementor-size-large\">Elternbeirat <\/h2>\t\t\t\t<\/div>\n\t\t\t\t<\/div>\n\t\t\t\t\t<\/div>\n\t\t\t\t<\/div>\n\t\t<div class=\"elementor-element elementor-element-d8f9233 e-flex e-con-boxed e-con e-parent\" data-id=\"d8f9233\" data-element_type=\"container\" data-e-type=\"container\">\n\t\t\t\t\t<div class=\"e-con-inner\">\n\t\t\t\t<div class=\"elementor-element elementor-element-700bd20 elementor-widget-divider--view-line elementor-widget elementor-widget-divider\" data-id=\"700bd20\" data-element_type=\"widget\" data-e-type=\"widget\" data-widget_type=\"divider.default\">\n\t\t\t\t<div class=\"elementor-widget-container\">\n\t\t\t\t\t\t\t<div class=\"elementor-divider\">\n\t\t\t<span class=\"elementor-divider-separator\">\n\t\t\t\t\t\t<\/span>\n\t\t<\/div>\n\t\t\t\t\t\t<\/div>\n\t\t\t\t<\/div>\n\t\t\t\t\t<\/div>\n\t\t\t\t<\/div>\n\t\t<div class=\"elementor-element elementor-element-514db29 e-flex e-con-boxed e-con e-parent\" data-id=\"514db29\" data-element_type=\"container\" data-e-type=\"container\">\n\t\t\t\t\t<div class=\"e-con-inner\">\n\t\t\t\t<div class=\"elementor-element elementor-element-95151ba elementor-widget__width-initial elementor-widget-tablet__width-initial elementor-widget elementor-widget-text-editor\" data-id=\"95151ba\" data-element_type=\"widget\" data-e-type=\"widget\" data-widget_type=\"text-editor.default\">\n\t\t\t\t<div class=\"elementor-widget-container\">\n\t\t\t\t\t\t\t\t\t<p><strong>Liebe Eltern und Erziehungsberechtigte<\/strong>,<\/p><p>im Schuljahr 2025\/26 besteht die Elternvertretung aus folgenden Mitgliedern:<\/p><p>Frau Twilfer, 8b , Vorsitz<\/p><p>Frau Calvano, M8c, Stellvertretung<\/p><p>Frau Niebler-Kilgert, 8a, Kassenpr\u00fcfung<\/p><p>Frau F\u00f6rster, 7a<\/p><p>Frau Root, 9a und 6a<\/p><p>Frau Bauer, 7b<\/p><p>Frau Bleier, 7a<\/p><p>Frau Neugebauer, 5b<\/p><p>Frau G\u00fcrster, 5c<\/p><p>Frau M\u00fcller-Kellner, 9b<\/p><p>Frau Winter, Thomas-Wiser-Haus<\/p>\t\t\t\t\t\t\t\t<\/div>\n\t\t\t\t<\/div>\n\t\t<div class=\"elementor-element elementor-element-0ccd670 e-con-full e-flex e-con e-child\" data-id=\"0ccd670\" data-element_type=\"container\" data-e-type=\"container\">\n\t\t\t\t<div class=\"elementor-element elementor-element-94a9685 elementor-widget elementor-widget-image\" data-id=\"94a9685\" data-element_type=\"widget\" data-e-type=\"widget\" data-widget_type=\"image.default\">\n\t\t\t\t<div class=\"elementor-widget-container\">\n\t\t\t\t\t\t\t\t\t\t\t\t\t\t\t<img fetchpriority=\"high\" decoding=\"async\" width=\"996\" height=\"501\" src=\"https:\/\/mittelschule-regenstauf.de\/wp-content\/uploads\/2023\/11\/f.jpg\" class=\"attachment-large size-large wp-image-1213\" alt=\"\" srcset=\"https:\/\/mittelschule-regenstauf.de\/wp-content\/uploads\/2023\/11\/f.jpg 996w, https:\/\/mittelschule-regenstauf.de\/wp-content\/uploads\/2023\/11\/f-300x151.jpg 300w, https:\/\/mittelschule-regenstauf.de\/wp-content\/uploads\/2023\/11\/f-768x386.jpg 768w\" sizes=\"(max-width: 996px) 100vw, 996px\" \/>\t\t\t\t\t\t\t\t\t\t\t\t\t\t\t<\/div>\n\t\t\t\t<\/div>\n\t\t\t\t<\/div>\n\t\t\t\t\t<\/div>\n\t\t\t\t<\/div>\n\t\t<div class=\"elementor-element elementor-element-d5cc525 e-flex e-con-boxed e-con e-parent\" data-id=\"d5cc525\" data-element_type=\"container\" data-e-type=\"container\">\n\t\t\t\t\t<div class=\"e-con-inner\">\n\t\t\t\t<div class=\"elementor-element elementor-element-225af50 elementor-widget elementor-widget-text-editor\" data-id=\"225af50\" data-element_type=\"widget\" data-e-type=\"widget\" data-widget_type=\"text-editor.default\">\n\t\t\t\t<div class=\"elementor-widget-container\">\n\t\t\t\t\t\t\t\t\t<p>F\u00fcr Anliegen und Anfragen sind wir per E-Mail f\u00fcr Sie erreichbar.<\/p>\n<p><span style=\"color: #478097;\"><a style=\"color: #478097;\" href=\"mailto:Elternbeirat_Mittelschule-am-Schlossberg@web.de\" target=\"_blank\" rel=\"noopener\"><strong>Elternbeirat_Mittelschule-am-Schlossberg@web.de<\/strong><\/a><\/span><\/p>\n<p>F\u00fcr Ihre Unterst\u00fctzung bei k\u00fcnftigen Aktionen des Elternbeirates m\u00f6chten wir Ihnen schon heute danken, ebenso f\u00fcr das gute Miteinander.<\/p>\n<p>Michaela Twilfer, Elternbeiratsvorsitzende<\/p>\t\t\t\t\t\t\t\t<\/div>\n\t\t\t\t<\/div>\n\t\t\t\t\t<\/div>\n\t\t\t\t<\/div>\n\t\t\t\t<\/div>\n\t\t","protected":false},"excerpt":{"rendered":"<p>Elternbeirat Liebe Eltern und Erziehungsberechtigte, im Schuljahr 2025\/26 besteht die Elternvertretung aus folgenden Mitgliedern: Frau Twilfer, 8b , Vorsitz Frau Calvano, M8c, Stellvertretung Frau Niebler-Kilgert, 8a, Kassenpr\u00fcfung Frau F\u00f6rster, 7a Frau Root, 9a und 6a Frau Bauer, 7b Frau Bleier, 7a Frau Neugebauer, 5b Frau G\u00fcrster, 5c Frau M\u00fcller-Kellner, 9b Frau Winter, Thomas-Wiser-Haus F\u00fcr Anliegen&hellip;&nbsp;<a href=\"https:\/\/mittelschule-regenstauf.de\/?page_id=421\" rel=\"bookmark\">Weiterlesen &raquo;<span class=\"screen-reader-text\">Elternbeirat<\/span><\/a><\/p>\n","protected":false},"author":1,"featured_media":0,"parent":0,"menu_order":0,"comment_status":"closed","ping_status":"closed","template":"page-templates\/template-pagebuilder-full-width.php","meta":{"neve_meta_sidebar":"","neve_meta_container":"","neve_meta_enable_content_width":"off","neve_meta_content_width":100,"neve_meta_title_alignment":"","neve_meta_author_avatar":"","neve_post_elements_order":"","neve_meta_disable_header":"","neve_meta_disable_footer":"","neve_meta_disable_title":"","footnotes":""},"class_list":["post-421","page","type-page","status-publish","hentry"],"_links":{"self":[{"href":"https:\/\/mittelschule-regenstauf.de\/index.php?rest_route=\/wp\/v2\/pages\/421","targetHints":{"allow":["GET"]}}],"collection":[{"href":"https:\/\/mittelschule-regenstauf.de\/index.php?rest_route=\/wp\/v2\/pages"}],"about":[{"href":"https:\/\/mittelschule-regenstauf.de\/index.php?rest_route=\/wp\/v2\/types\/page"}],"author":[{"embeddable":true,"href":"https:\/\/mittelschule-regenstauf.de\/index.php?rest_route=\/wp\/v2\/users\/1"}],"replies":[{"embeddable":true,"href":"https:\/\/mittelschule-regenstauf.de\/index.php?rest_route=%2Fwp%2Fv2%2Fcomments&post=421"}],"version-history":[{"count":37,"href":"https:\/\/mittelschule-regenstauf.de\/index.php?rest_route=\/wp\/v2\/pages\/421\/revisions"}],"predecessor-version":[{"id":3479,"href":"https:\/\/mittelschule-regenstauf.de\/index.php?rest_route=\/wp\/v2\/pages\/421\/revisions\/3479"}],"wp:attachment":[{"href":"https:\/\/mittelschule-regenstauf.de\/index.php?rest_route=%2Fwp%2Fv2%2Fmedia&parent=421"}],"curies":[{"name":"wp","href":"https:\/\/api.w.org\/{rel}","templated":true}]}}