{"id":427,"date":"2023-10-11T11:22:21","date_gmt":"2023-10-11T11:22:21","guid":{"rendered":"https:\/\/wp.mittelschule-regenstauf.de\/?page_id=427"},"modified":"2026-01-13T12:39:58","modified_gmt":"2026-01-13T12:39:58","slug":"smv","status":"publish","type":"page","link":"https:\/\/mittelschule-regenstauf.de\/?page_id=427","title":{"rendered":"SMV"},"content":{"rendered":"\t\t<div data-elementor-type=\"wp-page\" data-elementor-id=\"427\" class=\"elementor elementor-427\">\n\t\t\t\t<div class=\"elementor-element elementor-element-86e263a e-flex e-con-boxed e-con e-parent\" data-id=\"86e263a\" data-element_type=\"container\" data-e-type=\"container\">\n\t\t\t\t\t<div class=\"e-con-inner\">\n\t\t\t\t<div class=\"elementor-element elementor-element-3a9aed3 elementor-widget elementor-widget-heading\" data-id=\"3a9aed3\" data-element_type=\"widget\" data-e-type=\"widget\" data-widget_type=\"heading.default\">\n\t\t\t\t<div class=\"elementor-widget-container\">\n\t\t\t\t\t<h2 class=\"elementor-heading-title elementor-size-large\">Sch\u00fclersprecher und Verbindungslehrer <\/h2>\t\t\t\t<\/div>\n\t\t\t\t<\/div>\n\t\t\t\t\t<\/div>\n\t\t\t\t<\/div>\n\t\t<div class=\"elementor-element elementor-element-ad23082 e-flex e-con-boxed e-con e-parent\" data-id=\"ad23082\" data-element_type=\"container\" data-e-type=\"container\">\n\t\t\t\t\t<div class=\"e-con-inner\">\n\t\t\t\t<div class=\"elementor-element elementor-element-fd8272d elementor-widget-divider--view-line elementor-widget elementor-widget-divider\" data-id=\"fd8272d\" data-element_type=\"widget\" data-e-type=\"widget\" data-widget_type=\"divider.default\">\n\t\t\t\t<div class=\"elementor-widget-container\">\n\t\t\t\t\t\t\t<div class=\"elementor-divider\">\n\t\t\t<span class=\"elementor-divider-separator\">\n\t\t\t\t\t\t<\/span>\n\t\t<\/div>\n\t\t\t\t\t\t<\/div>\n\t\t\t\t<\/div>\n\t\t\t\t\t<\/div>\n\t\t\t\t<\/div>\n\t\t<div class=\"elementor-element elementor-element-4bf6fe3 e-flex e-con-boxed e-con e-parent\" data-id=\"4bf6fe3\" data-element_type=\"container\" data-e-type=\"container\">\n\t\t\t\t\t<div class=\"e-con-inner\">\n\t\t\t\t<div class=\"elementor-element elementor-element-d8ac8df elementor-widget elementor-widget-heading\" data-id=\"d8ac8df\" data-element_type=\"widget\" data-e-type=\"widget\" data-widget_type=\"heading.default\">\n\t\t\t\t<div class=\"elementor-widget-container\">\n\t\t\t\t\t<h2 class=\"elementor-heading-title elementor-size-medium\">Verbindungslehrer<\/h2>\t\t\t\t<\/div>\n\t\t\t\t<\/div>\n\t\t\t\t\t<\/div>\n\t\t\t\t<\/div>\n\t\t<div class=\"elementor-element elementor-element-3756536 e-flex e-con-boxed e-con e-parent\" data-id=\"3756536\" data-element_type=\"container\" data-e-type=\"container\">\n\t\t\t\t\t<div class=\"e-con-inner\">\n\t\t\t\t<div class=\"elementor-element elementor-element-fe01662 elementor-widget__width-initial elementor-widget-tablet__width-initial elementor-widget elementor-widget-text-editor\" data-id=\"fe01662\" data-element_type=\"widget\" data-e-type=\"widget\" data-widget_type=\"text-editor.default\">\n\t\t\t\t<div class=\"elementor-widget-container\">\n\t\t\t\t\t\t\t\t\t<p>Zur Verbindungslehrkraft f\u00fcr das Schuljahr 2025\/2026 haben die Sch\u00fclerinnen und Sch\u00fcler <strong>Frau<\/strong> <strong>Bettina Kaiser<\/strong> und <strong>Herrn<\/strong> <strong>Christian Schie\u00dfl<\/strong> gew\u00e4hlt.<\/p>\t\t\t\t\t\t\t\t<\/div>\n\t\t\t\t<\/div>\n\t\t\t\t\t<\/div>\n\t\t\t\t<\/div>\n\t\t<div class=\"elementor-element elementor-element-e95de84 e-flex e-con-boxed e-con e-parent\" data-id=\"e95de84\" data-element_type=\"container\" data-e-type=\"container\">\n\t\t\t\t\t<div class=\"e-con-inner\">\n\t\t\t\t<div class=\"elementor-element elementor-element-fd17b3d elementor-widget elementor-widget-heading\" data-id=\"fd17b3d\" data-element_type=\"widget\" data-e-type=\"widget\" data-widget_type=\"heading.default\">\n\t\t\t\t<div class=\"elementor-widget-container\">\n\t\t\t\t\t<h2 class=\"elementor-heading-title elementor-size-large\">Sch\u00fclersprecher<\/h2>\t\t\t\t<\/div>\n\t\t\t\t<\/div>\n\t\t\t\t\t<\/div>\n\t\t\t\t<\/div>\n\t\t<div class=\"elementor-element elementor-element-ca9b835 e-flex e-con-boxed e-con e-parent\" data-id=\"ca9b835\" data-element_type=\"container\" data-e-type=\"container\">\n\t\t\t\t\t<div class=\"e-con-inner\">\n\t\t<div class=\"elementor-element elementor-element-48daea7 e-con-full e-flex e-con e-child\" data-id=\"48daea7\" data-element_type=\"container\" data-e-type=\"container\">\n\t\t\t\t<div class=\"elementor-element elementor-element-7730dba elementor-widget elementor-widget-image\" data-id=\"7730dba\" data-element_type=\"widget\" data-e-type=\"widget\" data-widget_type=\"image.default\">\n\t\t\t\t<div class=\"elementor-widget-container\">\n\t\t\t\t\t\t\t\t\t\t\t\t\t\t\t<img fetchpriority=\"high\" decoding=\"async\" width=\"1024\" height=\"768\" src=\"https:\/\/mittelschule-regenstauf.de\/wp-content\/uploads\/2026\/01\/IMG-20260113-WA0007-1024x768.jpg\" class=\"attachment-large size-large wp-image-3503\" alt=\"\" srcset=\"https:\/\/mittelschule-regenstauf.de\/wp-content\/uploads\/2026\/01\/IMG-20260113-WA0007-1024x768.jpg 1024w, https:\/\/mittelschule-regenstauf.de\/wp-content\/uploads\/2026\/01\/IMG-20260113-WA0007-300x225.jpg 300w, https:\/\/mittelschule-regenstauf.de\/wp-content\/uploads\/2026\/01\/IMG-20260113-WA0007-768x576.jpg 768w, https:\/\/mittelschule-regenstauf.de\/wp-content\/uploads\/2026\/01\/IMG-20260113-WA0007-1536x1152.jpg 1536w, https:\/\/mittelschule-regenstauf.de\/wp-content\/uploads\/2026\/01\/IMG-20260113-WA0007.jpg 1600w\" sizes=\"(max-width: 1024px) 100vw, 1024px\" \/>\t\t\t\t\t\t\t\t\t\t\t\t\t\t\t<\/div>\n\t\t\t\t<\/div>\n\t\t\t\t<\/div>\n\t\t\t\t<div class=\"elementor-element elementor-element-63dff07 elementor-widget elementor-widget-text-editor\" data-id=\"63dff07\" data-element_type=\"widget\" data-e-type=\"widget\" data-widget_type=\"text-editor.default\">\n\t\t\t\t<div class=\"elementor-widget-container\">\n\t\t\t\t\t\t\t\t\t<p>1. Sch\u00fclersprecher Georgi Vasilev, M10b\u00a0<\/p><p>2. Sch\u00fclersprecherin Anna P\u00f6ppl, M10a<\/p><p>3.\u00a0<span style=\"text-align: var(--text-align); background-color: var(--nv-site-bg); letter-spacing: var(--bodyletterspacing); text-transform: var(--bodytexttransform);\">Sch\u00fclersprecher Lukas Karl<\/span><span style=\"text-align: var(--text-align); background-color: var(--nv-site-bg); letter-spacing: var(--bodyletterspacing); text-transform: var(--bodytexttransform);\">, M10a<\/span><\/p>\t\t\t\t\t\t\t\t<\/div>\n\t\t\t\t<\/div>\n\t\t\t\t\t<\/div>\n\t\t\t\t<\/div>\n\t\t\t\t<\/div>\n\t\t","protected":false},"excerpt":{"rendered":"<p>Sch\u00fclersprecher und Verbindungslehrer Verbindungslehrer Zur Verbindungslehrkraft f\u00fcr das Schuljahr 2025\/2026 haben die Sch\u00fclerinnen und Sch\u00fcler Frau Bettina Kaiser und Herrn Christian Schie\u00dfl gew\u00e4hlt. Sch\u00fclersprecher 1. Sch\u00fclersprecher Georgi Vasilev, M10b\u00a0 2. Sch\u00fclersprecherin Anna P\u00f6ppl, M10a 3.\u00a0Sch\u00fclersprecher Lukas Karl, M10a<\/p>\n","protected":false},"author":1,"featured_media":0,"parent":0,"menu_order":0,"comment_status":"closed","ping_status":"closed","template":"page-templates\/template-pagebuilder-full-width.php","meta":{"neve_meta_sidebar":"","neve_meta_container":"","neve_meta_enable_content_width":"off","neve_meta_content_width":100,"neve_meta_title_alignment":"","neve_meta_author_avatar":"","neve_post_elements_order":"","neve_meta_disable_header":"","neve_meta_disable_footer":"","neve_meta_disable_title":"","footnotes":""},"class_list":["post-427","page","type-page","status-publish","hentry"],"_links":{"self":[{"href":"https:\/\/mittelschule-regenstauf.de\/index.php?rest_route=\/wp\/v2\/pages\/427","targetHints":{"allow":["GET"]}}],"collection":[{"href":"https:\/\/mittelschule-regenstauf.de\/index.php?rest_route=\/wp\/v2\/pages"}],"about":[{"href":"https:\/\/mittelschule-regenstauf.de\/index.php?rest_route=\/wp\/v2\/types\/page"}],"author":[{"embeddable":true,"href":"https:\/\/mittelschule-regenstauf.de\/index.php?rest_route=\/wp\/v2\/users\/1"}],"replies":[{"embeddable":true,"href":"https:\/\/mittelschule-regenstauf.de\/index.php?rest_route=%2Fwp%2Fv2%2Fcomments&post=427"}],"version-history":[{"count":85,"href":"https:\/\/mittelschule-regenstauf.de\/index.php?rest_route=\/wp\/v2\/pages\/427\/revisions"}],"predecessor-version":[{"id":3513,"href":"https:\/\/mittelschule-regenstauf.de\/index.php?rest_route=\/wp\/v2\/pages\/427\/revisions\/3513"}],"wp:attachment":[{"href":"https:\/\/mittelschule-regenstauf.de\/index.php?rest_route=%2Fwp%2Fv2%2Fmedia&parent=427"}],"curies":[{"name":"wp","href":"https:\/\/api.w.org\/{rel}","templated":true}]}}