{"id":429,"date":"2023-10-11T11:23:00","date_gmt":"2023-10-11T11:23:00","guid":{"rendered":"https:\/\/wp.mittelschule-regenstauf.de\/?page_id=429"},"modified":"2025-05-22T05:17:53","modified_gmt":"2025-05-22T05:17:53","slug":"auszeichnungen","status":"publish","type":"page","link":"https:\/\/mittelschule-regenstauf.de\/?page_id=429","title":{"rendered":"Auszeichnungen"},"content":{"rendered":"\t\t<div data-elementor-type=\"wp-page\" data-elementor-id=\"429\" class=\"elementor elementor-429\">\n\t\t\t\t<div class=\"elementor-element elementor-element-0aa11da e-flex e-con-boxed e-con e-parent\" data-id=\"0aa11da\" data-element_type=\"container\">\n\t\t\t\t\t<div class=\"e-con-inner\">\n\t\t\t\t<div class=\"elementor-element elementor-element-b967de3 elementor-widget elementor-widget-heading\" data-id=\"b967de3\" data-element_type=\"widget\" data-widget_type=\"heading.default\">\n\t\t\t\t<div class=\"elementor-widget-container\">\n\t\t\t\t\t<h2 class=\"elementor-heading-title elementor-size-large\">Auszeichnungen <\/h2>\t\t\t\t<\/div>\n\t\t\t\t<\/div>\n\t\t\t\t\t<\/div>\n\t\t\t\t<\/div>\n\t\t<div class=\"elementor-element elementor-element-bf1d490 e-flex e-con-boxed e-con e-parent\" data-id=\"bf1d490\" data-element_type=\"container\">\n\t\t\t\t\t<div class=\"e-con-inner\">\n\t\t\t\t<div class=\"elementor-element elementor-element-f6445fd elementor-widget-divider--view-line elementor-widget elementor-widget-divider\" data-id=\"f6445fd\" data-element_type=\"widget\" data-widget_type=\"divider.default\">\n\t\t\t\t<div class=\"elementor-widget-container\">\n\t\t\t\t\t\t\t<div class=\"elementor-divider\">\n\t\t\t<span class=\"elementor-divider-separator\">\n\t\t\t\t\t\t<\/span>\n\t\t<\/div>\n\t\t\t\t\t\t<\/div>\n\t\t\t\t<\/div>\n\t\t\t\t\t<\/div>\n\t\t\t\t<\/div>\n\t\t<div class=\"elementor-element elementor-element-0463b89 e-flex e-con-boxed e-con e-parent\" data-id=\"0463b89\" data-element_type=\"container\">\n\t\t\t\t\t<div class=\"e-con-inner\">\n\t\t\t\t<div class=\"elementor-element elementor-element-eb527c3 elementor-widget elementor-widget-heading\" data-id=\"eb527c3\" data-element_type=\"widget\" data-widget_type=\"heading.default\">\n\t\t\t\t<div class=\"elementor-widget-container\">\n\t\t\t\t\t<h2 class=\"elementor-heading-title elementor-size-medium\">Schule ohne Rassismus - Schule mit Courage <\/h2>\t\t\t\t<\/div>\n\t\t\t\t<\/div>\n\t\t\t\t\t<\/div>\n\t\t\t\t<\/div>\n\t\t<div class=\"elementor-element elementor-element-0175c01 e-flex e-con-boxed e-con e-parent\" data-id=\"0175c01\" data-element_type=\"container\">\n\t\t\t\t\t<div class=\"e-con-inner\">\n\t\t<div class=\"elementor-element elementor-element-1329ac4 e-con-full e-flex e-con e-child\" data-id=\"1329ac4\" data-element_type=\"container\">\n\t\t\t\t<div class=\"elementor-element elementor-element-530179e elementor-widget elementor-widget-text-editor\" data-id=\"530179e\" data-element_type=\"widget\" data-widget_type=\"text-editor.default\">\n\t\t\t\t<div class=\"elementor-widget-container\">\n\t\t\t\t\t\t\t\t\t<p>Unsere gesamte Schulfamilie versteht Schule als einen Ort zum Lernen UND Wohlf\u00fchlen. Wir als Mittelschule Regenstauf gehen entschieden gegen jegliche Art von Rassismus sowie Diskriminierung vor und sind stolz, Teil des Netzwerkes<a href=\"https:\/\/www.schule-ohne-rassismus.org\/\" target=\"_blank\" rel=\"noopener\"><strong> Schule ohne Rassismus &#8211;&nbsp; Schule mit Courage<\/strong><\/a> zu sein.<em style=\"color: var( --e-global-color-text ); font-family: var( --e-global-typography-text-font-family ), Sans-serif; font-weight: var( --e-global-typography-text-font-weight ); text-align: var(--text-align); background-color: var(--nv-site-bg); font-size: var(--bodyfontsize); letter-spacing: var(--bodyletterspacing); text-transform: var(--bodytexttransform);\"><br><\/em><\/p>\n<p>Kinder und Jugendliche sind im Netzwerk&nbsp;<strong>Schule ohne Rassismus \u2013 Schule mit Courage<\/strong>&nbsp;aktiv, weil es sie st\u00f6rt, wenn Menschen wegen ihrer Hautfarbe, ihrer Herkunft oder aufgrund ihrer Religion beschimpft, gemobbt oder gar k\u00f6rperlich bedroht werden.<\/p>\n<p><strong>Schule ohne Rassismus \u2013 Schule mit Courage<\/strong>&nbsp;ist ein Projekt f\u00fcr alle Schulmitglieder. Es bietet Sch\u00fcler*innen und P\u00e4dagog*innen die M\u00f6glichkeit, das Klima an ihrer Schule aktiv mitzugestalten. Und zwar, indem sie sich bewusst gegen jede Form von Diskriminierung, Mobbing und Gewalt wenden. Es ist das gr\u00f6\u00dfte Schulnetzwerk in Deutschland. Ihm geh\u00f6ren \u00fcber 4.000 Schulen an. Sie werden von mehr als zwei Millionen Sch\u00fcler*innen besucht. Unterst\u00fctzt werden die Sch\u00fcler*innen und P\u00e4dagog*innen dabei von mehr als 120 Koordinierungsstellen und rund 400 au\u00dferschulischen Kooperationspartnern.<\/p>\t\t\t\t\t\t\t\t<\/div>\n\t\t\t\t<\/div>\n\t\t\t\t<\/div>\n\t\t<div class=\"elementor-element elementor-element-b31cd34 e-con-full e-flex e-con e-child\" data-id=\"b31cd34\" data-element_type=\"container\">\n\t\t\t\t<div class=\"elementor-element elementor-element-8a9dfad elementor-widget-tablet__width-initial elementor-widget elementor-widget-image\" data-id=\"8a9dfad\" data-element_type=\"widget\" data-widget_type=\"image.default\">\n\t\t\t\t<div class=\"elementor-widget-container\">\n\t\t\t\t\t\t\t\t\t\t\t\t\t\t\t\t<a href=\"https:\/\/www.schule-ohne-rassismus.org\/\">\n\t\t\t\t\t\t\t<img fetchpriority=\"high\" decoding=\"async\" width=\"384\" height=\"131\" src=\"https:\/\/mittelschule-regenstauf.de\/wp-content\/uploads\/2023\/11\/Download.png\" class=\"attachment-large size-large wp-image-1205\" alt=\"\" srcset=\"https:\/\/mittelschule-regenstauf.de\/wp-content\/uploads\/2023\/11\/Download.png 384w, https:\/\/mittelschule-regenstauf.de\/wp-content\/uploads\/2023\/11\/Download-300x102.png 300w\" sizes=\"(max-width: 384px) 100vw, 384px\" \/>\t\t\t\t\t\t\t\t<\/a>\n\t\t\t\t\t\t\t\t\t\t\t\t\t\t\t<\/div>\n\t\t\t\t<\/div>\n\t\t\t\t<\/div>\n\t\t\t\t\t<\/div>\n\t\t\t\t<\/div>\n\t\t<div class=\"elementor-element elementor-element-86320ff e-flex e-con-boxed e-con e-parent\" data-id=\"86320ff\" data-element_type=\"container\">\n\t\t\t\t\t<div class=\"e-con-inner\">\n\t\t\t\t<div class=\"elementor-element elementor-element-a7f1666 elementor-widget elementor-widget-heading\" data-id=\"a7f1666\" data-element_type=\"widget\" data-widget_type=\"heading.default\">\n\t\t\t\t<div class=\"elementor-widget-container\">\n\t\t\t\t\t<h3 class=\"elementor-heading-title elementor-size-default\">Auszeichnung \"Naturhelden\"<\/h3>\t\t\t\t<\/div>\n\t\t\t\t<\/div>\n\t\t\t\t\t<\/div>\n\t\t\t\t<\/div>\n\t\t<div class=\"elementor-element elementor-element-b201ba7 e-flex e-con-boxed e-con e-parent\" data-id=\"b201ba7\" data-element_type=\"container\">\n\t\t\t\t\t<div class=\"e-con-inner\">\n\t\t<div class=\"elementor-element elementor-element-b02a1f4 e-con-full e-flex e-con e-child\" data-id=\"b02a1f4\" data-element_type=\"container\">\n\t\t\t\t<div class=\"elementor-element elementor-element-403b7e6 elementor-widget elementor-widget-text-editor\" data-id=\"403b7e6\" data-element_type=\"widget\" data-widget_type=\"text-editor.default\">\n\t\t\t\t<div class=\"elementor-widget-container\">\n\t\t\t\t\t\t\t\t\t<p data-start=\"151\" data-end=\"426\">Wir freuen uns sehr, dass unsere Schule mit der Auszeichnung <strong data-start=\"212\" data-end=\"229\">\u201eNaturhelden\u201c<\/strong> geehrt wurde. Diese besondere Anerkennung erhalten Schulen, die sich in vorbildlicher Weise f\u00fcr den Umwelt- und Naturschutz engagieren und nachhaltiges Handeln fest im Schulalltag verankert haben.<\/p><p data-start=\"428\" data-end=\"896\">Mit zahlreichen Projekten und Aktionen setzen sich unsere Sch\u00fclerinnen und Sch\u00fcler gemeinsam mit dem gesamten Schulteam aktiv f\u00fcr den Erhalt unserer nat\u00fcrlichen Lebensgrundlagen ein. Ob M\u00fcllvermeidung, Schulhofbegr\u00fcnung, Insekten- und Klimaschutz, nachhaltige Ern\u00e4hrung oder Upcycling \u2013 unsere Schule lebt Umweltschutz in vielen Bereichen. Dabei steht nicht nur das Handeln im Mittelpunkt, sondern auch die bewusste Auseinandersetzung mit \u00f6kologischen Fragestellungen.<\/p><p data-start=\"898\" data-end=\"1212\">Die Auszeichnung \u201eNaturhelden\u201c w\u00fcrdigt dieses Engagement und motiviert uns, unseren Weg als umweltbewusste und zukunftsorientierte Schule konsequent weiterzugehen. Wir sind stolz darauf, einen Beitrag zu einer nachhaltigeren Welt zu leisten \u2013 mit vielen kleinen und gro\u00dfen Schritten, die gemeinsam Gro\u00dfes bewirken.<\/p>\t\t\t\t\t\t\t\t<\/div>\n\t\t\t\t<\/div>\n\t\t\t\t<\/div>\n\t\t<div class=\"elementor-element elementor-element-c018698 e-con-full e-flex e-con e-child\" data-id=\"c018698\" data-element_type=\"container\">\n\t\t\t\t<div class=\"elementor-element elementor-element-fd48833 elementor-widget__width-initial elementor-widget elementor-widget-image\" data-id=\"fd48833\" data-element_type=\"widget\" data-widget_type=\"image.default\">\n\t\t\t\t<div class=\"elementor-widget-container\">\n\t\t\t\t\t\t\t\t\t\t\t\t\t\t\t<img decoding=\"async\" width=\"1024\" height=\"1003\" src=\"https:\/\/mittelschule-regenstauf.de\/wp-content\/uploads\/2025\/05\/Logo-Naturhelden-1024x1003-1.jpg\" class=\"attachment-large size-large wp-image-3314\" alt=\"\" srcset=\"https:\/\/mittelschule-regenstauf.de\/wp-content\/uploads\/2025\/05\/Logo-Naturhelden-1024x1003-1.jpg 1024w, https:\/\/mittelschule-regenstauf.de\/wp-content\/uploads\/2025\/05\/Logo-Naturhelden-1024x1003-1-300x294.jpg 300w, https:\/\/mittelschule-regenstauf.de\/wp-content\/uploads\/2025\/05\/Logo-Naturhelden-1024x1003-1-768x752.jpg 768w\" sizes=\"(max-width: 1024px) 100vw, 1024px\" \/>\t\t\t\t\t\t\t\t\t\t\t\t\t\t\t<\/div>\n\t\t\t\t<\/div>\n\t\t\t\t<\/div>\n\t\t\t\t\t<\/div>\n\t\t\t\t<\/div>\n\t\t\t\t<\/div>\n\t\t","protected":false},"excerpt":{"rendered":"<p>Auszeichnungen Schule ohne Rassismus &#8211; Schule mit Courage Unsere gesamte Schulfamilie versteht Schule als einen Ort zum Lernen UND Wohlf\u00fchlen. Wir als Mittelschule Regenstauf gehen entschieden gegen jegliche Art von Rassismus sowie Diskriminierung vor und sind stolz, Teil des Netzwerkes Schule ohne Rassismus &#8211;&nbsp; Schule mit Courage zu sein. Kinder und Jugendliche sind im Netzwerk&nbsp;Schule&hellip;&nbsp;<a href=\"https:\/\/mittelschule-regenstauf.de\/?page_id=429\" rel=\"bookmark\">Weiterlesen &raquo;<span class=\"screen-reader-text\">Auszeichnungen<\/span><\/a><\/p>\n","protected":false},"author":1,"featured_media":0,"parent":0,"menu_order":0,"comment_status":"closed","ping_status":"closed","template":"page-templates\/template-pagebuilder-full-width.php","meta":{"neve_meta_sidebar":"","neve_meta_container":"","neve_meta_enable_content_width":"off","neve_meta_content_width":100,"neve_meta_title_alignment":"","neve_meta_author_avatar":"","neve_post_elements_order":"","neve_meta_disable_header":"","neve_meta_disable_footer":"","neve_meta_disable_title":"","footnotes":""},"class_list":["post-429","page","type-page","status-publish","hentry"],"_links":{"self":[{"href":"https:\/\/mittelschule-regenstauf.de\/index.php?rest_route=\/wp\/v2\/pages\/429","targetHints":{"allow":["GET"]}}],"collection":[{"href":"https:\/\/mittelschule-regenstauf.de\/index.php?rest_route=\/wp\/v2\/pages"}],"about":[{"href":"https:\/\/mittelschule-regenstauf.de\/index.php?rest_route=\/wp\/v2\/types\/page"}],"author":[{"embeddable":true,"href":"https:\/\/mittelschule-regenstauf.de\/index.php?rest_route=\/wp\/v2\/users\/1"}],"replies":[{"embeddable":true,"href":"https:\/\/mittelschule-regenstauf.de\/index.php?rest_route=%2Fwp%2Fv2%2Fcomments&post=429"}],"version-history":[{"count":55,"href":"https:\/\/mittelschule-regenstauf.de\/index.php?rest_route=\/wp\/v2\/pages\/429\/revisions"}],"predecessor-version":[{"id":3317,"href":"https:\/\/mittelschule-regenstauf.de\/index.php?rest_route=\/wp\/v2\/pages\/429\/revisions\/3317"}],"wp:attachment":[{"href":"https:\/\/mittelschule-regenstauf.de\/index.php?rest_route=%2Fwp%2Fv2%2Fmedia&parent=429"}],"curies":[{"name":"wp","href":"https:\/\/api.w.org\/{rel}","templated":true}]}}