{"id":431,"date":"2023-10-11T11:23:16","date_gmt":"2023-10-11T11:23:16","guid":{"rendered":"https:\/\/wp.mittelschule-regenstauf.de\/?page_id=431"},"modified":"2026-03-06T11:15:02","modified_gmt":"2026-03-06T11:15:02","slug":"projekte","status":"publish","type":"page","link":"https:\/\/mittelschule-regenstauf.de\/?page_id=431","title":{"rendered":"Projekte"},"content":{"rendered":"\t\t<div data-elementor-type=\"wp-page\" data-elementor-id=\"431\" class=\"elementor elementor-431\">\n\t\t\t\t<div class=\"elementor-element elementor-element-0984a41 e-flex e-con-boxed e-con e-parent\" data-id=\"0984a41\" data-element_type=\"container\" data-e-type=\"container\">\n\t\t\t\t\t<div class=\"e-con-inner\">\n\t\t\t\t<div class=\"elementor-element elementor-element-447bcc5 elementor-widget elementor-widget-heading\" data-id=\"447bcc5\" data-element_type=\"widget\" data-e-type=\"widget\" data-widget_type=\"heading.default\">\n\t\t\t\t<div class=\"elementor-widget-container\">\n\t\t\t\t\t<h2 class=\"elementor-heading-title elementor-size-large\">Schulprojekte <\/h2>\t\t\t\t<\/div>\n\t\t\t\t<\/div>\n\t\t\t\t\t<\/div>\n\t\t\t\t<\/div>\n\t\t<div class=\"elementor-element elementor-element-b88785e e-flex e-con-boxed e-con e-parent\" data-id=\"b88785e\" data-element_type=\"container\" data-e-type=\"container\">\n\t\t\t\t\t<div class=\"e-con-inner\">\n\t\t\t\t<div class=\"elementor-element elementor-element-c160aa7 elementor-widget-divider--view-line elementor-widget elementor-widget-divider\" data-id=\"c160aa7\" data-element_type=\"widget\" data-e-type=\"widget\" data-widget_type=\"divider.default\">\n\t\t\t\t<div class=\"elementor-widget-container\">\n\t\t\t\t\t\t\t<div class=\"elementor-divider\">\n\t\t\t<span class=\"elementor-divider-separator\">\n\t\t\t\t\t\t<\/span>\n\t\t<\/div>\n\t\t\t\t\t\t<\/div>\n\t\t\t\t<\/div>\n\t\t\t\t\t<\/div>\n\t\t\t\t<\/div>\n\t\t<div class=\"elementor-element elementor-element-0dcdbff e-flex e-con-boxed e-con e-parent\" data-id=\"0dcdbff\" data-element_type=\"container\" data-e-type=\"container\">\n\t\t\t\t\t<div class=\"e-con-inner\">\n\t\t\t\t<div class=\"elementor-element elementor-element-693d8c8 elementor-widget elementor-widget-heading\" data-id=\"693d8c8\" data-element_type=\"widget\" data-e-type=\"widget\" data-widget_type=\"heading.default\">\n\t\t\t\t<div class=\"elementor-widget-container\">\n\t\t\t\t\t<h2 class=\"elementor-heading-title elementor-size-medium\">Tutoren <\/h2>\t\t\t\t<\/div>\n\t\t\t\t<\/div>\n\t\t\t\t\t<\/div>\n\t\t\t\t<\/div>\n\t\t<div class=\"elementor-element elementor-element-26c7a81 e-flex e-con-boxed e-con e-parent\" data-id=\"26c7a81\" data-element_type=\"container\" data-e-type=\"container\">\n\t\t\t\t\t<div class=\"e-con-inner\">\n\t\t<div class=\"elementor-element elementor-element-2510750 e-con-full e-flex e-con e-child\" data-id=\"2510750\" data-element_type=\"container\" data-e-type=\"container\">\n\t\t\t\t<div class=\"elementor-element elementor-element-8f2e450 elementor-widget elementor-widget-text-editor\" data-id=\"8f2e450\" data-element_type=\"widget\" data-e-type=\"widget\" data-widget_type=\"text-editor.default\">\n\t\t\t\t<div class=\"elementor-widget-container\">\n\t\t\t\t\t\t\t\t\t<p>Sch\u00fcler helfen Sch\u00fclern!<\/p>\n<p>\u00c4u\u00dferst erfolgreich! So l\u00e4sst sich das diesj\u00e4hrige Tutorenprogramm beschreiben. Engagierte Sch\u00fclerinnen und Sch\u00fcler der 10. Jahrgangsstufe helfen Ihren Mitsch\u00fclerinnen und Mitsch\u00fclern der 9. Jahrgangsstufen bei den Hausaufgaben sowie bei der Vorbereitung auf den Qualifizierenden Abschluss der Mittelschule. Jeweils zwei Stunden in der Woche stehen die Tutoren den Lernenden zur Seite &#8211; und das freiwillig.&nbsp;<span style=\"background-color: var(--nv-site-bg); color: var( --e-global-color-text ); font-family: var( --e-global-typography-text-font-family ), Sans-serif; font-size: var(--bodyfontsize); font-weight: var( --e-global-typography-text-font-weight ); letter-spacing: var(--bodyletterspacing); text-align: var(--text-align); text-transform: var(--bodytexttransform);\">&nbsp;<\/span><\/p>\n<p>Wir bedanken uns recht herzlich bei den Tutoren f\u00fcr ihr gro\u00dfes Engagement!&nbsp;<\/p>\t\t\t\t\t\t\t\t<\/div>\n\t\t\t\t<\/div>\n\t\t\t\t<\/div>\n\t\t<div class=\"elementor-element elementor-element-267fe64 e-con-full e-flex e-con e-child\" data-id=\"267fe64\" data-element_type=\"container\" data-e-type=\"container\">\n\t\t\t\t<\/div>\n\t\t\t\t\t<\/div>\n\t\t\t\t<\/div>\n\t\t<div class=\"elementor-element elementor-element-af10550 e-flex e-con-boxed e-con e-parent\" data-id=\"af10550\" data-element_type=\"container\" data-e-type=\"container\">\n\t\t\t\t\t<div class=\"e-con-inner\">\n\t\t\t\t<div class=\"elementor-element elementor-element-cad8ab1 elementor-widget elementor-widget-heading\" data-id=\"cad8ab1\" data-element_type=\"widget\" data-e-type=\"widget\" data-widget_type=\"heading.default\">\n\t\t\t\t<div class=\"elementor-widget-container\">\n\t\t\t\t\t<h2 class=\"elementor-heading-title elementor-size-medium\">Schulsanit\u00e4ter<\/h2>\t\t\t\t<\/div>\n\t\t\t\t<\/div>\n\t\t\t\t\t<\/div>\n\t\t\t\t<\/div>\n\t\t<div class=\"elementor-element elementor-element-d347e96 e-flex e-con-boxed e-con e-parent\" data-id=\"d347e96\" data-element_type=\"container\" data-e-type=\"container\">\n\t\t\t\t\t<div class=\"e-con-inner\">\n\t\t<div class=\"elementor-element elementor-element-92f82b1 e-con-full e-flex e-con e-child\" data-id=\"92f82b1\" data-element_type=\"container\" data-e-type=\"container\">\n\t\t\t\t<div class=\"elementor-element elementor-element-8857042 elementor-widget elementor-widget-text-editor\" data-id=\"8857042\" data-element_type=\"widget\" data-e-type=\"widget\" data-widget_type=\"text-editor.default\">\n\t\t\t\t<div class=\"elementor-widget-container\">\n\t\t\t\t\t\t\t\t\t<p>Auch im neuen Schuljahr nimmt der Schulsanit\u00e4tsdienst wieder seine Arbeit auf.<br \/>Es stehen jeden Tag 2 Sch\u00fcler des Schulsanit\u00e4tsdienstes bereit, um Hilfe zu leisten. In der Pausen sind unserer Sanit\u00e4ter an ihren Warnwesten mit Aufdruck &#8222;Schulsanit\u00e4tsdienst&#8220; zu erkennen. W\u00e4hrend des Unterrichts k\u00f6nnen die Sch\u00fcler des Schulsanit\u00e4tsdienstes per Diensthandy gerufen werden.<\/p>\t\t\t\t\t\t\t\t<\/div>\n\t\t\t\t<\/div>\n\t\t\t\t<\/div>\n\t\t<div class=\"elementor-element elementor-element-0ae5ec9 e-con-full e-flex e-con e-child\" data-id=\"0ae5ec9\" data-element_type=\"container\" data-e-type=\"container\">\n\t\t\t\t<div class=\"elementor-element elementor-element-5224bba elementor-widget__width-initial elementor-widget elementor-widget-image\" data-id=\"5224bba\" data-element_type=\"widget\" data-e-type=\"widget\" data-widget_type=\"image.default\">\n\t\t\t\t<div class=\"elementor-widget-container\">\n\t\t\t\t\t\t\t\t\t\t\t\t\t\t\t<img decoding=\"async\" width=\"107\" height=\"113\" src=\"https:\/\/mittelschule-regenstauf.de\/wp-content\/uploads\/2023\/11\/1.png\" class=\"attachment-large size-large wp-image-1254\" alt=\"\" \/>\t\t\t\t\t\t\t\t\t\t\t\t\t\t\t<\/div>\n\t\t\t\t<\/div>\n\t\t\t\t<\/div>\n\t\t\t\t\t<\/div>\n\t\t\t\t<\/div>\n\t\t<div class=\"elementor-element elementor-element-97f3087 e-flex e-con-boxed e-con e-parent\" data-id=\"97f3087\" data-element_type=\"container\" data-e-type=\"container\">\n\t\t\t\t\t<div class=\"e-con-inner\">\n\t\t\t\t\t<\/div>\n\t\t\t\t<\/div>\n\t\t<div class=\"elementor-element elementor-element-0412772 e-flex e-con-boxed e-con e-parent\" data-id=\"0412772\" data-element_type=\"container\" data-e-type=\"container\">\n\t\t\t\t\t<div class=\"e-con-inner\">\n\t\t\t\t<div class=\"elementor-element elementor-element-d189d37 elementor-widget__width-initial elementor-widget-tablet__width-initial elementor-widget elementor-widget-text-editor\" data-id=\"d189d37\" data-element_type=\"widget\" data-e-type=\"widget\" data-widget_type=\"text-editor.default\">\n\t\t\t\t<div class=\"elementor-widget-container\">\n\t\t\t\t\t\t\t\t\t<h4>Was sind die Aufgaben der Schulsanit\u00e4ter?<\/h4><p>Allgemein leisten Schulsanit\u00e4ter im Schulbereich\u00a0Erste Hilfe bei Unf\u00e4llen und akuten Erkrankungen. Gerade bei schwereren Notf\u00e4llen k\u00f6nnen sie mit qualifizierten Erste-Hilfe-Ma\u00dfnahmen die wertvolle Zeit bis zum Eintreffen des Rettungsmittels \u00fcberbr\u00fccken. Schulsanit\u00e4ter ersetzen jedoch\u00a0nicht\u00a0die professionelle Hilfe von Rettungsdienst und Notarzt &#8211; &#8222;bei schwerwiegenden Verletzungen [und Erkrankungen] ist grunds\u00e4tzlich \u00e4rztliche Betreuung notwendig&#8220;.<\/p><p>Zudem dokumentieren Schulsanit\u00e4ter jeden Einsatz ausf\u00fchrlich und helfen als ortskundige Lotsen bei der Einweisung des Rettungsdienstes. Zu den weiteren Aufgaben z\u00e4hlen die regelm\u00e4\u00dfige Kontrolle des Erste Hilfe-Materials und die Mitwirkung bei der Unfallverh\u00fctung. Die Schulsanit\u00e4ter trainieren ihre F\u00e4higkeiten in Erster Hilfe regelm\u00e4\u00dfig durch Teilnahme an Fortbildungen und \u00dcbungen.<\/p><p>Der Schulsanit\u00e4tsdienst dient dazu, soziales Handeln zu praktizieren und dieses f\u00fcr sp\u00e4ter und au\u00dferhalb der Schule einzu\u00fcben sowie Inhalte des (Erste-Hilfe) Unterrichts in praktisches Handeln umzusetzen und somit durch direkten Praxisbezug und Anerkennung im Schulbereich eine zus\u00e4tzliche Motivation f\u00fcr das Lernen zu schaffen, unter Aufsicht und Anleitung der Lehrkr\u00e4fte Erste Hilfe bei Sch\u00fclerunf\u00e4llen zu leisten. Zudem wird der Schulsanit\u00e4tsdienst als Teil der Gesundheitserziehung der Sch\u00fcler gesehen. Im Rahmen ihrer Ausbildung erwerben sie &#8211; zus\u00e4tzlich zum Unterricht &#8211; Wissen \u00fcber Anatomie und Physiologie des menschlichen K\u00f6rpers, aber auch \u00fcber die sch\u00e4dlichen Einfl\u00fcsse von \u00dcbergewicht, Rauchen, Drogen, etc.<\/p><p>\u00a0<\/p>\t\t\t\t\t\t\t\t<\/div>\n\t\t\t\t<\/div>\n\t\t\t\t\t<\/div>\n\t\t\t\t<\/div>\n\t\t<div class=\"elementor-element elementor-element-6cfe62d e-flex e-con-boxed e-con e-parent\" data-id=\"6cfe62d\" data-element_type=\"container\" data-e-type=\"container\">\n\t\t\t\t\t<div class=\"e-con-inner\">\n\t\t\t\t<div class=\"elementor-element elementor-element-14c13f0 elementor-widget elementor-widget-heading\" data-id=\"14c13f0\" data-element_type=\"widget\" data-e-type=\"widget\" data-widget_type=\"heading.default\">\n\t\t\t\t<div class=\"elementor-widget-container\">\n\t\t\t\t\t<h2 class=\"elementor-heading-title elementor-size-medium\">Streitschlichter <\/h2>\t\t\t\t<\/div>\n\t\t\t\t<\/div>\n\t\t\t\t\t<\/div>\n\t\t\t\t<\/div>\n\t\t<div class=\"elementor-element elementor-element-bff0a8a e-flex e-con-boxed e-con e-parent\" data-id=\"bff0a8a\" data-element_type=\"container\" data-e-type=\"container\">\n\t\t\t\t\t<div class=\"e-con-inner\">\n\t\t<div class=\"elementor-element elementor-element-cf249df e-con-full e-flex e-con e-child\" data-id=\"cf249df\" data-element_type=\"container\" data-e-type=\"container\">\n\t\t\t\t<div class=\"elementor-element elementor-element-a91904a elementor-widget elementor-widget-text-editor\" data-id=\"a91904a\" data-element_type=\"widget\" data-e-type=\"widget\" data-widget_type=\"text-editor.default\">\n\t\t\t\t<div class=\"elementor-widget-container\">\n\t\t\t\t\t\t\t\t\t<h4>Was sind die Aufgaben der Streitschlichter?<\/h4><p>An vielen Schulen in Deutschland gibt es sie inzwischen: Streitschlichter. Das sind Sch\u00fcler, die eingreifen, wenn ihre Mitsch\u00fcler sich in die Haare kriegen. Auch an der Schule am Schlossberg gibt es Sch\u00fclerinnen und Sch\u00fcler, die als ausgebildete Streitschlichter Mitsch\u00fclern bei Konflikten helfen.<\/p><p>Streitschlichter tragen viel Verantwortung. Deshalb werden sie richtig f\u00fcr ihren Job als Streitschlichter ausgebildet. Die Ausbildung wird von Lehrerin Sabine M\u00fcller und den Sozialp\u00e4dagoginnen Sophie Winkelmeier und Anna R\u00f6ckl-Lazaroo durchgef\u00fchrt. An einigen Nachmittagen treffen sich die angehenden Streitschlichter aus den 8. Klassen und 9. Klassen und lernen den Aufbau und die Grundregeln einer Schlichtung. Im Fr\u00fchjahr wurden zwei Tage gemeinsam in Regensburg verbracht, um zusammen die Theorie zu wiederholen und dann intensiv im Rollenspiel Schlichtungen zu \u00fcben. Am Ende erhalten alle Teilnehmer ihr \u201eStreitschlichterdiplom\u201c.<\/p><p><strong>Drei Regeln sind besonders wichtig f\u00fcr Streitschlichter:<\/strong><\/p><ol><li>Jeder l\u00e4sst jeden aussprechen, Schimpfw\u00f6rter sind verboten<\/li><li>Streitschlichter sind immer neutral, sie halten nicht zu einem der Streitenden.<\/li><li>Das Gespr\u00e4ch ist vertraulich, die Streitschlichter d\u00fcrfen niemandem etwas von der Schlichtung erz\u00e4hlen.<\/li><\/ol>\t\t\t\t\t\t\t\t<\/div>\n\t\t\t\t<\/div>\n\t\t\t\t<\/div>\n\t\t\t\t\t<\/div>\n\t\t\t\t<\/div>\n\t\t<div class=\"elementor-element elementor-element-870afa5 e-flex e-con-boxed e-con e-parent\" data-id=\"870afa5\" data-element_type=\"container\" data-e-type=\"container\">\n\t\t\t\t\t<div class=\"e-con-inner\">\n\t\t\t\t<div class=\"elementor-element elementor-element-310534f elementor-widget elementor-widget-heading\" data-id=\"310534f\" data-element_type=\"widget\" data-e-type=\"widget\" data-widget_type=\"heading.default\">\n\t\t\t\t<div class=\"elementor-widget-container\">\n\t\t\t\t\t<h2 class=\"elementor-heading-title elementor-size-medium\">Schulb\u00fccherEI<br><br><\/h2>\t\t\t\t<\/div>\n\t\t\t\t<\/div>\n\t\t\t\t<div class=\"elementor-element elementor-element-ddce44f elementor-widget__width-initial elementor-widget elementor-widget-text-editor\" data-id=\"ddce44f\" data-element_type=\"widget\" data-e-type=\"widget\" data-widget_type=\"text-editor.default\">\n\t\t\t\t<div class=\"elementor-widget-container\">\n\t\t\t\t\t\t\t\t\t<h4>\u00d6ffnungszeiten:<\/h4><p>Mittwoch: 08:15 bis 11:30 Uhr<\/p><p>Donnerstags: 08:15 bis 11:30 Uhr (vierzehnt\u00e4gig) <\/p><p><strong>und nach Absprache<\/strong><\/p><p>Wir freuen uns, dass Frau Binninger ehrenamtlich unsere Sch\u00fclerb\u00fccherei betreut.<\/p>\t\t\t\t\t\t\t\t<\/div>\n\t\t\t\t<\/div>\n\t\t\t\t\t<\/div>\n\t\t\t\t<\/div>\n\t\t<div class=\"elementor-element elementor-element-d5c3fa3 e-flex e-con-boxed e-con e-parent\" data-id=\"d5c3fa3\" data-element_type=\"container\" data-e-type=\"container\">\n\t\t\t\t\t<div class=\"e-con-inner\">\n\t\t\t\t<div class=\"elementor-element elementor-element-09fd8be elementor-widget elementor-widget-image\" data-id=\"09fd8be\" data-element_type=\"widget\" data-e-type=\"widget\" data-widget_type=\"image.default\">\n\t\t\t\t<div class=\"elementor-widget-container\">\n\t\t\t\t\t\t\t\t\t\t\t\t\t\t\t<img decoding=\"async\" src=\"https:\/\/mittelschule-regenstauf.de\/wp-content\/plugins\/elementor\/assets\/images\/placeholder.png\" title=\"\" alt=\"\" loading=\"lazy\" \/>\t\t\t\t\t\t\t\t\t\t\t\t\t\t\t<\/div>\n\t\t\t\t<\/div>\n\t\t\t\t\t<\/div>\n\t\t\t\t<\/div>\n\t\t\t\t<\/div>\n\t\t","protected":false},"excerpt":{"rendered":"<p>Schulprojekte Tutoren Sch\u00fcler helfen Sch\u00fclern! \u00c4u\u00dferst erfolgreich! So l\u00e4sst sich das diesj\u00e4hrige Tutorenprogramm beschreiben. Engagierte Sch\u00fclerinnen und Sch\u00fcler der 10. Jahrgangsstufe helfen Ihren Mitsch\u00fclerinnen und Mitsch\u00fclern der 9. Jahrgangsstufen bei den Hausaufgaben sowie bei der Vorbereitung auf den Qualifizierenden Abschluss der Mittelschule. Jeweils zwei Stunden in der Woche stehen die Tutoren den Lernenden zur Seite&hellip;&nbsp;<a href=\"https:\/\/mittelschule-regenstauf.de\/?page_id=431\" rel=\"bookmark\">Weiterlesen &raquo;<span class=\"screen-reader-text\">Projekte<\/span><\/a><\/p>\n","protected":false},"author":1,"featured_media":0,"parent":0,"menu_order":0,"comment_status":"closed","ping_status":"closed","template":"page-templates\/template-pagebuilder-full-width.php","meta":{"neve_meta_sidebar":"","neve_meta_container":"","neve_meta_enable_content_width":"off","neve_meta_content_width":100,"neve_meta_title_alignment":"","neve_meta_author_avatar":"","neve_post_elements_order":"","neve_meta_disable_header":"","neve_meta_disable_footer":"","neve_meta_disable_title":"","footnotes":""},"class_list":["post-431","page","type-page","status-publish","hentry"],"_links":{"self":[{"href":"https:\/\/mittelschule-regenstauf.de\/index.php?rest_route=\/wp\/v2\/pages\/431","targetHints":{"allow":["GET"]}}],"collection":[{"href":"https:\/\/mittelschule-regenstauf.de\/index.php?rest_route=\/wp\/v2\/pages"}],"about":[{"href":"https:\/\/mittelschule-regenstauf.de\/index.php?rest_route=\/wp\/v2\/types\/page"}],"author":[{"embeddable":true,"href":"https:\/\/mittelschule-regenstauf.de\/index.php?rest_route=\/wp\/v2\/users\/1"}],"replies":[{"embeddable":true,"href":"https:\/\/mittelschule-regenstauf.de\/index.php?rest_route=%2Fwp%2Fv2%2Fcomments&post=431"}],"version-history":[{"count":121,"href":"https:\/\/mittelschule-regenstauf.de\/index.php?rest_route=\/wp\/v2\/pages\/431\/revisions"}],"predecessor-version":[{"id":3609,"href":"https:\/\/mittelschule-regenstauf.de\/index.php?rest_route=\/wp\/v2\/pages\/431\/revisions\/3609"}],"wp:attachment":[{"href":"https:\/\/mittelschule-regenstauf.de\/index.php?rest_route=%2Fwp%2Fv2%2Fmedia&parent=431"}],"curies":[{"name":"wp","href":"https:\/\/api.w.org\/{rel}","templated":true}]}}