{"id":651,"date":"2023-10-16T08:39:35","date_gmt":"2023-10-16T08:39:35","guid":{"rendered":"https:\/\/wp.mittelschule-regenstauf.de\/?page_id=651"},"modified":"2024-01-14T10:31:37","modified_gmt":"2024-01-14T10:31:37","slug":"datenschutz-impressum","status":"publish","type":"page","link":"https:\/\/mittelschule-regenstauf.de\/?page_id=651","title":{"rendered":"Datenschutz"},"content":{"rendered":"\t\t<div data-elementor-type=\"wp-page\" data-elementor-id=\"651\" class=\"elementor elementor-651\">\n\t\t\t\t<div class=\"elementor-element elementor-element-f409b22 e-flex e-con-boxed e-con e-parent\" data-id=\"f409b22\" data-element_type=\"container\" data-e-type=\"container\">\n\t\t\t\t\t<div class=\"e-con-inner\">\n\t\t\t\t<div class=\"elementor-element elementor-element-986b9f4 elementor-widget elementor-widget-heading\" data-id=\"986b9f4\" data-element_type=\"widget\" data-e-type=\"widget\" data-widget_type=\"heading.default\">\n\t\t\t\t<div class=\"elementor-widget-container\">\n\t\t\t\t\t<h2 class=\"elementor-heading-title elementor-size-large\">Datenschutz <\/h2>\t\t\t\t<\/div>\n\t\t\t\t<\/div>\n\t\t\t\t\t<\/div>\n\t\t\t\t<\/div>\n\t\t<div class=\"elementor-element elementor-element-76d5743 e-flex e-con-boxed e-con e-parent\" data-id=\"76d5743\" data-element_type=\"container\" data-e-type=\"container\">\n\t\t\t\t\t<div class=\"e-con-inner\">\n\t\t\t\t<div class=\"elementor-element elementor-element-d004f67 elementor-widget-divider--view-line elementor-widget elementor-widget-divider\" data-id=\"d004f67\" data-element_type=\"widget\" data-e-type=\"widget\" data-widget_type=\"divider.default\">\n\t\t\t\t<div class=\"elementor-widget-container\">\n\t\t\t\t\t\t\t<div class=\"elementor-divider\">\n\t\t\t<span class=\"elementor-divider-separator\">\n\t\t\t\t\t\t<\/span>\n\t\t<\/div>\n\t\t\t\t\t\t<\/div>\n\t\t\t\t<\/div>\n\t\t\t\t\t<\/div>\n\t\t\t\t<\/div>\n\t\t<div class=\"elementor-element elementor-element-51874fe e-flex e-con-boxed e-con e-parent\" data-id=\"51874fe\" data-element_type=\"container\" data-e-type=\"container\">\n\t\t\t\t\t<div class=\"e-con-inner\">\n\t\t\t\t<div class=\"elementor-element elementor-element-d311472 elementor-widget elementor-widget-text-editor\" data-id=\"d311472\" data-element_type=\"widget\" data-e-type=\"widget\" data-widget_type=\"text-editor.default\">\n\t\t\t\t<div class=\"elementor-widget-container\">\n\t\t\t\t\t\t\t\t\t<p><strong>Datenschutzerkl\u00e4rung<\/strong><\/p><p>Die Nutzung unserer Webseite ist in der Regel ohne Angabe personenbezogener Daten m\u00f6glich. Soweit auf unseren Seiten personenbezogene Daten (beispielsweise Name, Anschrift oder E-Mail-Adressen) erhoben werden, erfolgt dies, stets auf freiwilliger Basis. (Beispiel: Nutzung des Kontaktformulars). Diese Daten werden ohne ihre ausdr\u00fcckliche Zustimmung nicht an Dritte weitergegeben.<\/p><p>Wir weisen darauf hin, dass die Daten\u00fcbertragung im Internet (z.B. bei der Kommunikation per E-Mail) Sicherheitsl\u00fccken aufweisen kann. Ein l\u00fcckenloser Schutz der Daten vor dem Zugriff durch Dritte ist nicht m\u00f6glich.<\/p><p><strong>Protokollierung<\/strong><br \/>In Verbindung mit Ihrem Zugriff auf unsere Webseite werden auf unserem Server f\u00fcr Zwecke der Datensicherheit vor\u00fcbergehend Daten gespeichert, die m\u00f6glicherweise eine Identifizierung zulassen (insbesondere die IP-Adresse, das Datum, die Uhrzeit, die aufgerufenen Seiten und durchgef\u00fchrten Aktionen, die zuvor aufgerufene Webseite, der verwendete Browser und das Betriebssystem). Eine Auswertung, mit Ausnahme f\u00fcr statistische Zwecke in anonymisierter Form, erfolgt nicht. Die protokollierten Daten werden f\u00fcr die Dauer von 7 Tagen gespeichert und dann gel\u00f6scht.<\/p><p><strong>Cookies<\/strong><br \/>Die Internetseiten verwenden teilweise so genannte Cookies. Cookies richten auf Ihrem Rechner keinen Schaden an und enthalten keine Viren. Cookies dienen dazu, unser Angebot nutzerfreundlicher, effektiver und sicherer zu machen. Cookies sind kleine Textdateien, die auf Ihrem Rechner abgelegt werden und die Ihr Browser speichert.<br \/>Die meisten der von uns verwendeten Cookies sind so genannte \u201eSession-Cookies\u201c. Sie werden nach Ende Ihres Besuchs automatisch gel\u00f6scht. Andere Cookies bleiben auf Ihrem Endger\u00e4t gespeichert, bis Sie diese l\u00f6schen. Diese Cookies erm\u00f6glichen es uns, Ihren Browser beim n\u00e4chsten Besuch wiederzuerkennen.<br \/>Sie k\u00f6nnen Ihren Browser so einstellen, dass Sie \u00fcber das Setzen von Cookies informiert werden und Cookies nur im Einzelfall erlauben, die Annahme von Cookies f\u00fcr bestimmte F\u00e4lle oder generell ausschlie\u00dfen sowie das automatische L\u00f6schen der Cookies beim Schlie\u00dfen des Browser aktivieren. Bei der Deaktivierung von Cookies kann die Funktionalit\u00e4t dieser Website eingeschr\u00e4nkt sein.<\/p><p><strong>Kontaktformular<\/strong><br \/>Wenn Sie uns per Kontaktformular Anfragen zukommen lassen, werden Ihre Angaben aus dem Anfrageformular inklusive der von Ihnen dort angegebenen Kontaktdaten zwecks Bearbeitung der Anfrage und f\u00fcr den Fall von Anschlussfragen bei uns gespeichert. Diese Daten geben wir nicht ohne Ihre Einwilligung weiter.<\/p><p><strong>Auskunft, L\u00f6schung und Sperrung<\/strong><br \/>Sie haben jederzeit das Recht auf unentgeltliche Auskunft \u00fcber Ihre gespeicherten personenbezogenen Daten, deren Herkunft und Empf\u00e4nger und den Zweck der Datenverarbeitung sowie ein Recht auf Berichtigung, Sperrung oder L\u00f6schung dieser Daten. Hierzu sowie zu weiteren Fragen zum Thema personenbezogene Daten k\u00f6nnen Sie sich jederzeit unter der im Impressum angegebenen Adresse an uns wenden.<\/p><p><strong>R\u00fcckfragen<\/strong><br \/>Bei R\u00fcckfragen zu dieser Datenschutzerkl\u00e4rung wenden Sie sich bitte an die im Impressum angegebene verantwortliche Person. Au\u00dferdem steht Ihnen der Landesbeauftragte f\u00fcr Datenschutz als Ansprechpartner zur Verf\u00fcgung:<br \/>Telefon: 089 212672-0<br \/>E-Mail: poststelle(at)datenschutz-bayern(dot)de<br \/>Internet:\u00a0<span style=\"color: #478097;\"><a style=\"color: #478097;\" href=\"http:\/\/www.datenschutz-bayern.de\/\">http:\/\/www.datenschutz-bayern.de<\/a><\/span><\/p><p><strong>Unseren Datenschutzbeauftragten Herrn Christian Me\u00dfmann erreichen Sie unter:<\/strong><br \/><span style=\"color: #478097;\">https:\/\/schulamt.schulen2.regensburg.de\/wordpress\/?page_id=73\u00a0<\/span><\/p><p><strong>Disclaimer<\/strong><\/p><p>Im Informationsangebot der Mittelschule\u00a0am Schlossberg Regenstauf befinden sich Querverweise (&#8222;Links&#8220;), die in dieser Weise gekennzeichnet sind:<br \/>externe Links:\u00a0<span style=\"color: #478097;\"><a style=\"color: #478097;\" href=\"http:\/\/www.datenschutz.de\/\">http:\/\/www.datenschutz.de<\/a><\/span>\u00a0(externer Link)<br \/>interne Links:\u00a0Datenschutzerkl\u00e4rung<\/p><p>Durch einen externen Link vermittelt die Mittelschule am Schlossberg Regenstauf den Zugang zur Nutzung dieser Inhalte (\u00a7 8 Telemediengesetz). F\u00fcr diese &#8222;fremden&#8220; Inhalte ist sie nicht verantwortlich, da sie die \u00dcbermittlung der Informationen nicht veranlasst, den Adressaten der \u00fcbermittelten Informationen nicht ausw\u00e4hlt und die \u00fcbermittelten Informationen auch nicht ausgew\u00e4hlt oder ver\u00e4ndert hat. Auch eine automatische kurzzeitige Zwischenspeicherung dieser &#8222;fremden&#8220; Informationen erfolgt wegen der gew\u00e4hlten Aufruf- und Verlinkungsmethodik durch die Mittelschule am Schlossberg Regenstauf nicht, so dass sich auch dadurch keine Verantwortlichkeit f\u00fcr diese fremden Inhalte ergibt.<\/p><p>Im \u00dcbrigen verweisen wir auf folgende Distanzierung (Disclaimer):<\/p><p><span style=\"color: #478097;\"><a style=\"color: #478097;\" href=\"http:\/\/www.disclaimer.de\/disclaimer.htm\">http:\/\/www.disclaimer.de\/disclaimer.htm<\/a><\/span><\/p>\t\t\t\t\t\t\t\t<\/div>\n\t\t\t\t<\/div>\n\t\t\t\t\t<\/div>\n\t\t\t\t<\/div>\n\t\t<div class=\"elementor-element elementor-element-50235f9 e-flex e-con-boxed e-con e-parent\" data-id=\"50235f9\" data-element_type=\"container\" data-e-type=\"container\">\n\t\t\t\t\t<div class=\"e-con-inner\">\n\t\t\t\t\t<\/div>\n\t\t\t\t<\/div>\n\t\t\t\t<\/div>\n\t\t","protected":false},"excerpt":{"rendered":"<p>Datenschutz Datenschutzerkl\u00e4rung Die Nutzung unserer Webseite ist in der Regel ohne Angabe personenbezogener Daten m\u00f6glich. Soweit auf unseren Seiten personenbezogene Daten (beispielsweise Name, Anschrift oder E-Mail-Adressen) erhoben werden, erfolgt dies, stets auf freiwilliger Basis. (Beispiel: Nutzung des Kontaktformulars). Diese Daten werden ohne ihre ausdr\u00fcckliche Zustimmung nicht an Dritte weitergegeben. Wir weisen darauf hin, dass die&hellip;&nbsp;<a href=\"https:\/\/mittelschule-regenstauf.de\/?page_id=651\" rel=\"bookmark\">Weiterlesen &raquo;<span class=\"screen-reader-text\">Datenschutz<\/span><\/a><\/p>\n","protected":false},"author":1,"featured_media":0,"parent":0,"menu_order":0,"comment_status":"closed","ping_status":"closed","template":"page-templates\/template-pagebuilder-full-width.php","meta":{"neve_meta_sidebar":"","neve_meta_container":"","neve_meta_enable_content_width":"off","neve_meta_content_width":100,"neve_meta_title_alignment":"","neve_meta_author_avatar":"","neve_post_elements_order":"","neve_meta_disable_header":"","neve_meta_disable_footer":"","neve_meta_disable_title":"","footnotes":""},"class_list":["post-651","page","type-page","status-publish","hentry"],"_links":{"self":[{"href":"https:\/\/mittelschule-regenstauf.de\/index.php?rest_route=\/wp\/v2\/pages\/651","targetHints":{"allow":["GET"]}}],"collection":[{"href":"https:\/\/mittelschule-regenstauf.de\/index.php?rest_route=\/wp\/v2\/pages"}],"about":[{"href":"https:\/\/mittelschule-regenstauf.de\/index.php?rest_route=\/wp\/v2\/types\/page"}],"author":[{"embeddable":true,"href":"https:\/\/mittelschule-regenstauf.de\/index.php?rest_route=\/wp\/v2\/users\/1"}],"replies":[{"embeddable":true,"href":"https:\/\/mittelschule-regenstauf.de\/index.php?rest_route=%2Fwp%2Fv2%2Fcomments&post=651"}],"version-history":[{"count":17,"href":"https:\/\/mittelschule-regenstauf.de\/index.php?rest_route=\/wp\/v2\/pages\/651\/revisions"}],"predecessor-version":[{"id":2346,"href":"https:\/\/mittelschule-regenstauf.de\/index.php?rest_route=\/wp\/v2\/pages\/651\/revisions\/2346"}],"wp:attachment":[{"href":"https:\/\/mittelschule-regenstauf.de\/index.php?rest_route=%2Fwp%2Fv2%2Fmedia&parent=651"}],"curies":[{"name":"wp","href":"https:\/\/api.w.org\/{rel}","templated":true}]}}