{"id":992,"date":"2023-10-20T10:10:50","date_gmt":"2023-10-20T10:10:50","guid":{"rendered":"https:\/\/wp.mittelschule-regenstauf.de\/?page_id=992"},"modified":"2026-03-04T19:44:12","modified_gmt":"2026-03-04T19:44:12","slug":"beratung-3","status":"publish","type":"page","link":"https:\/\/mittelschule-regenstauf.de\/?page_id=992","title":{"rendered":"Beratung"},"content":{"rendered":"\t\t<div data-elementor-type=\"wp-page\" data-elementor-id=\"992\" class=\"elementor elementor-992\">\n\t\t\t\t<div class=\"elementor-element elementor-element-a3b0908 e-flex e-con-boxed e-con e-parent\" data-id=\"a3b0908\" data-element_type=\"container\" data-e-type=\"container\">\n\t\t\t\t\t<div class=\"e-con-inner\">\n\t\t\t\t<div class=\"elementor-element elementor-element-f27ac59 elementor-widget elementor-widget-heading\" data-id=\"f27ac59\" data-element_type=\"widget\" data-e-type=\"widget\" data-widget_type=\"heading.default\">\n\t\t\t\t<div class=\"elementor-widget-container\">\n\t\t\t\t\t<h2 class=\"elementor-heading-title elementor-size-large\">Beratung<\/h2>\t\t\t\t<\/div>\n\t\t\t\t<\/div>\n\t\t\t\t\t<\/div>\n\t\t\t\t<\/div>\n\t\t<div class=\"elementor-element elementor-element-213fc34 e-flex e-con-boxed e-con e-parent\" data-id=\"213fc34\" data-element_type=\"container\" data-e-type=\"container\">\n\t\t\t\t\t<div class=\"e-con-inner\">\n\t\t\t\t<div class=\"elementor-element elementor-element-89a16fc elementor-widget-divider--view-line elementor-widget elementor-widget-divider\" data-id=\"89a16fc\" data-element_type=\"widget\" data-e-type=\"widget\" data-widget_type=\"divider.default\">\n\t\t\t\t<div class=\"elementor-widget-container\">\n\t\t\t\t\t\t\t<div class=\"elementor-divider\">\n\t\t\t<span class=\"elementor-divider-separator\">\n\t\t\t\t\t\t<\/span>\n\t\t<\/div>\n\t\t\t\t\t\t<\/div>\n\t\t\t\t<\/div>\n\t\t\t\t\t<\/div>\n\t\t\t\t<\/div>\n\t\t<div class=\"elementor-element elementor-element-ab632ef e-flex e-con-boxed e-con e-parent\" data-id=\"ab632ef\" data-element_type=\"container\" data-e-type=\"container\">\n\t\t\t\t\t<div class=\"e-con-inner\">\n\t\t<div class=\"elementor-element elementor-element-18cebd2 e-con-full e-flex e-con e-child\" data-id=\"18cebd2\" data-element_type=\"container\" data-e-type=\"container\">\n\t\t\t\t<div class=\"elementor-element elementor-element-408fb0f elementor-widget__width-initial elementor-widget elementor-widget-image\" data-id=\"408fb0f\" data-element_type=\"widget\" data-e-type=\"widget\" data-widget_type=\"image.default\">\n\t\t\t\t<div class=\"elementor-widget-container\">\n\t\t\t\t\t\t\t\t\t\t\t\t<figure class=\"wp-caption\">\n\t\t\t\t\t\t\t\t\t\t<img decoding=\"async\" width=\"143\" height=\"190\" src=\"https:\/\/mittelschule-regenstauf.de\/wp-content\/uploads\/2023\/10\/Schulpsychologie.jpg\" class=\"attachment-medium size-medium wp-image-1007\" alt=\"\" \/>\t\t\t\t\t\t\t\t\t\t\t<figcaption class=\"widget-image-caption wp-caption-text\">Barbara Gierth, Staatliche Schulpsychologin<\/figcaption>\n\t\t\t\t\t\t\t\t\t\t<\/figure>\n\t\t\t\t\t\t\t\t\t<\/div>\n\t\t\t\t<\/div>\n\t\t\t\t<\/div>\n\t\t<div class=\"elementor-element elementor-element-228fef2 e-con-full e-flex e-con e-child\" data-id=\"228fef2\" data-element_type=\"container\" data-e-type=\"container\">\n\t\t\t\t<div class=\"elementor-element elementor-element-566ce81 elementor-widget__width-initial elementor-widget elementor-widget-text-editor\" data-id=\"566ce81\" data-element_type=\"widget\" data-e-type=\"widget\" data-widget_type=\"text-editor.default\">\n\t\t\t\t<div class=\"elementor-widget-container\">\n\t\t\t\t\t\t\t\t\t<p>Mittelschule am Schlossberg\u00a0<br \/>Hauzensteiner Str. 52<br \/>93128 Regenstauf<\/p><p>Telefonsprechstunde:<br \/>Mittwoch: 08:45 &#8211; 09:30 Uhr<\/p><p>Tel.: 09402 94810-15<br \/>Fax: 09402 94810-390<br \/>E-Mail:\u00a0<a href=\"schulpsychologie@mittelschule-regenstauf.de\" target=\"_blank\" rel=\"noopener\">schulpsychologie@mittelschule-regenstauf.de<\/a><\/p><p style=\"text-align: left;\">Informationen &amp; Formulare f\u00fcr Eltern:\u00a0 \u00a0\u00a0 \u00a0\u00a0 \u00a0\u00a0 \u00a0\u00a0 \u00a0\u00a0 \u00a0\u00a0 \u00a0\u00a0 \u00a0\u00a0 \u00a0\u00a0 \u00a0\u00a0 \u00a0\u00a0 \u00a0\u00a0 <a href=\"https:\/\/mz-regensburg.taskcards.app\/#\/board\/4d8d79c1-d3bd-4d5a-a2d0-7ec6854e1115\/view\">https:\/\/mz-regensburg.taskcards.app\/#\/board\/4d8d79c1-d3bd-4d5a-a2d0-7ec6854e1115\/view<\/a><\/p>\t\t\t\t\t\t\t\t<\/div>\n\t\t\t\t<\/div>\n\t\t\t\t<\/div>\n\t\t\t\t\t<\/div>\n\t\t\t\t<\/div>\n\t\t<div class=\"elementor-element elementor-element-d9839a2 e-flex e-con-boxed e-con e-parent\" data-id=\"d9839a2\" data-element_type=\"container\" data-e-type=\"container\">\n\t\t\t\t\t<div class=\"e-con-inner\">\n\t\t\t\t<div class=\"elementor-element elementor-element-d1abaaf elementor-widget elementor-widget-text-editor\" data-id=\"d1abaaf\" data-element_type=\"widget\" data-e-type=\"widget\" data-widget_type=\"text-editor.default\">\n\t\t\t\t<div class=\"elementor-widget-container\">\n\t\t\t\t\t\t\t\t\t<h4><strong>Die zentrale Schulberatung f\u00fcr die Oberpfalz:<\/strong><\/h4><p>Weinweg 2<br \/>93049 Regensburg<br \/>Telefon: 0941 59853-30<br \/>E-Mail: <a href=\"mailto:info@sbopf.de\">info@sbopf.de<\/a><br \/>Internet:\u00a0<a href=\"https:\/\/www.schulberatung-bayern.de\/\" target=\"_blank\" rel=\"noopener\">www.schulberatung-bayern.de<\/a><\/p><h4><strong>Aufgabenbereiche der Schulpsychologen<\/strong><\/h4><p>Schulpsychologische Ma\u00dfnahmen dienen in erster Linie der Problemkl\u00e4rung (Diagnose), Beratung und Betreuung. Sie sind Teil der Schulberatung in Bayern und dienen dem schulischen Bildungs- und Erziehungsauftrag.<\/p><p>Schulpsychologinnen und Schulpsychologen unterst\u00fctzen das Zusammenleben und die Zusammenarbeit in der Schule durch psychologische Erkenntnisse und Methoden. Sie beraten und helfen bei\u00a0<strong>Lern- und Lehrproblemen<\/strong>, wirken mit bei der\u00a0<strong>Fortbildung von Lehrern und Schulleitern<\/strong>\u00a0und unterst\u00fctzen die<strong>\u00a0Weiterentwicklung der Schul<\/strong><b>e<\/b>. Neben der\u00a0<strong>Beratung und Hilfe bei akuten und schwierigen Problemen<\/strong>\u00a0bem\u00fchen sich die Schulpsychologen\/innen auch um vorbeugende Ma\u00dfnahmen sowie um die\u00a0<strong>Verbesserung des Schulklimas und der gesamten Arbeit in der Schule (Pr\u00e4vention).<\/strong><\/p><p>Die etwa 500 Schulpsychologen\/innen in Bayern haben eine\u00a0<strong>Doppelqualifikation als Psychologen und Lehrer<\/strong>. Sie sind\u00a0<strong>f\u00fcr bestimmte Schularten spezialisiert<\/strong>\u00a0und mit der Schulpraxis aus der Lehrerperspektive gut vertraut, kennen aber gleichzeitig auch die Anliegen sowohl der Sch\u00fcler als auch der Eltern.<br \/>Schulpsychologen\/innen sind Teil der Schule und verf\u00fcgen \u00fcber gute pers\u00f6nliche Kontakte zum Kollegium, zur Schulleitung und Schulverwaltung. Sie sind\u00a0<strong>in besonderer Weise zur Verschwiegenheit verpflichtet<\/strong>\u00a0und deshalb unabh\u00e4ngige und verl\u00e4ssliche Partner der von ihnen betreuten Personen.<\/p><h4>Schulpsychologen arbeiten&#8230;<\/h4><p><strong>mit einzelnen Klienten:<\/strong><\/p><ul><li>Beratung bei Lern- und Leistungsst\u00f6rungen (z. B. Teilleistungsst\u00f6rungen, Motivationsprobleme, Arbeitsverhalten)<\/li><li>spezielle Schullaufbahnentscheidungen (z. B. besondere F\u00f6rderbed\u00fcrfnisse oder Begabungen)<\/li><li>bei akuten Krisen (z. B. pl\u00f6tzlicher Leistungsabfall oder Schulverweigerung, Selbstaggression)<\/li><li>Unterst\u00fctzung des Lehrers (z. B. bei Disziplinproblemen, Konflikten mit Eltern)<\/li><\/ul><div>\u00a0<\/div><p><strong>mit Gruppen:<\/strong><\/p><ul><li>Gespr\u00e4chskreise und Arbeitsgruppen mit Sch\u00fclern, Klassen und\/oder Eltern (z. B. Lernen lernen, Entwicklungskonflikte, soziale Spannungen in der Klasse)<\/li><li>Fortbildung und Supervision f\u00fcr Lehrerinnen und Lehrer (z. B. zur Zusammenarbeit im Kollegium, zur Unterst\u00fctzung der Professionalit\u00e4t)<\/li><\/ul><div>\u00a0<\/div><p><strong>im System Schule:<\/strong><\/p><ul><li>Mitwirkung bei p\u00e4dagogischen Konferenzen (z. B. zu den Themen Schulklima, Gewalt an Schulen, Leistungsbewertung)<\/li><li>Beratung von Schulleitung und Schulverwaltung (z. B. Personalf\u00fchrung, Konferenzgestaltung)<\/li><li>Mitwirkung bei Schulversuchen, Koordinationsaufgaben und Schulentwicklung<\/li><li>Schulpsychologen kooperieren mit und schaffen<strong>\u00a0Kontakte zu weiteren Fachleuten (z.B. Therapeuten).\u00a0<\/strong><\/li><\/ul>\t\t\t\t\t\t\t\t<\/div>\n\t\t\t\t<\/div>\n\t\t\t\t\t<\/div>\n\t\t\t\t<\/div>\n\t\t<div class=\"elementor-element elementor-element-74a1656 e-flex e-con-boxed e-con e-parent\" data-id=\"74a1656\" data-element_type=\"container\" data-e-type=\"container\">\n\t\t\t\t\t<div class=\"e-con-inner\">\n\t\t\t\t<div class=\"elementor-element elementor-element-4f91947 elementor-widget elementor-widget-heading\" data-id=\"4f91947\" data-element_type=\"widget\" data-e-type=\"widget\" data-widget_type=\"heading.default\">\n\t\t\t\t<div class=\"elementor-widget-container\">\n\t\t\t\t\t<h2 class=\"elementor-heading-title elementor-size-medium\">Schulberatung <\/h2>\t\t\t\t<\/div>\n\t\t\t\t<\/div>\n\t\t\t\t\t<\/div>\n\t\t\t\t<\/div>\n\t\t<div class=\"elementor-element elementor-element-0e7cfef e-flex e-con-boxed e-con e-parent\" data-id=\"0e7cfef\" data-element_type=\"container\" data-e-type=\"container\">\n\t\t\t\t\t<div class=\"e-con-inner\">\n\t\t<div class=\"elementor-element elementor-element-d5c5c02 e-con-full e-flex e-con e-child\" data-id=\"d5c5c02\" data-element_type=\"container\" data-e-type=\"container\">\n\t\t\t\t<div class=\"elementor-element elementor-element-66bb2f3 elementor-widget__width-initial elementor-widget elementor-widget-image\" data-id=\"66bb2f3\" data-element_type=\"widget\" data-e-type=\"widget\" data-widget_type=\"image.default\">\n\t\t\t\t<div class=\"elementor-widget-container\">\n\t\t\t\t\t\t\t\t\t\t\t\t\t\t\t<img fetchpriority=\"high\" decoding=\"async\" width=\"801\" height=\"256\" src=\"https:\/\/mittelschule-regenstauf.de\/wp-content\/uploads\/2024\/09\/logo-Schulberatung-NEU.jpg\" class=\"attachment-large size-large wp-image-3120\" alt=\"\" srcset=\"https:\/\/mittelschule-regenstauf.de\/wp-content\/uploads\/2024\/09\/logo-Schulberatung-NEU.jpg 801w, https:\/\/mittelschule-regenstauf.de\/wp-content\/uploads\/2024\/09\/logo-Schulberatung-NEU-300x96.jpg 300w, https:\/\/mittelschule-regenstauf.de\/wp-content\/uploads\/2024\/09\/logo-Schulberatung-NEU-768x245.jpg 768w\" sizes=\"(max-width: 801px) 100vw, 801px\" \/>\t\t\t\t\t\t\t\t\t\t\t\t\t\t\t<\/div>\n\t\t\t\t<\/div>\n\t\t\t\t<\/div>\n\t\t<div class=\"elementor-element elementor-element-93938fc e-flex e-con-boxed e-con e-child\" data-id=\"93938fc\" data-element_type=\"container\" data-e-type=\"container\">\n\t\t\t\t\t<div class=\"e-con-inner\">\n\t\t\t\t<div class=\"elementor-element elementor-element-74e936b elementor-widget elementor-widget-text-editor\" data-id=\"74e936b\" data-element_type=\"widget\" data-e-type=\"widget\" data-widget_type=\"text-editor.default\">\n\t\t\t\t<div class=\"elementor-widget-container\">\n\t\t\t\t\t\t\t\t\t<p><strong>Beratungslehrkraft:<\/strong>\u00a0Sandra Fisch<br \/>(Willi-Ulfig-Mittelschule Regensburg)<\/p><p><strong>Telefon:<\/strong> 0941 507-2043<\/p><p><strong>E-Mail<\/strong>: <a href=\"fisch.schulberatung@gmail.com\" target=\"_blank\" rel=\"noopener\">sandra.fisch@schule.bayern.de<\/a><\/p>\t\t\t\t\t\t\t\t<\/div>\n\t\t\t\t<\/div>\n\t\t\t\t\t<\/div>\n\t\t\t\t<\/div>\n\t\t\t\t\t<\/div>\n\t\t\t\t<\/div>\n\t\t<div class=\"elementor-element elementor-element-60bc04e e-flex e-con-boxed e-con e-parent\" data-id=\"60bc04e\" data-element_type=\"container\" data-e-type=\"container\">\n\t\t\t\t\t<div class=\"e-con-inner\">\n\t\t\t\t<div class=\"elementor-element elementor-element-56e2233 elementor-widget elementor-widget-text-editor\" data-id=\"56e2233\" data-element_type=\"widget\" data-e-type=\"widget\" data-widget_type=\"text-editor.default\">\n\t\t\t\t<div class=\"elementor-widget-container\">\n\t\t\t\t\t\t\t\t\t<p><b>Beratungsfachkr\u00e4fte <\/b>f\u00fcr die Grund- und Hauptschulen bieten Unterst\u00fctzung bei der Kl\u00e4rung der Hintergr\u00fcnde und Bedingungen schulischer Leistungen.<br \/>Die M\u00f6glichkeiten der pers\u00f6nlichen Entwicklung von Sch\u00fclerinnen und Sch\u00fclern stellen ein zentrales Thema der Schulberatung dar.<\/p><p>Schulberatung ist freiwillig, kostenlos und unterliegt der Verschwiegenheit.<\/p><h4>\u00a0<strong>Schwerpunkte der Schulberatung:<\/strong><\/h4><p>\u00a0\u25ba\u00a0\u00a0\u00a0\u00a0\u00a0\u00a0\u00a0 Beratung bei Fragen zur Schullaufbahn<br \/>\u00a0\u25ba\u00a0\u00a0\u00a0\u00a0\u00a0\u00a0\u00a0 Beratung bei Fragen der beruflichen Orientierung<br \/>\u00a0\u25ba\u00a0\u00a0\u00a0\u00a0\u00a0\u00a0\u00a0 Beratung bei Lern- und Leistungsschwierigkeiten<br \/>\u00a0\u25ba\u00a0\u00a0\u00a0\u00a0\u00a0\u00a0\u00a0 Beratung bei Verhaltensproblemen<br \/>\u00a0\u25ba\u00a0\u00a0\u00a0\u00a0\u00a0\u00a0\u00a0 Beratung bei Fragen zu besonderen Begabungen<br \/>\u00a0\u25ba\u00a0\u00a0\u00a0\u00a0\u00a0\u00a0\u00a0 Vermittlung bei Konflikten<br \/>\u00a0\u25ba\u00a0\u00a0\u00a0\u00a0\u00a0\u00a0\u00a0 Krisenintervention im schulischen Bereich<br \/>\u00a0\u25ba\u00a0\u00a0\u00a0\u00a0\u00a0\u00a0\u00a0 Unterst\u00fctzung von Schulentwicklung<br \/>\u00a0\u25ba\u00a0\u00a0\u00a0\u00a0\u00a0\u00a0\u00a0 Zusammenarbeit mit anderen Beratungseinrichtungen<br \/>\u00a0\u25ba\u00a0\u00a0\u00a0\u00a0\u00a0\u00a0\u00a0 Mitwirkung bei Fortbildungen im schulischen Bereich<\/p>\t\t\t\t\t\t\t\t<\/div>\n\t\t\t\t<\/div>\n\t\t\t\t\t<\/div>\n\t\t\t\t<\/div>\n\t\t\t\t<\/div>\n\t\t","protected":false},"excerpt":{"rendered":"<p>Beratung Barbara Gierth, Staatliche Schulpsychologin Mittelschule am Schlossberg\u00a0Hauzensteiner Str. 5293128 Regenstauf Telefonsprechstunde:Mittwoch: 08:45 &#8211; 09:30 Uhr Tel.: 09402 94810-15Fax: 09402 94810-390E-Mail:\u00a0schulpsychologie@mittelschule-regenstauf.de Informationen &amp; Formulare f\u00fcr Eltern:\u00a0 \u00a0\u00a0 \u00a0\u00a0 \u00a0\u00a0 \u00a0\u00a0 \u00a0\u00a0 \u00a0\u00a0 \u00a0\u00a0 \u00a0\u00a0 \u00a0\u00a0 \u00a0\u00a0 \u00a0\u00a0 \u00a0\u00a0 https:\/\/mz-regensburg.taskcards.app\/#\/board\/4d8d79c1-d3bd-4d5a-a2d0-7ec6854e1115\/view Die zentrale Schulberatung f\u00fcr die Oberpfalz: Weinweg 293049 RegensburgTelefon: 0941 59853-30E-Mail: info@sbopf.deInternet:\u00a0www.schulberatung-bayern.de Aufgabenbereiche der Schulpsychologen Schulpsychologische&hellip;&nbsp;<a href=\"https:\/\/mittelschule-regenstauf.de\/?page_id=992\" rel=\"bookmark\">Weiterlesen &raquo;<span class=\"screen-reader-text\">Beratung<\/span><\/a><\/p>\n","protected":false},"author":1,"featured_media":0,"parent":0,"menu_order":0,"comment_status":"closed","ping_status":"closed","template":"page-templates\/template-pagebuilder-full-width.php","meta":{"neve_meta_sidebar":"","neve_meta_container":"","neve_meta_enable_content_width":"off","neve_meta_content_width":100,"neve_meta_title_alignment":"","neve_meta_author_avatar":"","neve_post_elements_order":"","neve_meta_disable_header":"","neve_meta_disable_footer":"","neve_meta_disable_title":"","footnotes":""},"class_list":["post-992","page","type-page","status-publish","hentry"],"_links":{"self":[{"href":"https:\/\/mittelschule-regenstauf.de\/index.php?rest_route=\/wp\/v2\/pages\/992","targetHints":{"allow":["GET"]}}],"collection":[{"href":"https:\/\/mittelschule-regenstauf.de\/index.php?rest_route=\/wp\/v2\/pages"}],"about":[{"href":"https:\/\/mittelschule-regenstauf.de\/index.php?rest_route=\/wp\/v2\/types\/page"}],"author":[{"embeddable":true,"href":"https:\/\/mittelschule-regenstauf.de\/index.php?rest_route=\/wp\/v2\/users\/1"}],"replies":[{"embeddable":true,"href":"https:\/\/mittelschule-regenstauf.de\/index.php?rest_route=%2Fwp%2Fv2%2Fcomments&post=992"}],"version-history":[{"count":158,"href":"https:\/\/mittelschule-regenstauf.de\/index.php?rest_route=\/wp\/v2\/pages\/992\/revisions"}],"predecessor-version":[{"id":3603,"href":"https:\/\/mittelschule-regenstauf.de\/index.php?rest_route=\/wp\/v2\/pages\/992\/revisions\/3603"}],"wp:attachment":[{"href":"https:\/\/mittelschule-regenstauf.de\/index.php?rest_route=%2Fwp%2Fv2%2Fmedia&parent=992"}],"curies":[{"name":"wp","href":"https:\/\/api.w.org\/{rel}","templated":true}]}}